{"id":98729,"date":"2025-09-11T13:27:07","date_gmt":"2025-09-11T11:27:07","guid":{"rendered":"https:\/\/assofide.onyx.casasoft.ch\/venditore-immobiliare\/"},"modified":"2025-10-13T14:49:07","modified_gmt":"2025-10-13T12:49:07","slug":"agent-immobilier","status":"publish","type":"page","link":"https:\/\/www.assofide.ch\/fr\/agent-immobilier\/","title":{"rendered":"Agent immobilier"},"content":{"rendered":"\n<div class=\"wp-block-casasoft-blocks-container spacer-top-large spacer-bottom-large bg-white\"><div class=\"container\">\n<div class=\"wp-block-columns is-layout-flex wp-container-core-columns-is-layout-28f84493 wp-block-columns-is-layout-flex\">\n<div class=\"wp-block-column is-layout-flow wp-block-column-is-layout-flow\" style=\"flex-basis:66.66%\">\n<div class=\"wp-block-casasoft-blocks-heading cs-heading\"><h1 class=\"\">Conseillers en courtage immobilier (h\/f)<\/h1><\/div>\n\n\n\n<p class=\"wp-block-casasoft-blocks-text text-small\">Un emploi autonome et stimulant, au sein d&rsquo;une entreprise solide et bien \u00e9tablie.<br><br><strong><strong>FONCTION<\/strong><\/strong><\/p>\n\n\n\n<ul class=\"wp-block-list\">\n<li>Acquisition de mandats de vente<\/li>\n\n\n\n<li>Analyse de la valeur immobili\u00e8re pour la m\u00e9diation de maisons et d&rsquo;appartements<\/li>\n\n\n\n<li>Recherche de terrains pour le d\u00e9veloppement de projets immobiliers et la vente<\/li>\n<\/ul>\n\n\n\n<p class=\"wp-block-casasoft-blocks-text text-small\"><strong>EXIGENCES<\/strong><\/p>\n\n\n\n<ul class=\"wp-block-list\">\n<li>Excellente ma\u00eetrise de l&rsquo;italien et de l&rsquo;allemand \u00e0 l&rsquo;oral et \u00e0 l&rsquo;\u00e9crit.<\/li>\n\n\n\n<li>Connaissances en anglais et en fran\u00e7ais.<\/li>\n\n\n\n<li>Exp\u00e9rience et excellentes comp\u00e9tences dans la vente et la m\u00e9diation immobili\u00e8re. Ou bien :<\/li>\n\n\n\n<li>Exp\u00e9rience dans le conseil\/la vente de produits d&rsquo;assurance ou bancaires.<\/li>\n\n\n\n<li>Bonne connaissance du territoire local.<\/li>\n\n\n\n<li>Bonnes capacit\u00e9s d&rsquo;organisation et de gestion.<\/li>\n\n\n\n<li>Capacit\u00e9 \u00e0 travailler de mani\u00e8re autonome, mais aussi en \u00e9quipe.<\/li>\n\n\n\n<li>Ma\u00eetrise des outils informatiques et des technologies de t\u00e9l\u00e9communication<\/li>\n\n\n\n<li>Permis de conduire et v\u00e9hicule personnel<\/li>\n\n\n\n<li>\u00c2ge id\u00e9al : 25\/45 ans<\/li>\n<\/ul>\n\n\n\n<p class=\"wp-block-casasoft-blocks-text text-small\"><strong><strong>AVANTAGES<\/strong><\/strong><\/p>\n\n\n\n<ul class=\"wp-block-list\">\n<li>Remboursement des frais d&rsquo;essence + t\u00e9l\u00e9phone portable + garage 7 jours sur 7 dans le centre de Locarno.<\/li>\n\n\n\n<li>R\u00e9mun\u00e9ration fixe + partie variable en fonction du chiffre d&rsquo;affaires pour vous permettre de b\u00e9n\u00e9ficier directement de votre succ\u00e8s.<\/li>\n\n\n\n<li>Autonomie dans l&rsquo;organisation des rendez-vous.<\/li>\n\n\n\n<li>Excellente caisse de pension.<\/li>\n<\/ul>\n\n\n\n<p class=\"wp-block-casasoft-blocks-text text-small\"><strong><em>Avons-nous \u00e9veill\u00e9 votre int\u00e9r\u00eat ?<\/em><\/strong><br><br>Envoyez votre candidature accompagn\u00e9e d&rsquo;une br\u00e8ve lettre de motivation avec pour objet <strong>\u00ab Conseiller en interm\u00e9diation immobili\u00e8re \u00bb<\/strong>, d&rsquo;une <strong>photo<\/strong>, d&rsquo;un curriculum vitae et de vos dipl\u00f4mes \u00e0 :<br><br><strong>ASSOFIDE SA,<\/strong><br>Direction, Case postale 144, 6601 Locarno.<\/p>\n<\/div>\n<\/div>\n<\/div><\/div>\n","protected":false},"excerpt":{"rendered":"","protected":false},"author":1,"featured_media":0,"parent":0,"menu_order":0,"comment_status":"closed","ping_status":"closed","template":"","meta":{"_acf_changed":false,"inline_featured_image":false,"footnotes":""},"class_list":["post-98729","page","type-page","status-publish","hentry"],"acf":[],"yoast_head":"<!-- This site is optimized with the Yoast SEO plugin v27.5 - https:\/\/yoast.com\/product\/yoast-seo-wordpress\/ -->\n<title>Agent immobilier - Assofide SA<\/title>\n<meta name=\"robots\" content=\"index, follow, max-snippet:-1, max-image-preview:large, max-video-preview:-1\" \/>\n<link rel=\"canonical\" href=\"https:\/\/www.assofide.ch\/fr\/agent-immobilier\/\" \/>\n<meta property=\"og:locale\" content=\"fr_FR\" \/>\n<meta property=\"og:type\" content=\"article\" \/>\n<meta property=\"og:title\" content=\"Agent immobilier - Assofide SA\" \/>\n<meta property=\"og:url\" content=\"https:\/\/www.assofide.ch\/fr\/agent-immobilier\/\" \/>\n<meta property=\"og:site_name\" content=\"Assofide SA\" \/>\n<meta property=\"article:modified_time\" content=\"2025-10-13T12:49:07+00:00\" \/>\n<meta property=\"og:image\" content=\"https:\/\/www.assofide.ch\/wp-content\/uploads\/sites\/5\/2025\/12\/assofide_logo.svg\" \/>\n<meta name=\"twitter:card\" content=\"summary_large_image\" \/>\n<meta name=\"twitter:label1\" content=\"Dur\u00e9e de lecture estim\u00e9e\" \/>\n\t<meta name=\"twitter:data1\" content=\"1 minute\" \/>\n<script type=\"application\/ld+json\" class=\"yoast-schema-graph\">{\"@context\":\"https:\\\/\\\/schema.org\",\"@graph\":[{\"@type\":\"WebPage\",\"@id\":\"https:\\\/\\\/www.assofide.ch\\\/fr\\\/agent-immobilier\\\/\",\"url\":\"https:\\\/\\\/www.assofide.ch\\\/fr\\\/agent-immobilier\\\/\",\"name\":\"Agent immobilier - Assofide SA\",\"isPartOf\":{\"@id\":\"https:\\\/\\\/www.assofide.ch\\\/fr\\\/#website\"},\"datePublished\":\"2025-09-11T11:27:07+00:00\",\"dateModified\":\"2025-10-13T12:49:07+00:00\",\"breadcrumb\":{\"@id\":\"https:\\\/\\\/www.assofide.ch\\\/fr\\\/agent-immobilier\\\/#breadcrumb\"},\"inLanguage\":\"fr-FR\",\"potentialAction\":[{\"@type\":\"ReadAction\",\"target\":[\"https:\\\/\\\/www.assofide.ch\\\/fr\\\/agent-immobilier\\\/\"]}]},{\"@type\":\"BreadcrumbList\",\"@id\":\"https:\\\/\\\/www.assofide.ch\\\/fr\\\/agent-immobilier\\\/#breadcrumb\",\"itemListElement\":[{\"@type\":\"ListItem\",\"position\":1,\"name\":\"Home\",\"item\":\"https:\\\/\\\/www.assofide.ch\\\/fr\\\/\"},{\"@type\":\"ListItem\",\"position\":2,\"name\":\"Agent immobilier\"}]},{\"@type\":\"WebSite\",\"@id\":\"https:\\\/\\\/www.assofide.ch\\\/fr\\\/#website\",\"url\":\"https:\\\/\\\/www.assofide.ch\\\/fr\\\/\",\"name\":\"Assofide SA\",\"description\":\"\",\"publisher\":{\"@id\":\"https:\\\/\\\/www.assofide.ch\\\/fr\\\/#organization\"},\"potentialAction\":[{\"@type\":\"SearchAction\",\"target\":{\"@type\":\"EntryPoint\",\"urlTemplate\":\"https:\\\/\\\/www.assofide.ch\\\/fr\\\/?s={search_term_string}\"},\"query-input\":{\"@type\":\"PropertyValueSpecification\",\"valueRequired\":true,\"valueName\":\"search_term_string\"}}],\"inLanguage\":\"fr-FR\"},{\"@type\":\"Organization\",\"@id\":\"https:\\\/\\\/www.assofide.ch\\\/fr\\\/#organization\",\"name\":\"Assofide SA\",\"url\":\"https:\\\/\\\/www.assofide.ch\\\/fr\\\/\",\"logo\":{\"@type\":\"ImageObject\",\"inLanguage\":\"fr-FR\",\"@id\":\"https:\\\/\\\/www.assofide.ch\\\/fr\\\/#\\\/schema\\\/logo\\\/image\\\/\",\"url\":\"https:\\\/\\\/www.assofide.ch\\\/wp-content\\\/uploads\\\/sites\\\/5\\\/2025\\\/12\\\/assofide_logo.svg\",\"contentUrl\":\"https:\\\/\\\/www.assofide.ch\\\/wp-content\\\/uploads\\\/sites\\\/5\\\/2025\\\/12\\\/assofide_logo.svg\",\"width\":600,\"height\":666,\"caption\":\"Assofide SA\"},\"image\":{\"@id\":\"https:\\\/\\\/www.assofide.ch\\\/fr\\\/#\\\/schema\\\/logo\\\/image\\\/\"}}]}<\/script>\n<!-- \/ Yoast SEO plugin. -->","yoast_head_json":{"title":"Agent immobilier - Assofide SA","robots":{"index":"index","follow":"follow","max-snippet":"max-snippet:-1","max-image-preview":"max-image-preview:large","max-video-preview":"max-video-preview:-1"},"canonical":"https:\/\/www.assofide.ch\/fr\/agent-immobilier\/","og_locale":"fr_FR","og_type":"article","og_title":"Agent immobilier - Assofide SA","og_url":"https:\/\/www.assofide.ch\/fr\/agent-immobilier\/","og_site_name":"Assofide SA","article_modified_time":"2025-10-13T12:49:07+00:00","og_image":[{"url":"https:\/\/www.assofide.ch\/wp-content\/uploads\/sites\/5\/2025\/12\/assofide_logo.svg","type":"","width":"","height":""}],"twitter_card":"summary_large_image","twitter_misc":{"Dur\u00e9e de lecture estim\u00e9e":"1 minute"},"schema":{"@context":"https:\/\/schema.org","@graph":[{"@type":"WebPage","@id":"https:\/\/www.assofide.ch\/fr\/agent-immobilier\/","url":"https:\/\/www.assofide.ch\/fr\/agent-immobilier\/","name":"Agent immobilier - Assofide SA","isPartOf":{"@id":"https:\/\/www.assofide.ch\/fr\/#website"},"datePublished":"2025-09-11T11:27:07+00:00","dateModified":"2025-10-13T12:49:07+00:00","breadcrumb":{"@id":"https:\/\/www.assofide.ch\/fr\/agent-immobilier\/#breadcrumb"},"inLanguage":"fr-FR","potentialAction":[{"@type":"ReadAction","target":["https:\/\/www.assofide.ch\/fr\/agent-immobilier\/"]}]},{"@type":"BreadcrumbList","@id":"https:\/\/www.assofide.ch\/fr\/agent-immobilier\/#breadcrumb","itemListElement":[{"@type":"ListItem","position":1,"name":"Home","item":"https:\/\/www.assofide.ch\/fr\/"},{"@type":"ListItem","position":2,"name":"Agent immobilier"}]},{"@type":"WebSite","@id":"https:\/\/www.assofide.ch\/fr\/#website","url":"https:\/\/www.assofide.ch\/fr\/","name":"Assofide SA","description":"","publisher":{"@id":"https:\/\/www.assofide.ch\/fr\/#organization"},"potentialAction":[{"@type":"SearchAction","target":{"@type":"EntryPoint","urlTemplate":"https:\/\/www.assofide.ch\/fr\/?s={search_term_string}"},"query-input":{"@type":"PropertyValueSpecification","valueRequired":true,"valueName":"search_term_string"}}],"inLanguage":"fr-FR"},{"@type":"Organization","@id":"https:\/\/www.assofide.ch\/fr\/#organization","name":"Assofide SA","url":"https:\/\/www.assofide.ch\/fr\/","logo":{"@type":"ImageObject","inLanguage":"fr-FR","@id":"https:\/\/www.assofide.ch\/fr\/#\/schema\/logo\/image\/","url":"https:\/\/www.assofide.ch\/wp-content\/uploads\/sites\/5\/2025\/12\/assofide_logo.svg","contentUrl":"https:\/\/www.assofide.ch\/wp-content\/uploads\/sites\/5\/2025\/12\/assofide_logo.svg","width":600,"height":666,"caption":"Assofide SA"},"image":{"@id":"https:\/\/www.assofide.ch\/fr\/#\/schema\/logo\/image\/"}}]}},"_links":{"self":[{"href":"https:\/\/www.assofide.ch\/fr\/wp-json\/wp\/v2\/pages\/98729","targetHints":{"allow":["GET"]}}],"collection":[{"href":"https:\/\/www.assofide.ch\/fr\/wp-json\/wp\/v2\/pages"}],"about":[{"href":"https:\/\/www.assofide.ch\/fr\/wp-json\/wp\/v2\/types\/page"}],"author":[{"embeddable":true,"href":"https:\/\/www.assofide.ch\/fr\/wp-json\/wp\/v2\/users\/1"}],"replies":[{"embeddable":true,"href":"https:\/\/www.assofide.ch\/fr\/wp-json\/wp\/v2\/comments?post=98729"}],"version-history":[{"count":0,"href":"https:\/\/www.assofide.ch\/fr\/wp-json\/wp\/v2\/pages\/98729\/revisions"}],"wp:attachment":[{"href":"https:\/\/www.assofide.ch\/fr\/wp-json\/wp\/v2\/media?parent=98729"}],"curies":[{"name":"wp","href":"https:\/\/api.w.org\/{rel}","templated":true}]}}