{"id":98700,"date":"2025-09-11T14:28:33","date_gmt":"2025-09-11T12:28:33","guid":{"rendered":"https:\/\/assofide.onyx.casasoft.ch\/assistente-per-il-settore-stabili\/"},"modified":"2025-10-13T10:36:05","modified_gmt":"2025-10-13T08:36:05","slug":"assistant-pour-le-secteur-immobilier-h-f","status":"publish","type":"page","link":"https:\/\/www.assofide.ch\/fr\/assistant-pour-le-secteur-immobilier-h-f\/","title":{"rendered":"Assistant pour le secteur immobilier (h\/f)"},"content":{"rendered":"\n<div class=\"wp-block-casasoft-blocks-container spacer-top-large spacer-bottom-large bg-white\"><div class=\"container\">\n<div class=\"wp-block-columns is-layout-flex wp-container-core-columns-is-layout-28f84493 wp-block-columns-is-layout-flex\">\n<div class=\"wp-block-column is-layout-flow wp-block-column-is-layout-flow\" style=\"flex-basis:66.66%\">\n<div class=\"wp-block-casasoft-blocks-heading cs-heading\"><h1 class=\"\">Assistant pour le secteur immobilier (h\/f)<\/h1><\/div>\n\n\n\n<p class=\"wp-block-casasoft-blocks-text text-small\">Un emploi autonome et stimulant, au sein d&rsquo;une entreprise solide et bien \u00e9tablie.<br><br><strong>EXIGENCES<\/strong><\/p>\n\n\n\n<ul class=\"wp-block-list\">\n<li>allemand (courant) italien (courant) et fran\u00e7ais, ainsi que des connaissances en anglais<\/li>\n\n\n\n<li>formation commerciale et\/ou universitaire, de pr\u00e9f\u00e9rence avec une exp\u00e9rience directe dans le secteur immobilier<\/li>\n\n\n\n<li>connaissance des principaux syst\u00e8mes informatiques<\/li>\n<\/ul>\n\n\n\n<p class=\"wp-block-casasoft-blocks-text text-small\"><strong>DE PLUS, LA PERSONNE DOIT \u00caTRE<\/strong><\/p>\n\n\n\n<ul class=\"wp-block-list\">\n<li>communicative et affable<\/li>\n\n\n\n<li>capable de travailler aussi bien en \u00e9quipe que de mani\u00e8re ind\u00e9pendante<\/li>\n\n\n\n<li>habitu\u00e9e \u00e0 une m\u00e9thode de travail pr\u00e9cise et fiable<\/li>\n\n\n\n<li>dot\u00e9e d&rsquo;une grande aptitude \u00e0 mener des n\u00e9gociations avec des architectes, des copropri\u00e9taires, des artisans<\/li>\n\n\n\n<li>disposant d&rsquo;un v\u00e9hicule<\/li>\n\n\n\n<li>\u00e2ge id\u00e9al : 25-45 ans<\/li>\n<\/ul>\n\n\n\n<p class=\"wp-block-casasoft-blocks-text text-small\"><strong>NOUS OFFRONS<\/strong><\/p>\n\n\n\n<ul class=\"wp-block-list\">\n<li>activit\u00e9 int\u00e9ressante et vari\u00e9e<\/li>\n\n\n\n<li>outils informatiques de pointe<\/li>\n\n\n\n<li>environnement de travail agr\u00e9able<\/li>\n<\/ul>\n\n\n\n<p class=\"wp-block-casasoft-blocks-text text-small\"><strong>AVANTAGES<\/strong><\/p>\n\n\n\n<ul class=\"wp-block-list\">\n<li>garage 7 jours sur 7 dans le centre de Locarno<\/li>\n\n\n\n<li>excellente caisse de pension<\/li>\n<\/ul>\n\n\n\n<p class=\"wp-block-casasoft-blocks-text text-small\"><strong>Nous avons \u00e9veill\u00e9 votre int\u00e9r\u00eat ?<br><\/strong>Alors envoyez votre candidature avec une br\u00e8ve lettre de motivation intitul\u00e9e <strong>\u00ab Assistant pour le secteur immobilier \u00bb<\/strong>, une <strong>photo<\/strong>, votre curriculum vitae et vos certificats \u00e0 :<br><br><strong>ASSOFIDE SA,<br><\/strong>Direction, Case postale 144, 6601 Locarno.<\/p>\n<\/div>\n<\/div>\n<\/div><\/div>\n","protected":false},"excerpt":{"rendered":"","protected":false},"author":1,"featured_media":0,"parent":0,"menu_order":0,"comment_status":"closed","ping_status":"closed","template":"","meta":{"_acf_changed":false,"inline_featured_image":false,"footnotes":""},"class_list":["post-98700","page","type-page","status-publish","hentry"],"acf":[],"yoast_head":"<!-- This site is optimized with the Yoast SEO plugin v27.5 - https:\/\/yoast.com\/product\/yoast-seo-wordpress\/ -->\n<title>Assistant pour le secteur immobilier (h\/f) - Assofide SA<\/title>\n<meta name=\"robots\" content=\"index, follow, max-snippet:-1, max-image-preview:large, max-video-preview:-1\" \/>\n<link rel=\"canonical\" href=\"https:\/\/www.assofide.ch\/fr\/assistant-pour-le-secteur-immobilier-h-f\/\" \/>\n<meta property=\"og:locale\" content=\"fr_FR\" \/>\n<meta property=\"og:type\" content=\"article\" \/>\n<meta property=\"og:title\" content=\"Assistant pour le secteur immobilier (h\/f) - Assofide SA\" \/>\n<meta property=\"og:url\" content=\"https:\/\/www.assofide.ch\/fr\/assistant-pour-le-secteur-immobilier-h-f\/\" \/>\n<meta property=\"og:site_name\" content=\"Assofide SA\" \/>\n<meta property=\"article:modified_time\" content=\"2025-10-13T08:36:05+00:00\" \/>\n<meta property=\"og:image\" content=\"https:\/\/www.assofide.ch\/wp-content\/uploads\/sites\/5\/2025\/12\/assofide_logo.svg\" \/>\n<meta name=\"twitter:card\" content=\"summary_large_image\" \/>\n<meta name=\"twitter:label1\" content=\"Dur\u00e9e de lecture estim\u00e9e\" \/>\n\t<meta name=\"twitter:data1\" content=\"1 minute\" \/>\n<script type=\"application\/ld+json\" class=\"yoast-schema-graph\">{\"@context\":\"https:\\\/\\\/schema.org\",\"@graph\":[{\"@type\":\"WebPage\",\"@id\":\"https:\\\/\\\/www.assofide.ch\\\/fr\\\/assistant-pour-le-secteur-immobilier-h-f\\\/\",\"url\":\"https:\\\/\\\/www.assofide.ch\\\/fr\\\/assistant-pour-le-secteur-immobilier-h-f\\\/\",\"name\":\"Assistant pour le secteur immobilier (h\\\/f) - Assofide SA\",\"isPartOf\":{\"@id\":\"https:\\\/\\\/www.assofide.ch\\\/fr\\\/#website\"},\"datePublished\":\"2025-09-11T12:28:33+00:00\",\"dateModified\":\"2025-10-13T08:36:05+00:00\",\"breadcrumb\":{\"@id\":\"https:\\\/\\\/www.assofide.ch\\\/fr\\\/assistant-pour-le-secteur-immobilier-h-f\\\/#breadcrumb\"},\"inLanguage\":\"fr-FR\",\"potentialAction\":[{\"@type\":\"ReadAction\",\"target\":[\"https:\\\/\\\/www.assofide.ch\\\/fr\\\/assistant-pour-le-secteur-immobilier-h-f\\\/\"]}]},{\"@type\":\"BreadcrumbList\",\"@id\":\"https:\\\/\\\/www.assofide.ch\\\/fr\\\/assistant-pour-le-secteur-immobilier-h-f\\\/#breadcrumb\",\"itemListElement\":[{\"@type\":\"ListItem\",\"position\":1,\"name\":\"Home\",\"item\":\"https:\\\/\\\/www.assofide.ch\\\/fr\\\/\"},{\"@type\":\"ListItem\",\"position\":2,\"name\":\"Assistant pour le secteur immobilier (h\\\/f)\"}]},{\"@type\":\"WebSite\",\"@id\":\"https:\\\/\\\/www.assofide.ch\\\/fr\\\/#website\",\"url\":\"https:\\\/\\\/www.assofide.ch\\\/fr\\\/\",\"name\":\"Assofide SA\",\"description\":\"\",\"publisher\":{\"@id\":\"https:\\\/\\\/www.assofide.ch\\\/fr\\\/#organization\"},\"potentialAction\":[{\"@type\":\"SearchAction\",\"target\":{\"@type\":\"EntryPoint\",\"urlTemplate\":\"https:\\\/\\\/www.assofide.ch\\\/fr\\\/?s={search_term_string}\"},\"query-input\":{\"@type\":\"PropertyValueSpecification\",\"valueRequired\":true,\"valueName\":\"search_term_string\"}}],\"inLanguage\":\"fr-FR\"},{\"@type\":\"Organization\",\"@id\":\"https:\\\/\\\/www.assofide.ch\\\/fr\\\/#organization\",\"name\":\"Assofide SA\",\"url\":\"https:\\\/\\\/www.assofide.ch\\\/fr\\\/\",\"logo\":{\"@type\":\"ImageObject\",\"inLanguage\":\"fr-FR\",\"@id\":\"https:\\\/\\\/www.assofide.ch\\\/fr\\\/#\\\/schema\\\/logo\\\/image\\\/\",\"url\":\"https:\\\/\\\/www.assofide.ch\\\/wp-content\\\/uploads\\\/sites\\\/5\\\/2025\\\/12\\\/assofide_logo.svg\",\"contentUrl\":\"https:\\\/\\\/www.assofide.ch\\\/wp-content\\\/uploads\\\/sites\\\/5\\\/2025\\\/12\\\/assofide_logo.svg\",\"width\":600,\"height\":666,\"caption\":\"Assofide SA\"},\"image\":{\"@id\":\"https:\\\/\\\/www.assofide.ch\\\/fr\\\/#\\\/schema\\\/logo\\\/image\\\/\"}}]}<\/script>\n<!-- \/ Yoast SEO plugin. -->","yoast_head_json":{"title":"Assistant pour le secteur immobilier (h\/f) - Assofide SA","robots":{"index":"index","follow":"follow","max-snippet":"max-snippet:-1","max-image-preview":"max-image-preview:large","max-video-preview":"max-video-preview:-1"},"canonical":"https:\/\/www.assofide.ch\/fr\/assistant-pour-le-secteur-immobilier-h-f\/","og_locale":"fr_FR","og_type":"article","og_title":"Assistant pour le secteur immobilier (h\/f) - Assofide SA","og_url":"https:\/\/www.assofide.ch\/fr\/assistant-pour-le-secteur-immobilier-h-f\/","og_site_name":"Assofide SA","article_modified_time":"2025-10-13T08:36:05+00:00","og_image":[{"url":"https:\/\/www.assofide.ch\/wp-content\/uploads\/sites\/5\/2025\/12\/assofide_logo.svg","type":"","width":"","height":""}],"twitter_card":"summary_large_image","twitter_misc":{"Dur\u00e9e de lecture estim\u00e9e":"1 minute"},"schema":{"@context":"https:\/\/schema.org","@graph":[{"@type":"WebPage","@id":"https:\/\/www.assofide.ch\/fr\/assistant-pour-le-secteur-immobilier-h-f\/","url":"https:\/\/www.assofide.ch\/fr\/assistant-pour-le-secteur-immobilier-h-f\/","name":"Assistant pour le secteur immobilier (h\/f) - Assofide SA","isPartOf":{"@id":"https:\/\/www.assofide.ch\/fr\/#website"},"datePublished":"2025-09-11T12:28:33+00:00","dateModified":"2025-10-13T08:36:05+00:00","breadcrumb":{"@id":"https:\/\/www.assofide.ch\/fr\/assistant-pour-le-secteur-immobilier-h-f\/#breadcrumb"},"inLanguage":"fr-FR","potentialAction":[{"@type":"ReadAction","target":["https:\/\/www.assofide.ch\/fr\/assistant-pour-le-secteur-immobilier-h-f\/"]}]},{"@type":"BreadcrumbList","@id":"https:\/\/www.assofide.ch\/fr\/assistant-pour-le-secteur-immobilier-h-f\/#breadcrumb","itemListElement":[{"@type":"ListItem","position":1,"name":"Home","item":"https:\/\/www.assofide.ch\/fr\/"},{"@type":"ListItem","position":2,"name":"Assistant pour le secteur immobilier (h\/f)"}]},{"@type":"WebSite","@id":"https:\/\/www.assofide.ch\/fr\/#website","url":"https:\/\/www.assofide.ch\/fr\/","name":"Assofide SA","description":"","publisher":{"@id":"https:\/\/www.assofide.ch\/fr\/#organization"},"potentialAction":[{"@type":"SearchAction","target":{"@type":"EntryPoint","urlTemplate":"https:\/\/www.assofide.ch\/fr\/?s={search_term_string}"},"query-input":{"@type":"PropertyValueSpecification","valueRequired":true,"valueName":"search_term_string"}}],"inLanguage":"fr-FR"},{"@type":"Organization","@id":"https:\/\/www.assofide.ch\/fr\/#organization","name":"Assofide SA","url":"https:\/\/www.assofide.ch\/fr\/","logo":{"@type":"ImageObject","inLanguage":"fr-FR","@id":"https:\/\/www.assofide.ch\/fr\/#\/schema\/logo\/image\/","url":"https:\/\/www.assofide.ch\/wp-content\/uploads\/sites\/5\/2025\/12\/assofide_logo.svg","contentUrl":"https:\/\/www.assofide.ch\/wp-content\/uploads\/sites\/5\/2025\/12\/assofide_logo.svg","width":600,"height":666,"caption":"Assofide SA"},"image":{"@id":"https:\/\/www.assofide.ch\/fr\/#\/schema\/logo\/image\/"}}]}},"_links":{"self":[{"href":"https:\/\/www.assofide.ch\/fr\/wp-json\/wp\/v2\/pages\/98700","targetHints":{"allow":["GET"]}}],"collection":[{"href":"https:\/\/www.assofide.ch\/fr\/wp-json\/wp\/v2\/pages"}],"about":[{"href":"https:\/\/www.assofide.ch\/fr\/wp-json\/wp\/v2\/types\/page"}],"author":[{"embeddable":true,"href":"https:\/\/www.assofide.ch\/fr\/wp-json\/wp\/v2\/users\/1"}],"replies":[{"embeddable":true,"href":"https:\/\/www.assofide.ch\/fr\/wp-json\/wp\/v2\/comments?post=98700"}],"version-history":[{"count":0,"href":"https:\/\/www.assofide.ch\/fr\/wp-json\/wp\/v2\/pages\/98700\/revisions"}],"wp:attachment":[{"href":"https:\/\/www.assofide.ch\/fr\/wp-json\/wp\/v2\/media?parent=98700"}],"curies":[{"name":"wp","href":"https:\/\/api.w.org\/{rel}","templated":true}]}}