{"id":98680,"date":"2025-01-27T10:21:17","date_gmt":"2025-01-27T09:21:17","guid":{"rendered":"https:\/\/assofide.onyx.casasoft.ch\/i-nostri-valori\/"},"modified":"2025-11-12T16:38:42","modified_gmt":"2025-11-12T15:38:42","slug":"i-nostri-valori","status":"publish","type":"page","link":"https:\/\/www.assofide.ch\/fr\/i-nostri-valori\/","title":{"rendered":"Notre charte"},"content":{"rendered":"\n<div class=\"wp-block-casasoft-blocks-container  bg-white align-items-lg-center cs-hero\"><div class=\"container\">\n<div class=\"wp-block-columns is-layout-flex wp-container-core-columns-is-layout-28f84493 wp-block-columns-is-layout-flex\">\n<div class=\"wp-block-column is-layout-flow wp-block-column-is-layout-flow\">\n<div class=\"wp-block-casasoft-blocks-card cs-card border-radius  large bg-white\"><div class=\"cs-card-content\">\n<div class=\"wp-block-casasoft-blocks-heading cs-heading\"><h1 class=\"\">Notre charte<\/h1><\/div>\n<\/div><\/div>\n<\/div>\n\n\n\n<div class=\"wp-block-column is-layout-flow wp-block-column-is-layout-flow\">\n<div class=\"wp-block-casasoft-blocks-image border-radius hero-image\"><img decoding=\"async\" src=\"https:\/\/www.assofide.ch\/wp-content\/themes\/cs_onyx\/assets\/img\/example.jpg\" alt=\"Hero\" class=\"cs-image img-fluid semi-portrait hd\"\/><\/div>\n<\/div>\n<\/div>\n<\/div><\/div>\n\n\n\n<div class=\"wp-block-casasoft-blocks-container spacer-top-large spacer-bottom-large bg-light  cs-cards-container\"><div class=\"container\">\n<div class=\"wp-block-columns is-layout-flex wp-container-core-columns-is-layout-28f84493 wp-block-columns-is-layout-flex\">\n<div class=\"wp-block-column is-layout-flow wp-block-column-is-layout-flow\">\n<div class=\"wp-block-casasoft-blocks-heading cs-heading\"><h3 class=\"\">Pour nous, se concentrer sur nos clients signifie&nbsp;:<\/h3><\/div>\n\n\n\n<ul class=\"wp-block-list\">\n<li>tr\u00e8s bien conna\u00eetre nos clients&nbsp;;<\/li>\n\n\n\n<li>\u00e9couter attentivement nos clients&nbsp;;<\/li>\n\n\n\n<li>adapter nos services aux souhaits et aux besoins de nos clients&nbsp;;<\/li>\n\n\n\n<li>entretenir des relations commerciales &nbsp;et donner pleine satisfaction \u00e0 nos clients.<\/li>\n<\/ul>\n<\/div>\n\n\n\n<div class=\"wp-block-column is-layout-flow wp-block-column-is-layout-flow\">\n<div class=\"wp-block-casasoft-blocks-heading cs-heading\"><h3 class=\"\">Pour nous, \u00eatre digne de confiance signifie&nbsp;:<\/h3><\/div>\n\n\n\n<ul class=\"wp-block-list\">\n<li>fournir le service promis&nbsp;;<\/li>\n\n\n\n<li>assumer l&rsquo;enti\u00e8re responsabilit\u00e9 de nos actes&nbsp;;<\/li>\n\n\n\n<li>prendre part \u00e0 la fois aux bonnes et aux mauvaises nouvelles&nbsp;;<\/li>\n\n\n\n<li>prendre toutes les d\u00e9cisions dans le respect de la d\u00e9ontologie.<\/li>\n<\/ul>\n<\/div>\n<\/div>\n\n\n\n<div class=\"wp-block-columns is-layout-flex wp-container-core-columns-is-layout-28f84493 wp-block-columns-is-layout-flex\">\n<div class=\"wp-block-column is-layout-flow wp-block-column-is-layout-flow\">\n<div class=\"wp-block-casasoft-blocks-heading cs-heading\"><h3 class=\"\">Pour nous, r\u00e9ussir signifie&nbsp;:<\/h3><\/div>\n\n\n\n<ul class=\"wp-block-list\">\n<li>conserver notre portefeuille de clients&nbsp;;<\/li>\n\n\n\n<li>acqu\u00e9rir de nouveaux clients ;<\/li>\n\n\n\n<li>\u00eatre les meilleurs dans notre secteur et dans notre profession&nbsp;;<\/li>\n\n\n\n<li>aller au-del\u00e0 des objectifs fix\u00e9s et promouvoir l&rsquo;utilisation du capital au sein de la soci\u00e9t\u00e9.<\/li>\n<\/ul>\n<\/div>\n\n\n\n<div class=\"wp-block-column is-layout-flow wp-block-column-is-layout-flow\">\n<div class=\"wp-block-casasoft-blocks-heading cs-heading\"><h3 class=\"\">Pour nous, le respect mutuel signifie<\/h3><\/div>\n\n\n\n<ul class=\"wp-block-list\">\n<li>s&rsquo;\u00e9couter les uns les autres et appr\u00e9cier les diff\u00e9rences&nbsp;;<\/li>\n\n\n\n<li>traiter tout le monde de mani\u00e8re \u00e9gale&nbsp;;<\/li>\n\n\n\n<li>se soutenir mutuellement&nbsp;;<\/li>\n\n\n\n<li>se f\u00e9liciter mutuellement en reconnaissant les succ\u00e8s des autres.<\/li>\n<\/ul>\n<\/div>\n<\/div>\n<\/div><\/div>\n\n\n\n<div class=\"wp-block-casasoft-blocks-container spacer-top-large spacer-bottom-large bg-white  testimonials-pattern\"><div class=\"container\">\n<div class=\"wp-block-casasoft-blocks-heading cs-heading spacer-bottom-small\"><div class=\"cs-supertitle\">T\u00e9moignages<\/div><h2 class=\"\">Nous attendons vos commentaires<\/h2><\/div>\n\n\n     <script>\n        var post_posts = {\"post_type\":\"testimonial\",\"ignore_sticky_posts\":true,\"post_status\":\"publish\",\"posts_per_page\":4,\"orderby\":\"menu_order\",\"order\":\"asc\"},\n            posts_category = '',\n            post_current_page = 1,\n            post_posts_per_page = 4,\n            post_current_lang = 'fr',\n            post_columns = 4,\n            post_hide_date = false,\n            post_max_page = 0;\n    <\/script>\n    <\/div><\/div>\n\n\n\n<div class=\"wp-block-casasoft-blocks-container spacer-top-large spacer-bottom-large bg-primary\"><div class=\"container\">\n<div class=\"wp-block-casasoft-blocks-heading cs-heading\"><div class=\"cs-supertitle\"><strong>\u00c9crire un avis<\/strong><\/div><h2 class=\"\">Partagez votre avis avec nous<\/h2><\/div>\n\n\n        <div class=\"row\">\n            <div class=\"col-lg-4 offset-lg-4\">\n                <form id=\"testimonial-form\" action=\"\" method=\"post\" enctype=\"multipart\/form-data\">\n                    \n                    <input type=\"hidden\" id=\"testimonial_nonce\" name=\"testimonial_nonce\" value=\"dc42380ab6\" \/><input type=\"hidden\" name=\"_wp_http_referer\" value=\"\/fr\/wp-json\/wp\/v2\/pages\/98680\" \/>\n                    <input type=\"hidden\" name=\"submit_testimonial\" value=\"1\" \/>\n\n                    <div class=\"form-group is-required\">\n                        <input \n                            type=\"text\" \n                            name=\"testimonial_name\" \n                            id=\"testimonial_name\" \n                            class=\"form-control casawp-form-control\" \n                            required \n                        \/>\n                        <label for=\"testimonial_name\" class=\"control-label\">\n                            Nom                        <\/label>\n                    <\/div>\n\n                    <div class=\"form-group is-required\">\n                        <textarea \n                            name=\"testimonial_opinion\" \n                            id=\"testimonial_opinion\" \n                            class=\"form-control casawp-form-control\" \n                            rows=\"5\" \n                            required\n                        ><\/textarea>\n                        <label for=\"testimonial_opinion\" class=\"control-label\">\n                            Votre avis                        <\/label>\n                    <\/div>\n\n                    <div class=\"testimonial-dropzone\" id=\"testimonial-dropzone\">\n                        <div id=\"testimonial-dropzone-text\">\n                            Glissez-d\u00e9posez une photo ici ou cliquez pour la s\u00e9lectionner \u00e0 partir de votre ordinateur.                        <\/div>\n\n                        <input \n                            type=\"file\" \n                            name=\"testimonial_photo\" \n                            id=\"testimonial_photo\" \n                            accept=\"image\/jpeg,image\/png\" \n                            hidden \n                        \/>\n\n                        <div id=\"testimonial-dropzone-error\" style=\"display: none;\"><\/div>\n\n                        <div \n                            id=\"testimonial-photo-preview-container\" \n                            class=\"testimonial-photo-preview-container\" \n                            style=\"display:none;\"\n                        >\n                            <img id=\"testimonial-photo-preview\" alt=\"Preview\" \/>\n                            <button \n                                type=\"button\" \n                                id=\"testimonial-photo-remove\" \n                                class=\"testimonial-photo-remove\"\n                            >&times;<\/button>\n                            <div class=\"testimonial-photo-progress\">\n                                <div \n                                    class=\"testimonial-photo-progress-bar\" \n                                    id=\"testimonial-photo-progress-bar\"\n                                ><\/div>\n                            <\/div>\n                        <\/div>\n                    <\/div>\n\n                                            <div class=\"g-recaptcha-v3\" \n                             data-sitekey=\"6Ld8CyUsAAAAAEkky0gs8Bsi9Kcoqk1PyIl2gY8K\">\n                        <\/div>\n                        \n                        <script src=\"https:\/\/www.google.com\/recaptcha\/api.js?render=6Ld8CyUsAAAAAEkky0gs8Bsi9Kcoqk1PyIl2gY8K\"><\/script>\n\n                        <input type=\"hidden\" id=\"gRecaptchaResponse\" name=\"g-recaptcha-response\" \/>\n\n                        <script>\n                            window.captchaKey = '6Ld8CyUsAAAAAEkky0gs8Bsi9Kcoqk1PyIl2gY8K';\n\n                            document.addEventListener('DOMContentLoaded', function() {\n                                var formEl = document.getElementById('testimonial-form');\n                                if (!formEl) {\n                                    console.error(\"DEBUG: #testimonial-form not found in DOM.\");\n                                    return;\n                                }\n\n                                formEl.addEventListener('submit', function(event) {\n                                    console.log(\"DEBUG: Form submit event triggered.\");\n                                    event.preventDefault();\n\n                                    if (typeof grecaptcha === 'undefined') {\n                                        formEl.submit();\n                                        return;\n                                    }\n\n                                    grecaptcha.ready(function() {\n                                        grecaptcha.execute(window.captchaKey, { action: 'testimonialForm' })\n                                            .then(function(token) {\n                                                document.getElementById('gRecaptchaResponse').value = token;\n                                                formEl.submit();\n                                            })\n                                            .catch(function(err) {\n                                                formEl.submit();\n                                            });\n                                    });\n                                });\n                            });\n                        <\/script>\n                    \n                    <div class=\"d-flex justify-content-end\">\n                        <input \n                            type=\"submit\" \n                            class=\"btn btn-primary\" \n                            value=\"Soumettre un t\u00e9moignage\" \n                        \/>\n                    <\/div>\n                <\/form>\n            <\/div>\n        <\/div>\n\n        <script>\n        document.addEventListener('DOMContentLoaded', function() {\n            var dropzone         = document.getElementById('testimonial-dropzone');\n            var dropzoneText     = document.getElementById('testimonial-dropzone-text');\n            var fileInput        = document.getElementById('testimonial_photo');\n            var previewContainer = document.getElementById('testimonial-photo-preview-container');\n            var previewImage     = document.getElementById('testimonial-photo-preview');\n            var removeButton     = document.getElementById('testimonial-photo-remove');\n            var progressBar      = document.getElementById('testimonial-photo-progress-bar');\n\n            var maxFileSize = 1 * 1024 * 1024; \/\/ 1 MB\n\n            dropzone.addEventListener('click', function() {\n                fileInput.click();\n            });\n\n            dropzone.addEventListener('dragover', function(e) {\n                e.preventDefault();\n                dropzone.classList.add('dragover');\n            });\n\n            dropzone.addEventListener('dragleave', function(e) {\n                e.preventDefault();\n                dropzone.classList.remove('dragover');\n            });\n\n            dropzone.addEventListener('drop', function(e) {\n                e.preventDefault();\n                dropzone.classList.remove('dragover');\n\n                if (e.dataTransfer.files && e.dataTransfer.files.length > 0) {\n                    var file = e.dataTransfer.files[0];\n                    handleFile(file);\n                }\n            });\n\n            fileInput.addEventListener('change', function(e) {\n                if (fileInput.files && fileInput.files.length > 0) {\n                    var file = fileInput.files[0];\n                    handleFile(file);\n                }\n            });\n\n            removeButton.addEventListener('click', function() {\n                fileInput.value = \"\";\n                previewContainer.style.display = 'none';\n                previewImage.src = \"\";\n                progressBar.style.width = '0';\n                dropzoneText.style.display = 'block';\n            });\n\n            function handleFile(file) {\n                const localeMap = {\n                  'en-US': 'en',\n                  'en': 'en',\n                  'de-DE': 'de',\n                  'de': 'de',\n                  'fr-FR': 'fr',\n                  'fr': 'fr',\n                  'it-IT': 'it',\n                  'it': 'it'\n                };\n\n                const htmlLang = document.documentElement.getAttribute('lang') || 'en-US';\n                const currentLang = localeMap[htmlLang] || 'en';\n\n                const errorMessages = {\n                    en: {\n                        allowedTypes: 'Only JPG or PNG images are allowed.',\n                        maxSize: 'File size exceeds 1 MB limit.'\n                    },\n                    de: {\n                        allowedTypes: 'Es sind nur JPG- oder PNG-Bilder erlaubt.',\n                        maxSize: 'Die Dateigr\u00f6\u00dfe \u00fcberschreitet das 1-MB-Limit.'\n                    },\n                    it: {\n                        allowedTypes: 'Sono consentite solo immagini JPG o PNG.',\n                        maxSize: 'La dimensione del file supera il limite di 1 MB.'\n                    },\n                    fr: {\n                        allowedTypes: 'Seules les images JPG ou PNG sont autoris\u00e9es.',\n                        maxSize: 'La taille du fichier d\u00e9passe la limite de 1 Mo.'\n                    }\n                };\n    \n                var dropzoneError = document.getElementById('testimonial-dropzone-error');\n                dropzoneError.innerHTML = '';\n                dropzoneError.style.display = 'none';\n\n                if (!(file.type === 'image\/jpeg' || file.type === 'image\/png' || file.type === 'image\/jpg')) {\n                    dropzoneError.innerHTML = \n                        '<strong style=\"color: red;\">' +\n                        errorMessages[currentLang].allowedTypes +\n                        '<\/strong>';\n                    dropzoneError.style.display = 'block';\n                    return;\n                }\n\n                if (file.size > maxFileSize) {\n                    dropzoneError.innerHTML =\n                        '<strong style=\"color: red;\">' +\n                        errorMessages[currentLang].maxSize +\n                        '<\/strong>';\n                    dropzoneError.style.display = 'block';\n                    return;\n                }\n\n                let dataTransfer = new DataTransfer();\n                dataTransfer.items.add(file);\n                fileInput.files = dataTransfer.files;\n\n                previewContainer.style.display = 'flex';\n                dropzoneText.style.display = 'none';\n                progressBar.style.width = '0';\n\n                var reader = new FileReader();\n\n                reader.addEventListener('progress', function(e) {\n                    if (e.lengthComputable) {\n                        var percentLoaded = Math.round((e.loaded \/ e.total) * 100);\n                        progressBar.style.width = percentLoaded + '%';\n                    }\n                });\n\n                reader.addEventListener('load', function(e) {\n                    previewImage.src = e.target.result;\n                });\n\n                reader.addEventListener('loadend', function() {\n                    progressBar.style.width = '100%';\n                });\n\n                reader.readAsDataURL(file);\n            }\n        });\n        <\/script>\n        <\/div><\/div>\n","protected":false},"excerpt":{"rendered":"","protected":false},"author":1,"featured_media":0,"parent":0,"menu_order":0,"comment_status":"closed","ping_status":"closed","template":"","meta":{"_acf_changed":false,"inline_featured_image":false,"footnotes":""},"class_list":["post-98680","page","type-page","status-publish","hentry"],"acf":[],"yoast_head":"<!-- This site is optimized with the Yoast SEO plugin v27.5 - https:\/\/yoast.com\/product\/yoast-seo-wordpress\/ -->\n<title>Notre charte - Assofide SA<\/title>\n<meta name=\"robots\" content=\"index, follow, max-snippet:-1, max-image-preview:large, max-video-preview:-1\" \/>\n<link rel=\"canonical\" href=\"https:\/\/www.assofide.ch\/fr\/i-nostri-valori\/\" \/>\n<meta property=\"og:locale\" content=\"fr_FR\" \/>\n<meta property=\"og:type\" content=\"article\" \/>\n<meta property=\"og:title\" content=\"Notre charte - Assofide SA\" \/>\n<meta property=\"og:url\" content=\"https:\/\/www.assofide.ch\/fr\/i-nostri-valori\/\" \/>\n<meta property=\"og:site_name\" content=\"Assofide SA\" \/>\n<meta property=\"article:modified_time\" content=\"2025-11-12T15:38:42+00:00\" \/>\n<meta property=\"og:image\" content=\"https:\/\/www.assofide.ch\/wp-content\/themes\/cs_onyx\/assets\/img\/example.jpg\" \/>\n<meta name=\"twitter:card\" content=\"summary_large_image\" \/>\n<meta name=\"twitter:label1\" content=\"Dur\u00e9e de lecture estim\u00e9e\" \/>\n\t<meta name=\"twitter:data1\" content=\"2 minutes\" \/>\n<script type=\"application\/ld+json\" class=\"yoast-schema-graph\">{\"@context\":\"https:\\\/\\\/schema.org\",\"@graph\":[{\"@type\":\"WebPage\",\"@id\":\"https:\\\/\\\/www.assofide.ch\\\/fr\\\/i-nostri-valori\\\/\",\"url\":\"https:\\\/\\\/www.assofide.ch\\\/fr\\\/i-nostri-valori\\\/\",\"name\":\"Notre charte - Assofide SA\",\"isPartOf\":{\"@id\":\"https:\\\/\\\/www.assofide.ch\\\/fr\\\/#website\"},\"primaryImageOfPage\":{\"@id\":\"https:\\\/\\\/www.assofide.ch\\\/fr\\\/i-nostri-valori\\\/#primaryimage\"},\"image\":{\"@id\":\"https:\\\/\\\/www.assofide.ch\\\/fr\\\/i-nostri-valori\\\/#primaryimage\"},\"thumbnailUrl\":\"https:\\\/\\\/www.assofide.ch\\\/wp-content\\\/themes\\\/cs_onyx\\\/assets\\\/img\\\/example.jpg\",\"datePublished\":\"2025-01-27T09:21:17+00:00\",\"dateModified\":\"2025-11-12T15:38:42+00:00\",\"breadcrumb\":{\"@id\":\"https:\\\/\\\/www.assofide.ch\\\/fr\\\/i-nostri-valori\\\/#breadcrumb\"},\"inLanguage\":\"fr-FR\",\"potentialAction\":[{\"@type\":\"ReadAction\",\"target\":[\"https:\\\/\\\/www.assofide.ch\\\/fr\\\/i-nostri-valori\\\/\"]}]},{\"@type\":\"ImageObject\",\"inLanguage\":\"fr-FR\",\"@id\":\"https:\\\/\\\/www.assofide.ch\\\/fr\\\/i-nostri-valori\\\/#primaryimage\",\"url\":\"https:\\\/\\\/www.assofide.ch\\\/wp-content\\\/themes\\\/cs_onyx\\\/assets\\\/img\\\/example.jpg\",\"contentUrl\":\"https:\\\/\\\/www.assofide.ch\\\/wp-content\\\/themes\\\/cs_onyx\\\/assets\\\/img\\\/example.jpg\"},{\"@type\":\"BreadcrumbList\",\"@id\":\"https:\\\/\\\/www.assofide.ch\\\/fr\\\/i-nostri-valori\\\/#breadcrumb\",\"itemListElement\":[{\"@type\":\"ListItem\",\"position\":1,\"name\":\"Home\",\"item\":\"https:\\\/\\\/www.assofide.ch\\\/fr\\\/\"},{\"@type\":\"ListItem\",\"position\":2,\"name\":\"Notre charte\"}]},{\"@type\":\"WebSite\",\"@id\":\"https:\\\/\\\/www.assofide.ch\\\/fr\\\/#website\",\"url\":\"https:\\\/\\\/www.assofide.ch\\\/fr\\\/\",\"name\":\"Assofide SA\",\"description\":\"\",\"publisher\":{\"@id\":\"https:\\\/\\\/www.assofide.ch\\\/fr\\\/#organization\"},\"potentialAction\":[{\"@type\":\"SearchAction\",\"target\":{\"@type\":\"EntryPoint\",\"urlTemplate\":\"https:\\\/\\\/www.assofide.ch\\\/fr\\\/?s={search_term_string}\"},\"query-input\":{\"@type\":\"PropertyValueSpecification\",\"valueRequired\":true,\"valueName\":\"search_term_string\"}}],\"inLanguage\":\"fr-FR\"},{\"@type\":\"Organization\",\"@id\":\"https:\\\/\\\/www.assofide.ch\\\/fr\\\/#organization\",\"name\":\"Assofide SA\",\"url\":\"https:\\\/\\\/www.assofide.ch\\\/fr\\\/\",\"logo\":{\"@type\":\"ImageObject\",\"inLanguage\":\"fr-FR\",\"@id\":\"https:\\\/\\\/www.assofide.ch\\\/fr\\\/#\\\/schema\\\/logo\\\/image\\\/\",\"url\":\"https:\\\/\\\/www.assofide.ch\\\/wp-content\\\/uploads\\\/sites\\\/5\\\/2025\\\/12\\\/assofide_logo.svg\",\"contentUrl\":\"https:\\\/\\\/www.assofide.ch\\\/wp-content\\\/uploads\\\/sites\\\/5\\\/2025\\\/12\\\/assofide_logo.svg\",\"width\":600,\"height\":666,\"caption\":\"Assofide SA\"},\"image\":{\"@id\":\"https:\\\/\\\/www.assofide.ch\\\/fr\\\/#\\\/schema\\\/logo\\\/image\\\/\"}}]}<\/script>\n<!-- \/ Yoast SEO plugin. -->","yoast_head_json":{"title":"Notre charte - Assofide SA","robots":{"index":"index","follow":"follow","max-snippet":"max-snippet:-1","max-image-preview":"max-image-preview:large","max-video-preview":"max-video-preview:-1"},"canonical":"https:\/\/www.assofide.ch\/fr\/i-nostri-valori\/","og_locale":"fr_FR","og_type":"article","og_title":"Notre charte - Assofide SA","og_url":"https:\/\/www.assofide.ch\/fr\/i-nostri-valori\/","og_site_name":"Assofide SA","article_modified_time":"2025-11-12T15:38:42+00:00","og_image":[{"url":"https:\/\/www.assofide.ch\/wp-content\/themes\/cs_onyx\/assets\/img\/example.jpg","type":"","width":"","height":""}],"twitter_card":"summary_large_image","twitter_misc":{"Dur\u00e9e de lecture estim\u00e9e":"2 minutes"},"schema":{"@context":"https:\/\/schema.org","@graph":[{"@type":"WebPage","@id":"https:\/\/www.assofide.ch\/fr\/i-nostri-valori\/","url":"https:\/\/www.assofide.ch\/fr\/i-nostri-valori\/","name":"Notre charte - Assofide SA","isPartOf":{"@id":"https:\/\/www.assofide.ch\/fr\/#website"},"primaryImageOfPage":{"@id":"https:\/\/www.assofide.ch\/fr\/i-nostri-valori\/#primaryimage"},"image":{"@id":"https:\/\/www.assofide.ch\/fr\/i-nostri-valori\/#primaryimage"},"thumbnailUrl":"https:\/\/www.assofide.ch\/wp-content\/themes\/cs_onyx\/assets\/img\/example.jpg","datePublished":"2025-01-27T09:21:17+00:00","dateModified":"2025-11-12T15:38:42+00:00","breadcrumb":{"@id":"https:\/\/www.assofide.ch\/fr\/i-nostri-valori\/#breadcrumb"},"inLanguage":"fr-FR","potentialAction":[{"@type":"ReadAction","target":["https:\/\/www.assofide.ch\/fr\/i-nostri-valori\/"]}]},{"@type":"ImageObject","inLanguage":"fr-FR","@id":"https:\/\/www.assofide.ch\/fr\/i-nostri-valori\/#primaryimage","url":"https:\/\/www.assofide.ch\/wp-content\/themes\/cs_onyx\/assets\/img\/example.jpg","contentUrl":"https:\/\/www.assofide.ch\/wp-content\/themes\/cs_onyx\/assets\/img\/example.jpg"},{"@type":"BreadcrumbList","@id":"https:\/\/www.assofide.ch\/fr\/i-nostri-valori\/#breadcrumb","itemListElement":[{"@type":"ListItem","position":1,"name":"Home","item":"https:\/\/www.assofide.ch\/fr\/"},{"@type":"ListItem","position":2,"name":"Notre charte"}]},{"@type":"WebSite","@id":"https:\/\/www.assofide.ch\/fr\/#website","url":"https:\/\/www.assofide.ch\/fr\/","name":"Assofide SA","description":"","publisher":{"@id":"https:\/\/www.assofide.ch\/fr\/#organization"},"potentialAction":[{"@type":"SearchAction","target":{"@type":"EntryPoint","urlTemplate":"https:\/\/www.assofide.ch\/fr\/?s={search_term_string}"},"query-input":{"@type":"PropertyValueSpecification","valueRequired":true,"valueName":"search_term_string"}}],"inLanguage":"fr-FR"},{"@type":"Organization","@id":"https:\/\/www.assofide.ch\/fr\/#organization","name":"Assofide SA","url":"https:\/\/www.assofide.ch\/fr\/","logo":{"@type":"ImageObject","inLanguage":"fr-FR","@id":"https:\/\/www.assofide.ch\/fr\/#\/schema\/logo\/image\/","url":"https:\/\/www.assofide.ch\/wp-content\/uploads\/sites\/5\/2025\/12\/assofide_logo.svg","contentUrl":"https:\/\/www.assofide.ch\/wp-content\/uploads\/sites\/5\/2025\/12\/assofide_logo.svg","width":600,"height":666,"caption":"Assofide SA"},"image":{"@id":"https:\/\/www.assofide.ch\/fr\/#\/schema\/logo\/image\/"}}]}},"_links":{"self":[{"href":"https:\/\/www.assofide.ch\/fr\/wp-json\/wp\/v2\/pages\/98680","targetHints":{"allow":["GET"]}}],"collection":[{"href":"https:\/\/www.assofide.ch\/fr\/wp-json\/wp\/v2\/pages"}],"about":[{"href":"https:\/\/www.assofide.ch\/fr\/wp-json\/wp\/v2\/types\/page"}],"author":[{"embeddable":true,"href":"https:\/\/www.assofide.ch\/fr\/wp-json\/wp\/v2\/users\/1"}],"replies":[{"embeddable":true,"href":"https:\/\/www.assofide.ch\/fr\/wp-json\/wp\/v2\/comments?post=98680"}],"version-history":[{"count":0,"href":"https:\/\/www.assofide.ch\/fr\/wp-json\/wp\/v2\/pages\/98680\/revisions"}],"wp:attachment":[{"href":"https:\/\/www.assofide.ch\/fr\/wp-json\/wp\/v2\/media?parent=98680"}],"curies":[{"name":"wp","href":"https:\/\/api.w.org\/{rel}","templated":true}]}}