{"id":75559,"date":"2025-07-10T11:40:00","date_gmt":"2025-07-10T09:40:00","guid":{"rendered":"https:\/\/assofide.onyx.casasoft.ch\/?page_id=75559"},"modified":"2025-10-14T13:51:09","modified_gmt":"2025-10-14T11:51:09","slug":"gestion-de-coproprietes","status":"publish","type":"page","link":"https:\/\/www.assofide.ch\/fr\/gestion-de-coproprietes\/","title":{"rendered":"Gestion de copropri\u00e9t\u00e9s"},"content":{"rendered":"\n<div class=\"wp-block-casasoft-blocks-container  bg-white align-items-lg-center cs-hero\"><div class=\"container\">\n<div class=\"wp-block-columns is-layout-flex wp-container-core-columns-is-layout-28f84493 wp-block-columns-is-layout-flex\">\n<div class=\"wp-block-column is-layout-flow wp-block-column-is-layout-flow\">\n<div class=\"wp-block-casasoft-blocks-card cs-card border-radius  large bg-white\"><div class=\"cs-card-content\">\n<div class=\"wp-block-casasoft-blocks-heading cs-heading\"><div class=\"cs-supertitle\">Services<\/div><h1 class=\"\">Gestion de copropri\u00e9t\u00e9s<\/h1><\/div>\n<\/div><\/div>\n<\/div>\n\n\n\n<div class=\"wp-block-column is-layout-flow wp-block-column-is-layout-flow\">\n<div class=\"wp-block-casasoft-blocks-image border-radius hero-image\"><img decoding=\"async\" src=\"https:\/\/www.assofide.ch\/wp-content\/uploads\/sites\/5\/2025\/04\/opt-header.webp\" alt=\"\" class=\"cs-image img-fluid semi-portrait hd\"\/><\/div>\n<\/div>\n<\/div>\n<\/div><\/div>\n\n\n\n<div class=\"wp-block-casasoft-blocks-container spacer-top-large spacer-bottom-small bg-light\"><div class=\"container\">\n<div class=\"wp-block-columns is-layout-flex wp-container-core-columns-is-layout-28f84493 wp-block-columns-is-layout-flex\">\n<div class=\"wp-block-column is-layout-flow wp-block-column-is-layout-flow\" style=\"flex-basis:66.66%\">\n<div class=\"wp-block-casasoft-blocks-heading cs-heading\"><div class=\"cs-supertitle\">Votre copropri\u00e9t\u00e9 entre de bonnes mains<\/div><h2 class=\"\">G\u00e9rance de copropri\u00e9t\u00e9s<\/h2><\/div>\n\n\n\n<p class=\"wp-block-casasoft-blocks-text text-small\">L\u2019\u00e9quipe du d\u00e9partement \u00ab&nbsp;G\u00e9rance des copropri\u00e9t\u00e9s&nbsp;\u00bb s\u2019occupe de r\u00e9gler tous les actes administratifs communs&nbsp; ainsi que toutes les t\u00e2ches en rapport avec les parties communes de l\u2019immeuble en g\u00e9rance (par ex. jardin, parkings, fa\u00e7ade, toiture, escaliers, ascenseur, chauffage central, piscine, etc.), ceci en conformit\u00e9 avec la loi et dans le respect du r\u00e8glement de la copropri\u00e9t\u00e9 et des d\u00e9cisions prises lors de l\u2019assembl\u00e9e g\u00e9n\u00e9rale des copropri\u00e9taires.<br><br>L\u2019assembl\u00e9e g\u00e9n\u00e9rale des copropri\u00e9taires est l\u2019organe majeur de la communaut\u00e9 des copropri\u00e9taires et donc indispensable \u00e0 sa gestion. Elle se r\u00e9unit au moins une fois par an et tous les copropri\u00e9taires y sont invit\u00e9s par le g\u00e9rant.<\/p>\n<\/div>\n<\/div>\n<\/div><\/div>\n\n\n\n<div class=\"wp-block-casasoft-blocks-container  spacer-bottom-large bg-light\"><div class=\"container\">\n<div class=\"wp-block-casasoft-blocks-heading cs-heading\"><h4 class=\"\">En d\u00e9tail, la g\u00e9rance d\u2019une copropri\u00e9t\u00e9 comprend:<br><\/h4><\/div>\n\n\n\n<div class=\"wp-block-columns is-layout-flex wp-container-core-columns-is-layout-28f84493 wp-block-columns-is-layout-flex\">\n<div class=\"wp-block-column is-layout-flow wp-block-column-is-layout-flow\">\n<ul class=\"wp-block-list\">\n<li>Tenue de la comptabilit\u00e9, y compris l\u2019estimation du budget<\/li>\n\n\n\n<li>Demandes de devis pour les travaux de r\u00e9novation ou de r\u00e9paration (par ex. fa\u00e7ade, balcon, etc.)<\/li>\n\n\n\n<li>Organisation et contr\u00f4le des travaux d\u2019entretien<\/li>\n\n\n\n<li>Contr\u00f4le de la bonne r\u00e9alisation des t\u00e2ches attribu\u00e9es au concierge<\/li>\n\n\n\n<li>Pr\u00e9paration de l\u2019assembl\u00e9e g\u00e9n\u00e9rale des copropri\u00e9taires (invitation, ordre du jour, traduction, proc\u00e8s-verbal)<\/li>\n\n\n\n<li>Tenue de la correspondance (avec les autorit\u00e9s, l\u2019AVS, les assurances pour le concierge)<\/li>\n<\/ul>\n<\/div>\n\n\n\n<div class=\"wp-block-column is-layout-flow wp-block-column-is-layout-flow\">\n<ul class=\"wp-block-list\">\n<li>Classification des documents concernant la copropri\u00e9t\u00e9 (diverses attestations de paiement, correspondance avec les copropri\u00e9taires, artisans, etc.)<\/li>\n\n\n\n<li>D\u00e9claration des divers dommages caus\u00e9s dans la copropri\u00e9t\u00e9 aupr\u00e8s des assurances et suivi jusqu\u2019\u00e0 la conclusion du dossier<\/li>\n\n\n\n<li>Elaboration, gestion et activit\u00e9s dans l\u2019int\u00e9r\u00eat de la copropri\u00e9t\u00e9 et dans le respect des services attendus de l\u2019administration<\/li>\n<\/ul>\n\n\n\n<div class=\"wp-block-casasoft-blocks-flexwrapper d-flex flex-wrap gap-default spacer-top-small  flex-lg-row justify-content-end\">\n<div><a class=\"btn btn-primary \" href=\"https:\/\/www.assofide.ch\/fr\/contact\/\">Contact<\/a><\/div>\n<\/div>\n<\/div>\n<\/div>\n<\/div><\/div>\n","protected":false},"excerpt":{"rendered":"","protected":false},"author":1,"featured_media":0,"parent":0,"menu_order":0,"comment_status":"closed","ping_status":"closed","template":"","meta":{"_acf_changed":false,"inline_featured_image":false,"footnotes":""},"class_list":["post-75559","page","type-page","status-publish","hentry"],"acf":[],"yoast_head":"<!-- This site is optimized with the Yoast SEO plugin v27.5 - https:\/\/yoast.com\/product\/yoast-seo-wordpress\/ -->\n<title>Gestion de copropri\u00e9t\u00e9s - Assofide SA<\/title>\n<meta name=\"robots\" content=\"index, follow, max-snippet:-1, max-image-preview:large, max-video-preview:-1\" \/>\n<link rel=\"canonical\" href=\"https:\/\/www.assofide.ch\/fr\/gestion-de-coproprietes\/\" \/>\n<meta property=\"og:locale\" content=\"fr_FR\" \/>\n<meta property=\"og:type\" content=\"article\" \/>\n<meta property=\"og:title\" content=\"Gestion de copropri\u00e9t\u00e9s - Assofide SA\" \/>\n<meta property=\"og:url\" content=\"https:\/\/www.assofide.ch\/fr\/gestion-de-coproprietes\/\" \/>\n<meta property=\"og:site_name\" content=\"Assofide SA\" \/>\n<meta property=\"article:modified_time\" content=\"2025-10-14T11:51:09+00:00\" \/>\n<meta property=\"og:image\" content=\"https:\/\/www.assofide.ch\/wp-content\/uploads\/sites\/5\/2025\/04\/opt-header.webp\" \/>\n<meta name=\"twitter:card\" content=\"summary_large_image\" \/>\n<meta name=\"twitter:label1\" content=\"Dur\u00e9e de lecture estim\u00e9e\" \/>\n\t<meta name=\"twitter:data1\" content=\"2 minutes\" \/>\n<script type=\"application\/ld+json\" class=\"yoast-schema-graph\">{\"@context\":\"https:\\\/\\\/schema.org\",\"@graph\":[{\"@type\":\"WebPage\",\"@id\":\"https:\\\/\\\/www.assofide.ch\\\/fr\\\/gestion-de-coproprietes\\\/\",\"url\":\"https:\\\/\\\/www.assofide.ch\\\/fr\\\/gestion-de-coproprietes\\\/\",\"name\":\"Gestion de copropri\u00e9t\u00e9s - Assofide SA\",\"isPartOf\":{\"@id\":\"https:\\\/\\\/www.assofide.ch\\\/fr\\\/#website\"},\"primaryImageOfPage\":{\"@id\":\"https:\\\/\\\/www.assofide.ch\\\/fr\\\/gestion-de-coproprietes\\\/#primaryimage\"},\"image\":{\"@id\":\"https:\\\/\\\/www.assofide.ch\\\/fr\\\/gestion-de-coproprietes\\\/#primaryimage\"},\"thumbnailUrl\":\"https:\\\/\\\/www.assofide.ch\\\/wp-content\\\/uploads\\\/sites\\\/5\\\/2025\\\/04\\\/opt-header.webp\",\"datePublished\":\"2025-07-10T09:40:00+00:00\",\"dateModified\":\"2025-10-14T11:51:09+00:00\",\"breadcrumb\":{\"@id\":\"https:\\\/\\\/www.assofide.ch\\\/fr\\\/gestion-de-coproprietes\\\/#breadcrumb\"},\"inLanguage\":\"fr-FR\",\"potentialAction\":[{\"@type\":\"ReadAction\",\"target\":[\"https:\\\/\\\/www.assofide.ch\\\/fr\\\/gestion-de-coproprietes\\\/\"]}]},{\"@type\":\"ImageObject\",\"inLanguage\":\"fr-FR\",\"@id\":\"https:\\\/\\\/www.assofide.ch\\\/fr\\\/gestion-de-coproprietes\\\/#primaryimage\",\"url\":\"https:\\\/\\\/www.assofide.ch\\\/wp-content\\\/uploads\\\/sites\\\/5\\\/2025\\\/04\\\/opt-header.webp\",\"contentUrl\":\"https:\\\/\\\/www.assofide.ch\\\/wp-content\\\/uploads\\\/sites\\\/5\\\/2025\\\/04\\\/opt-header.webp\"},{\"@type\":\"BreadcrumbList\",\"@id\":\"https:\\\/\\\/www.assofide.ch\\\/fr\\\/gestion-de-coproprietes\\\/#breadcrumb\",\"itemListElement\":[{\"@type\":\"ListItem\",\"position\":1,\"name\":\"Home\",\"item\":\"https:\\\/\\\/www.assofide.ch\\\/fr\\\/\"},{\"@type\":\"ListItem\",\"position\":2,\"name\":\"Gestion de copropri\u00e9t\u00e9s\"}]},{\"@type\":\"WebSite\",\"@id\":\"https:\\\/\\\/www.assofide.ch\\\/fr\\\/#website\",\"url\":\"https:\\\/\\\/www.assofide.ch\\\/fr\\\/\",\"name\":\"Assofide SA\",\"description\":\"\",\"publisher\":{\"@id\":\"https:\\\/\\\/www.assofide.ch\\\/fr\\\/#organization\"},\"potentialAction\":[{\"@type\":\"SearchAction\",\"target\":{\"@type\":\"EntryPoint\",\"urlTemplate\":\"https:\\\/\\\/www.assofide.ch\\\/fr\\\/?s={search_term_string}\"},\"query-input\":{\"@type\":\"PropertyValueSpecification\",\"valueRequired\":true,\"valueName\":\"search_term_string\"}}],\"inLanguage\":\"fr-FR\"},{\"@type\":\"Organization\",\"@id\":\"https:\\\/\\\/www.assofide.ch\\\/fr\\\/#organization\",\"name\":\"Assofide SA\",\"url\":\"https:\\\/\\\/www.assofide.ch\\\/fr\\\/\",\"logo\":{\"@type\":\"ImageObject\",\"inLanguage\":\"fr-FR\",\"@id\":\"https:\\\/\\\/www.assofide.ch\\\/fr\\\/#\\\/schema\\\/logo\\\/image\\\/\",\"url\":\"https:\\\/\\\/www.assofide.ch\\\/wp-content\\\/uploads\\\/sites\\\/5\\\/2025\\\/12\\\/assofide_logo.svg\",\"contentUrl\":\"https:\\\/\\\/www.assofide.ch\\\/wp-content\\\/uploads\\\/sites\\\/5\\\/2025\\\/12\\\/assofide_logo.svg\",\"width\":600,\"height\":666,\"caption\":\"Assofide SA\"},\"image\":{\"@id\":\"https:\\\/\\\/www.assofide.ch\\\/fr\\\/#\\\/schema\\\/logo\\\/image\\\/\"}}]}<\/script>\n<!-- \/ Yoast SEO plugin. -->","yoast_head_json":{"title":"Gestion de copropri\u00e9t\u00e9s - Assofide SA","robots":{"index":"index","follow":"follow","max-snippet":"max-snippet:-1","max-image-preview":"max-image-preview:large","max-video-preview":"max-video-preview:-1"},"canonical":"https:\/\/www.assofide.ch\/fr\/gestion-de-coproprietes\/","og_locale":"fr_FR","og_type":"article","og_title":"Gestion de copropri\u00e9t\u00e9s - Assofide SA","og_url":"https:\/\/www.assofide.ch\/fr\/gestion-de-coproprietes\/","og_site_name":"Assofide SA","article_modified_time":"2025-10-14T11:51:09+00:00","og_image":[{"url":"https:\/\/www.assofide.ch\/wp-content\/uploads\/sites\/5\/2025\/04\/opt-header.webp","type":"","width":"","height":""}],"twitter_card":"summary_large_image","twitter_misc":{"Dur\u00e9e de lecture estim\u00e9e":"2 minutes"},"schema":{"@context":"https:\/\/schema.org","@graph":[{"@type":"WebPage","@id":"https:\/\/www.assofide.ch\/fr\/gestion-de-coproprietes\/","url":"https:\/\/www.assofide.ch\/fr\/gestion-de-coproprietes\/","name":"Gestion de copropri\u00e9t\u00e9s - Assofide SA","isPartOf":{"@id":"https:\/\/www.assofide.ch\/fr\/#website"},"primaryImageOfPage":{"@id":"https:\/\/www.assofide.ch\/fr\/gestion-de-coproprietes\/#primaryimage"},"image":{"@id":"https:\/\/www.assofide.ch\/fr\/gestion-de-coproprietes\/#primaryimage"},"thumbnailUrl":"https:\/\/www.assofide.ch\/wp-content\/uploads\/sites\/5\/2025\/04\/opt-header.webp","datePublished":"2025-07-10T09:40:00+00:00","dateModified":"2025-10-14T11:51:09+00:00","breadcrumb":{"@id":"https:\/\/www.assofide.ch\/fr\/gestion-de-coproprietes\/#breadcrumb"},"inLanguage":"fr-FR","potentialAction":[{"@type":"ReadAction","target":["https:\/\/www.assofide.ch\/fr\/gestion-de-coproprietes\/"]}]},{"@type":"ImageObject","inLanguage":"fr-FR","@id":"https:\/\/www.assofide.ch\/fr\/gestion-de-coproprietes\/#primaryimage","url":"https:\/\/www.assofide.ch\/wp-content\/uploads\/sites\/5\/2025\/04\/opt-header.webp","contentUrl":"https:\/\/www.assofide.ch\/wp-content\/uploads\/sites\/5\/2025\/04\/opt-header.webp"},{"@type":"BreadcrumbList","@id":"https:\/\/www.assofide.ch\/fr\/gestion-de-coproprietes\/#breadcrumb","itemListElement":[{"@type":"ListItem","position":1,"name":"Home","item":"https:\/\/www.assofide.ch\/fr\/"},{"@type":"ListItem","position":2,"name":"Gestion de copropri\u00e9t\u00e9s"}]},{"@type":"WebSite","@id":"https:\/\/www.assofide.ch\/fr\/#website","url":"https:\/\/www.assofide.ch\/fr\/","name":"Assofide SA","description":"","publisher":{"@id":"https:\/\/www.assofide.ch\/fr\/#organization"},"potentialAction":[{"@type":"SearchAction","target":{"@type":"EntryPoint","urlTemplate":"https:\/\/www.assofide.ch\/fr\/?s={search_term_string}"},"query-input":{"@type":"PropertyValueSpecification","valueRequired":true,"valueName":"search_term_string"}}],"inLanguage":"fr-FR"},{"@type":"Organization","@id":"https:\/\/www.assofide.ch\/fr\/#organization","name":"Assofide SA","url":"https:\/\/www.assofide.ch\/fr\/","logo":{"@type":"ImageObject","inLanguage":"fr-FR","@id":"https:\/\/www.assofide.ch\/fr\/#\/schema\/logo\/image\/","url":"https:\/\/www.assofide.ch\/wp-content\/uploads\/sites\/5\/2025\/12\/assofide_logo.svg","contentUrl":"https:\/\/www.assofide.ch\/wp-content\/uploads\/sites\/5\/2025\/12\/assofide_logo.svg","width":600,"height":666,"caption":"Assofide SA"},"image":{"@id":"https:\/\/www.assofide.ch\/fr\/#\/schema\/logo\/image\/"}}]}},"_links":{"self":[{"href":"https:\/\/www.assofide.ch\/fr\/wp-json\/wp\/v2\/pages\/75559","targetHints":{"allow":["GET"]}}],"collection":[{"href":"https:\/\/www.assofide.ch\/fr\/wp-json\/wp\/v2\/pages"}],"about":[{"href":"https:\/\/www.assofide.ch\/fr\/wp-json\/wp\/v2\/types\/page"}],"author":[{"embeddable":true,"href":"https:\/\/www.assofide.ch\/fr\/wp-json\/wp\/v2\/users\/1"}],"replies":[{"embeddable":true,"href":"https:\/\/www.assofide.ch\/fr\/wp-json\/wp\/v2\/comments?post=75559"}],"version-history":[{"count":0,"href":"https:\/\/www.assofide.ch\/fr\/wp-json\/wp\/v2\/pages\/75559\/revisions"}],"wp:attachment":[{"href":"https:\/\/www.assofide.ch\/fr\/wp-json\/wp\/v2\/media?parent=75559"}],"curies":[{"name":"wp","href":"https:\/\/api.w.org\/{rel}","templated":true}]}}