{"id":74443,"date":"2025-04-29T13:53:30","date_gmt":"2025-04-29T11:53:30","guid":{"rendered":"https:\/\/assofide.onyx.casasoft.ch\/immobilienvermittlung\/"},"modified":"2025-10-14T13:50:24","modified_gmt":"2025-10-14T11:50:24","slug":"courtage-immobilier","status":"publish","type":"page","link":"https:\/\/www.assofide.ch\/fr\/courtage-immobilier\/","title":{"rendered":"Courtage immobilier"},"content":{"rendered":"\n<div class=\"wp-block-casasoft-blocks-container  bg-white align-items-lg-center cs-hero\"><div class=\"container\">\n<div class=\"wp-block-columns is-layout-flex wp-container-core-columns-is-layout-28f84493 wp-block-columns-is-layout-flex\">\n<div class=\"wp-block-column is-layout-flow wp-block-column-is-layout-flow\">\n<div class=\"wp-block-casasoft-blocks-card cs-card border-radius  large bg-white\"><div class=\"cs-card-content\">\n<div class=\"wp-block-casasoft-blocks-heading cs-heading\"><div class=\"cs-supertitle\">Services<\/div><h1 class=\"\">Courtage immobilier<\/h1><\/div>\n<\/div><\/div>\n<\/div>\n\n\n\n<div class=\"wp-block-column is-layout-flow wp-block-column-is-layout-flow\">\n<div class=\"wp-block-casasoft-blocks-image border-radius hero-image\"><img decoding=\"async\" src=\"https:\/\/www.assofide.ch\/wp-content\/uploads\/sites\/5\/2025\/04\/opt-header.webp\" alt=\"\" class=\"cs-image img-fluid semi-portrait hd\"\/><\/div>\n<\/div>\n<\/div>\n<\/div><\/div>\n\n\n\n<div class=\"wp-block-casasoft-blocks-container spacer-top-large spacer-bottom-small bg-light\"><div class=\"container\">\n<div class=\"wp-block-columns is-layout-flex wp-container-core-columns-is-layout-28f84493 wp-block-columns-is-layout-flex\">\n<div class=\"wp-block-column is-layout-flow wp-block-column-is-layout-flow\" style=\"flex-basis:66.66%\">\n<div class=\"wp-block-casasoft-blocks-heading cs-heading\"><div class=\"cs-supertitle\">Nous sommes les interm\u00e9diaires de votre transation immobili\u00e8re<\/div><h2 class=\"\">Courtage immobilier<\/h2><\/div>\n\n\n\n<p class=\"wp-block-casasoft-blocks-text text-small\">L\u2019\u00e9quipe du d\u00e9partement \u00ab\u00a0Courtage immobilier\u00a0\u00bb assure \u00e0 tous ses clients un suivi professionnel, s\u00e9rieux et efficace, durant toutes les phases de l\u2019achat et de la vente de terrains ou de propri\u00e9t\u00e9s telles que maisons, villas, appartements, immeubles, terrains, magasins, rusticos, etc.<br><br>Gr\u00e2ce \u00e0 notre longue exp\u00e9rience, nous sommes \u00e0 m\u00eame de proposer des prestations compl\u00e8tes et appropri\u00e9es durant toutes les \u00e9tapes de l\u2019achat et de la vente et ceci en ce qui concerne tous les int\u00e9r\u00eats li\u00e9s aux questions techniques, juridiques, commerciales et financi\u00e8res.<br><br>Nous appuyant sur notre vaste portefeuille de clients et d\u2019objets ainsi que sur le r\u00e9seau relationnel important que nous avons su construire au fil des ann\u00e9es dans la r\u00e9gion, nous pouvons r\u00e9pondre de fa\u00e7on optimale \u00e0 tous les besoins et garantir des r\u00e9sultats rapides et pr\u00e9cis.<\/p>\n<\/div>\n<\/div>\n<\/div><\/div>\n\n\n\n<div class=\"wp-block-casasoft-blocks-container  spacer-bottom-large bg-light\"><div class=\"container\">\n<div class=\"wp-block-casasoft-blocks-heading cs-heading\"><h4 class=\"\">Les principales t\u00e2ches du d\u00e9partement \u00ab\u00a0Courtage immobilier\u00a0\u00bb sont:<\/h4><\/div>\n\n\n\n<div class=\"wp-block-columns is-layout-flex wp-container-core-columns-is-layout-28f84493 wp-block-columns-is-layout-flex\">\n<div class=\"wp-block-column is-layout-flow wp-block-column-is-layout-flow\">\n<ul class=\"wp-block-list\">\n<li>Recherche de nouveaux objets et mise \u00e0 jour du portefeuille<\/li>\n\n\n\n<li>Visites, prises de photos, rapports<\/li>\n\n\n\n<li>Contacts avec les autorit\u00e9s cantonales ou communales concernant diverses questions bureaucratiques (extraits de cadastre, droit d\u2019achat des \u00e9trangers, etc.)<\/li>\n\n\n\n<li>Elaboration de la documentation de vente, pr\u00e9paration des annonces et des mails, sous forme papier ou informatique<\/li>\n<\/ul>\n<\/div>\n\n\n\n<div class=\"wp-block-column is-layout-flow wp-block-column-is-layout-flow\">\n<ul class=\"wp-block-list\">\n<li>Service t\u00e9l\u00e9phonique et correspondance en diverses langues avec les propri\u00e9taires et les acqu\u00e9reurs<\/li>\n\n\n\n<li>Actualisation du site Web d\u2019Assofide<\/li>\n\n\n\n<li>Visite d\u2019objets avec les clients potentiels<\/li>\n\n\n\n<li>Rapports r\u00e9guliers aux vendeurs sur l\u2019\u00e9volution des objets propos\u00e9s aux clients par Assofide<\/li>\n<\/ul>\n\n\n\n<div class=\"wp-block-casasoft-blocks-flexwrapper d-flex flex-wrap gap-default spacer-top-small  flex-lg-row justify-content-end\">\n<div><a class=\"btn btn-primary \" href=\"https:\/\/www.assofide.ch\/fr\/contact\/\">Contact<\/a><\/div>\n<\/div>\n<\/div>\n<\/div>\n<\/div><\/div>\n","protected":false},"excerpt":{"rendered":"","protected":false},"author":1,"featured_media":0,"parent":0,"menu_order":0,"comment_status":"closed","ping_status":"closed","template":"","meta":{"_acf_changed":false,"inline_featured_image":false,"footnotes":""},"class_list":["post-74443","page","type-page","status-publish","hentry"],"acf":[],"yoast_head":"<!-- This site is optimized with the Yoast SEO plugin v27.5 - https:\/\/yoast.com\/product\/yoast-seo-wordpress\/ -->\n<title>Courtage immobilier - Assofide SA<\/title>\n<meta name=\"robots\" content=\"index, follow, max-snippet:-1, max-image-preview:large, max-video-preview:-1\" \/>\n<link rel=\"canonical\" href=\"https:\/\/www.assofide.ch\/fr\/courtage-immobilier\/\" \/>\n<meta property=\"og:locale\" content=\"fr_FR\" \/>\n<meta property=\"og:type\" content=\"article\" \/>\n<meta property=\"og:title\" content=\"Courtage immobilier - Assofide SA\" \/>\n<meta property=\"og:url\" content=\"https:\/\/www.assofide.ch\/fr\/courtage-immobilier\/\" \/>\n<meta property=\"og:site_name\" content=\"Assofide SA\" \/>\n<meta property=\"article:modified_time\" content=\"2025-10-14T11:50:24+00:00\" \/>\n<meta property=\"og:image\" content=\"https:\/\/www.assofide.ch\/wp-content\/uploads\/sites\/5\/2025\/04\/opt-header.webp\" \/>\n<meta name=\"twitter:card\" content=\"summary_large_image\" \/>\n<meta name=\"twitter:label1\" content=\"Dur\u00e9e de lecture estim\u00e9e\" \/>\n\t<meta name=\"twitter:data1\" content=\"2 minutes\" \/>\n<script type=\"application\/ld+json\" class=\"yoast-schema-graph\">{\"@context\":\"https:\\\/\\\/schema.org\",\"@graph\":[{\"@type\":\"WebPage\",\"@id\":\"https:\\\/\\\/www.assofide.ch\\\/fr\\\/courtage-immobilier\\\/\",\"url\":\"https:\\\/\\\/www.assofide.ch\\\/fr\\\/courtage-immobilier\\\/\",\"name\":\"Courtage immobilier - Assofide SA\",\"isPartOf\":{\"@id\":\"https:\\\/\\\/www.assofide.ch\\\/fr\\\/#website\"},\"primaryImageOfPage\":{\"@id\":\"https:\\\/\\\/www.assofide.ch\\\/fr\\\/courtage-immobilier\\\/#primaryimage\"},\"image\":{\"@id\":\"https:\\\/\\\/www.assofide.ch\\\/fr\\\/courtage-immobilier\\\/#primaryimage\"},\"thumbnailUrl\":\"https:\\\/\\\/www.assofide.ch\\\/wp-content\\\/uploads\\\/sites\\\/5\\\/2025\\\/04\\\/opt-header.webp\",\"datePublished\":\"2025-04-29T11:53:30+00:00\",\"dateModified\":\"2025-10-14T11:50:24+00:00\",\"breadcrumb\":{\"@id\":\"https:\\\/\\\/www.assofide.ch\\\/fr\\\/courtage-immobilier\\\/#breadcrumb\"},\"inLanguage\":\"fr-FR\",\"potentialAction\":[{\"@type\":\"ReadAction\",\"target\":[\"https:\\\/\\\/www.assofide.ch\\\/fr\\\/courtage-immobilier\\\/\"]}]},{\"@type\":\"ImageObject\",\"inLanguage\":\"fr-FR\",\"@id\":\"https:\\\/\\\/www.assofide.ch\\\/fr\\\/courtage-immobilier\\\/#primaryimage\",\"url\":\"https:\\\/\\\/www.assofide.ch\\\/wp-content\\\/uploads\\\/sites\\\/5\\\/2025\\\/04\\\/opt-header.webp\",\"contentUrl\":\"https:\\\/\\\/www.assofide.ch\\\/wp-content\\\/uploads\\\/sites\\\/5\\\/2025\\\/04\\\/opt-header.webp\"},{\"@type\":\"BreadcrumbList\",\"@id\":\"https:\\\/\\\/www.assofide.ch\\\/fr\\\/courtage-immobilier\\\/#breadcrumb\",\"itemListElement\":[{\"@type\":\"ListItem\",\"position\":1,\"name\":\"Home\",\"item\":\"https:\\\/\\\/www.assofide.ch\\\/fr\\\/\"},{\"@type\":\"ListItem\",\"position\":2,\"name\":\"Courtage immobilier\"}]},{\"@type\":\"WebSite\",\"@id\":\"https:\\\/\\\/www.assofide.ch\\\/fr\\\/#website\",\"url\":\"https:\\\/\\\/www.assofide.ch\\\/fr\\\/\",\"name\":\"Assofide SA\",\"description\":\"\",\"publisher\":{\"@id\":\"https:\\\/\\\/www.assofide.ch\\\/fr\\\/#organization\"},\"potentialAction\":[{\"@type\":\"SearchAction\",\"target\":{\"@type\":\"EntryPoint\",\"urlTemplate\":\"https:\\\/\\\/www.assofide.ch\\\/fr\\\/?s={search_term_string}\"},\"query-input\":{\"@type\":\"PropertyValueSpecification\",\"valueRequired\":true,\"valueName\":\"search_term_string\"}}],\"inLanguage\":\"fr-FR\"},{\"@type\":\"Organization\",\"@id\":\"https:\\\/\\\/www.assofide.ch\\\/fr\\\/#organization\",\"name\":\"Assofide SA\",\"url\":\"https:\\\/\\\/www.assofide.ch\\\/fr\\\/\",\"logo\":{\"@type\":\"ImageObject\",\"inLanguage\":\"fr-FR\",\"@id\":\"https:\\\/\\\/www.assofide.ch\\\/fr\\\/#\\\/schema\\\/logo\\\/image\\\/\",\"url\":\"https:\\\/\\\/www.assofide.ch\\\/wp-content\\\/uploads\\\/sites\\\/5\\\/2025\\\/12\\\/assofide_logo.svg\",\"contentUrl\":\"https:\\\/\\\/www.assofide.ch\\\/wp-content\\\/uploads\\\/sites\\\/5\\\/2025\\\/12\\\/assofide_logo.svg\",\"width\":600,\"height\":666,\"caption\":\"Assofide SA\"},\"image\":{\"@id\":\"https:\\\/\\\/www.assofide.ch\\\/fr\\\/#\\\/schema\\\/logo\\\/image\\\/\"}}]}<\/script>\n<!-- \/ Yoast SEO plugin. -->","yoast_head_json":{"title":"Courtage immobilier - Assofide SA","robots":{"index":"index","follow":"follow","max-snippet":"max-snippet:-1","max-image-preview":"max-image-preview:large","max-video-preview":"max-video-preview:-1"},"canonical":"https:\/\/www.assofide.ch\/fr\/courtage-immobilier\/","og_locale":"fr_FR","og_type":"article","og_title":"Courtage immobilier - Assofide SA","og_url":"https:\/\/www.assofide.ch\/fr\/courtage-immobilier\/","og_site_name":"Assofide SA","article_modified_time":"2025-10-14T11:50:24+00:00","og_image":[{"url":"https:\/\/www.assofide.ch\/wp-content\/uploads\/sites\/5\/2025\/04\/opt-header.webp","type":"","width":"","height":""}],"twitter_card":"summary_large_image","twitter_misc":{"Dur\u00e9e de lecture estim\u00e9e":"2 minutes"},"schema":{"@context":"https:\/\/schema.org","@graph":[{"@type":"WebPage","@id":"https:\/\/www.assofide.ch\/fr\/courtage-immobilier\/","url":"https:\/\/www.assofide.ch\/fr\/courtage-immobilier\/","name":"Courtage immobilier - Assofide SA","isPartOf":{"@id":"https:\/\/www.assofide.ch\/fr\/#website"},"primaryImageOfPage":{"@id":"https:\/\/www.assofide.ch\/fr\/courtage-immobilier\/#primaryimage"},"image":{"@id":"https:\/\/www.assofide.ch\/fr\/courtage-immobilier\/#primaryimage"},"thumbnailUrl":"https:\/\/www.assofide.ch\/wp-content\/uploads\/sites\/5\/2025\/04\/opt-header.webp","datePublished":"2025-04-29T11:53:30+00:00","dateModified":"2025-10-14T11:50:24+00:00","breadcrumb":{"@id":"https:\/\/www.assofide.ch\/fr\/courtage-immobilier\/#breadcrumb"},"inLanguage":"fr-FR","potentialAction":[{"@type":"ReadAction","target":["https:\/\/www.assofide.ch\/fr\/courtage-immobilier\/"]}]},{"@type":"ImageObject","inLanguage":"fr-FR","@id":"https:\/\/www.assofide.ch\/fr\/courtage-immobilier\/#primaryimage","url":"https:\/\/www.assofide.ch\/wp-content\/uploads\/sites\/5\/2025\/04\/opt-header.webp","contentUrl":"https:\/\/www.assofide.ch\/wp-content\/uploads\/sites\/5\/2025\/04\/opt-header.webp"},{"@type":"BreadcrumbList","@id":"https:\/\/www.assofide.ch\/fr\/courtage-immobilier\/#breadcrumb","itemListElement":[{"@type":"ListItem","position":1,"name":"Home","item":"https:\/\/www.assofide.ch\/fr\/"},{"@type":"ListItem","position":2,"name":"Courtage immobilier"}]},{"@type":"WebSite","@id":"https:\/\/www.assofide.ch\/fr\/#website","url":"https:\/\/www.assofide.ch\/fr\/","name":"Assofide SA","description":"","publisher":{"@id":"https:\/\/www.assofide.ch\/fr\/#organization"},"potentialAction":[{"@type":"SearchAction","target":{"@type":"EntryPoint","urlTemplate":"https:\/\/www.assofide.ch\/fr\/?s={search_term_string}"},"query-input":{"@type":"PropertyValueSpecification","valueRequired":true,"valueName":"search_term_string"}}],"inLanguage":"fr-FR"},{"@type":"Organization","@id":"https:\/\/www.assofide.ch\/fr\/#organization","name":"Assofide SA","url":"https:\/\/www.assofide.ch\/fr\/","logo":{"@type":"ImageObject","inLanguage":"fr-FR","@id":"https:\/\/www.assofide.ch\/fr\/#\/schema\/logo\/image\/","url":"https:\/\/www.assofide.ch\/wp-content\/uploads\/sites\/5\/2025\/12\/assofide_logo.svg","contentUrl":"https:\/\/www.assofide.ch\/wp-content\/uploads\/sites\/5\/2025\/12\/assofide_logo.svg","width":600,"height":666,"caption":"Assofide SA"},"image":{"@id":"https:\/\/www.assofide.ch\/fr\/#\/schema\/logo\/image\/"}}]}},"_links":{"self":[{"href":"https:\/\/www.assofide.ch\/fr\/wp-json\/wp\/v2\/pages\/74443","targetHints":{"allow":["GET"]}}],"collection":[{"href":"https:\/\/www.assofide.ch\/fr\/wp-json\/wp\/v2\/pages"}],"about":[{"href":"https:\/\/www.assofide.ch\/fr\/wp-json\/wp\/v2\/types\/page"}],"author":[{"embeddable":true,"href":"https:\/\/www.assofide.ch\/fr\/wp-json\/wp\/v2\/users\/1"}],"replies":[{"embeddable":true,"href":"https:\/\/www.assofide.ch\/fr\/wp-json\/wp\/v2\/comments?post=74443"}],"version-history":[{"count":0,"href":"https:\/\/www.assofide.ch\/fr\/wp-json\/wp\/v2\/pages\/74443\/revisions"}],"wp:attachment":[{"href":"https:\/\/www.assofide.ch\/fr\/wp-json\/wp\/v2\/media?parent=74443"}],"curies":[{"name":"wp","href":"https:\/\/api.w.org\/{rel}","templated":true}]}}