{"id":7081,"date":"2025-01-27T10:21:08","date_gmt":"2025-01-27T09:21:08","guid":{"rendered":"https:\/\/assofide.onyx.casasoft.ch\/ueber-uns\/"},"modified":"2026-03-17T08:46:36","modified_gmt":"2026-03-17T07:46:36","slug":"a-propos-de-nous","status":"publish","type":"page","link":"https:\/\/www.assofide.ch\/fr\/a-propos-de-nous\/","title":{"rendered":"\u00c0 propos de nous"},"content":{"rendered":"\n<div class=\"wp-block-casasoft-blocks-container  bg-white align-items-lg-center cs-hero\"><div class=\"container\">\n<div class=\"wp-block-columns is-layout-flex wp-container-core-columns-is-layout-28f84493 wp-block-columns-is-layout-flex\">\n<div class=\"wp-block-column is-layout-flow wp-block-column-is-layout-flow\">\n<div class=\"wp-block-casasoft-blocks-card cs-card border-radius icon-normal large bg-white\"><div class=\"cs-card-content\">\n<div class=\"wp-block-casasoft-blocks-heading cs-heading\"><div class=\"cs-supertitle\">Qui sommes-nous<\/div><h1 class=\"\">Assofide SA<br>de 1924 \u00e0 nos jours<\/h1><\/div>\n<\/div><\/div>\n<\/div>\n\n\n\n<div class=\"wp-block-column is-layout-flow wp-block-column-is-layout-flow\">\n<div class=\"wp-block-casasoft-blocks-image border-radius hero-image\"><img decoding=\"async\" src=\"https:\/\/www.assofide.ch\/wp-content\/uploads\/sites\/5\/2025\/10\/MAR_5884.webp\" alt=\"\" class=\"cs-image img-fluid semi-portrait full\"\/><\/div>\n<\/div>\n<\/div>\n<\/div><\/div>\n\n\n\n<div class=\"wp-block-casasoft-blocks-container spacer-top-large spacer-bottom-large bg-primary\"><div class=\"container\">\n<div class=\"wp-block-columns is-layout-flex wp-container-core-columns-is-layout-28f84493 wp-block-columns-is-layout-flex\">\n<div class=\"wp-block-column is-layout-flow wp-block-column-is-layout-flow\">\n<p class=\"wp-block-casasoft-blocks-text text-small\">Au d\u00e9but du si\u00e8cle dernier, la Piazza Grande de Locarno \u00e9tait le centre vital de la r\u00e9gion.&nbsp;C\u2019est en bordure de cette m\u00eame Piazza Grande qu\u2019Oreste Borghi ouvrit en 1924 l\u2019agence immobili\u00e8re portant son nom.&nbsp;Oreste Borghi comprit rapidement les aspirations des premiers touristes, il fut le pionnier du concept moderne de copropri\u00e9t\u00e9 (\u00ab&nbsp;condominio&nbsp;\u00bb en italien) telle que nous la connaissons aujourd\u2019hui. Il fit construire la premi\u00e8re copropri\u00e9t\u00e9 \u00e0 Minusio, au d\u00e9but des ann\u00e9es soixante et \u00e9labora \u00e0 cette occasion un r\u00e8glement sur la fa\u00e7on dont les copropri\u00e9taires devaient se comporter afin de respecter la vie en communaut\u00e9.&nbsp;Au fil des ans, la ville de Locarno devint un centre touristique important et c\u2019est ainsi que l\u2019on commen\u00e7a \u00e0 construire de plus en plus en hauteur. Les copropri\u00e9t\u00e9s et les nouvelles constructions se multipliaient, le march\u00e9 \u00e9tait florissant et les appartements se vendaient sur plans. C\u2019\u00e9taient les ann\u00e9es glorieuses du boum immobilier.<\/p>\n<\/div>\n\n\n\n<div class=\"wp-block-column is-layout-flow wp-block-column-is-layout-flow\">\n<p class=\"wp-block-casasoft-blocks-text text-small\">Lorsque le fondateur de la soci\u00e9t\u00e9, Oreste Borghi, mourut en 1972, son fils Silvio reprit la direction de l\u2019agence. C\u2019est \u00e0 la m\u00eame \u00e9poque que l\u2019on vit se profiler une crise immobili\u00e8re. Le march\u00e9 stagnait et l\u2019agence immobili\u00e8re en ressentit \u00e9galement les effets. Apr\u00e8s le d\u00e9c\u00e8s de Silvio Borghi en 1983, la soci\u00e9t\u00e9 changea plusieurs fois de propri\u00e9taires et de nom avant de prendre celui d\u2019Assofide SA. C\u2019est en 1993 que Giancarlo Cotti reprit les r\u00eanes de l\u2019entreprise; Assofide SA se composait alors du directeur, Giancarlo Cotti, d\u2019Erica Borghi, responsable des ventes, et de trois autres collaborateurs.&nbsp;Sous cette nouvelle direction, Assofide a connu un bel essor. La soci\u00e9t\u00e9 a \u00e9t\u00e9 restructur\u00e9e et divis\u00e9e en diff\u00e9rents d\u00e9partements tels que r\u00e9gie immobili\u00e8re, g\u00e9rance de copropri\u00e9t\u00e9s et ventes auxquels est venu s\u2019ajouter par la suite le d\u00e9partement des traductions techniques.&nbsp;Assofide SA compte aujourd\u2019hui 40 collaborateurs et collaboratrices.<\/p>\n<\/div>\n<\/div>\n<\/div><\/div>\n\n\n\n<div class=\"wp-block-casasoft-blocks-container spacer-top-large spacer-bottom-large bg-white  team-pattern\"><div class=\"container\">\n<div class=\"wp-block-casasoft-blocks-heading cs-heading spacer-bottom-small\"><h2 class=\"\">L&rsquo;\u00e9quipe de direction<\/h2><\/div>\n\n\n        <div class=\"team-posts\">\n                        <div class=\"row\" id=\"teamResults\">\n                                            <div class=\"col-xl-3 col-lg-6 margin-bottom-md\">\n                                <div class=\"team-member\">\n\n    \n    <div class=\"team-member__image-outer margin-bottom-s\">\n                    <div class=\"team-member__image lazyload portrait\" data-bg=\"https:\/\/www.assofide.ch\/wp-content\/uploads\/sites\/5\/2025\/05\/Giancarlo-Cotti-683x1024.jpg\"><\/div>\n            <\/div>                        \n    <div class=\"team-member__inner\">\n        <h3>\n            Giancarlo Cotti        <\/h3>\n                    <div class=\"team-member__position color-silver margin-bottom-sm\">\n                <p>D\u00e9l\u00e9gu\u00e9 du conseil d\u2019administration<\/p>\n            <\/div>\n                <div class=\"team-member__links d-flex flex-column gap-6 margin-bottom-s\">\n                                <\/div>  \n                  \n    <\/div>\n\n    <\/div>                            <\/div>\n                                                    <div class=\"col-xl-3 col-lg-6 margin-bottom-md\">\n                                <div class=\"team-member\">\n\n    \n    <div class=\"team-member__image-outer margin-bottom-s\">\n                    <div class=\"team-member__image lazyload portrait\" data-bg=\"https:\/\/www.assofide.ch\/wp-content\/uploads\/sites\/5\/2025\/05\/Loredana-Cotti-Marti-683x1024.jpg\"><\/div>\n            <\/div>                        \n    <div class=\"team-member__inner\">\n        <h3>\n            Loredana Cotti Marti        <\/h3>\n                    <div class=\"team-member__position color-silver margin-bottom-sm\">\n                <p>Membre du conseil d\u2019administration<br \/>\nVice-directrice<\/p>\n            <\/div>\n                <div class=\"team-member__links d-flex flex-column gap-6 margin-bottom-s\">\n                                <\/div>  \n                  \n    <\/div>\n\n    <\/div>                            <\/div>\n                                                    <div class=\"col-xl-3 col-lg-6 margin-bottom-md\">\n                                <div class=\"team-member\">\n\n    \n    <div class=\"team-member__image-outer margin-bottom-s\">\n                    <div class=\"team-member__image lazyload portrait\" data-bg=\"https:\/\/www.assofide.ch\/wp-content\/uploads\/sites\/5\/2025\/05\/Cornelia-Giamp\u2026-683x1024.jpg\"><\/div>\n            <\/div>                        \n    <div class=\"team-member__inner\">\n        <h3>\n            Cornelia Giamp\u00e0        <\/h3>\n                    <div class=\"team-member__position color-silver margin-bottom-sm\">\n                <p>Membre du conseil d\u2019administration<br \/>\nVice-directrice<br \/>\nAssistante de direction<\/p>\n            <\/div>\n                <div class=\"team-member__links d-flex flex-column gap-6 margin-bottom-s\">\n                                <\/div>  \n                  \n    <\/div>\n\n    <\/div>                            <\/div>\n                                                    <div class=\"col-xl-3 col-lg-6 margin-bottom-md\">\n                                <div class=\"team-member\">\n\n    \n    <div class=\"team-member__image-outer margin-bottom-s\">\n                    <div class=\"team-member__image lazyload portrait\" data-bg=\"https:\/\/www.assofide.ch\/wp-content\/uploads\/sites\/5\/2025\/05\/Simone-Nolli-1024x682.jpg\"><\/div>\n            <\/div>                        \n    <div class=\"team-member__inner\">\n        <h3>\n            Simone Nolli        <\/h3>\n                    <div class=\"team-member__position color-silver margin-bottom-sm\">\n                <p>Directeur<br \/>\nExpert-comptable fiduciaire<br \/>\nSp\u00e9cialiste en finance et comptabilit\u00e9<\/p>\n            <\/div>\n                <div class=\"team-member__links d-flex flex-column gap-6 margin-bottom-s\">\n                                <\/div>  \n                  \n    <\/div>\n\n    <\/div>                            <\/div>\n                                                    <div class=\"col-xl-3 col-lg-6 margin-bottom-md\">\n                                <div class=\"team-member\">\n\n    \n    <div class=\"team-member__image-outer margin-bottom-s\">\n                    <div class=\"team-member__image lazyload portrait\" data-bg=\"https:\/\/www.assofide.ch\/wp-content\/uploads\/sites\/5\/2025\/05\/Fabiano-Mancini-683x1024.jpg\"><\/div>\n            <\/div>                        \n    <div class=\"team-member__inner\">\n        <h3>\n            Fabiano Mancini        <\/h3>\n                    <div class=\"team-member__position color-silver margin-bottom-sm\">\n                <p>Directeur<br \/>\nFiduciaire immobilier<br \/>\nResponsable administratif des copropri\u00e9t\u00e9s<\/p>\n            <\/div>\n                <div class=\"team-member__links d-flex flex-column gap-6 margin-bottom-s\">\n                                <\/div>  \n                  \n    <\/div>\n\n    <\/div>                            <\/div>\n                                                    <div class=\"col-xl-3 col-lg-6 margin-bottom-md\">\n                                <div class=\"team-member\">\n\n    \n    <div class=\"team-member__image-outer margin-bottom-s\">\n                    <div class=\"team-member__image lazyload portrait\" data-bg=\"https:\/\/www.assofide.ch\/wp-content\/uploads\/sites\/5\/2025\/05\/Cornelia-Raineri_opt_opt.webp\"><\/div>\n            <\/div>                        \n    <div class=\"team-member__inner\">\n        <h3>\n            Cornelia Raineri        <\/h3>\n                    <div class=\"team-member__position color-silver margin-bottom-sm\">\n                <p>Vice-directrice<br \/>\nFiduciaire immobilier<br \/>\nResponsable de l\u2019administration des immeubles<\/p>\n            <\/div>\n                <div class=\"team-member__links d-flex flex-column gap-6 margin-bottom-s\">\n                                <\/div>  \n                  \n    <\/div>\n\n    <\/div>                            <\/div>\n                                                    <div class=\"col-xl-3 col-lg-6 margin-bottom-md\">\n                                <div class=\"team-member\">\n\n    \n    <div class=\"team-member__image-outer margin-bottom-s\">\n                    <div class=\"team-member__image lazyload portrait\" data-bg=\"https:\/\/www.assofide.ch\/wp-content\/uploads\/sites\/5\/2025\/05\/Claudia-Bollati.jpg\"><\/div>\n            <\/div>                        \n    <div class=\"team-member__inner\">\n        <h3>\n            Claudia Bollati        <\/h3>\n                    <div class=\"team-member__position color-silver margin-bottom-sm\">\n                <p>Procuratrice<br \/>\nResponsable de l\u2019accueil<br \/>\nConseill\u00e8re en location<\/p>\n            <\/div>\n                <div class=\"team-member__links d-flex flex-column gap-6 margin-bottom-s\">\n                                <\/div>  \n                  \n    <\/div>\n\n    <\/div>                            <\/div>\n                                                    <div class=\"col-xl-3 col-lg-6 margin-bottom-md\">\n                                <div class=\"team-member\">\n\n    \n    <div class=\"team-member__image-outer margin-bottom-s\">\n                    <div class=\"team-member__image lazyload portrait\" data-bg=\"https:\/\/www.assofide.ch\/wp-content\/uploads\/sites\/5\/2025\/05\/Michel-Menotti-682x1024.jpg\"><\/div>\n            <\/div>                        \n    <div class=\"team-member__inner\">\n        <h3>\n            Michel Menotti        <\/h3>\n                    <div class=\"team-member__position color-silver margin-bottom-sm\">\n                <p>Vice-directeur<br \/>\nCourtage immobilier<\/p>\n            <\/div>\n                <div class=\"team-member__links d-flex flex-column gap-6 margin-bottom-s\">\n                                <\/div>  \n                  \n    <\/div>\n\n    <\/div>                            <\/div>\n                                                    <div class=\"col-xl-3 col-lg-6 margin-bottom-md\">\n                                <div class=\"team-member\">\n\n    \n    <div class=\"team-member__image-outer margin-bottom-s\">\n                    <div class=\"team-member__image lazyload portrait\" data-bg=\"https:\/\/www.assofide.ch\/wp-content\/uploads\/sites\/5\/2025\/05\/Markus-Gellert-844x1024.jpg\"><\/div>\n            <\/div>                        \n    <div class=\"team-member__inner\">\n        <h3>\n            Markus Ralf Gellert        <\/h3>\n                    <div class=\"team-member__position color-silver margin-bottom-sm\">\n                <p>Courtage immobilier<\/p>\n            <\/div>\n                <div class=\"team-member__links d-flex flex-column gap-6 margin-bottom-s\">\n                                <\/div>  \n                  \n    <\/div>\n\n    <\/div>                            <\/div>\n                                    <\/div>\n            <div id=\"spinnerResults\" class=\"spinner-outer d-none\">\n                <svg class=\"spinner\" viewBox=\"0 0 50 50\">\n                    <circle class=\"path\" cx=\"25\" cy=\"25\" r=\"20\" fill=\"none\" stroke-width=\"5\"><\/circle>\n                <\/svg>\n            <\/div>\n        <\/div>\n        <script>\n        var posts_team = {\"post_type\":\"team\",\"ignore_sticky_posts\":true,\"post_status\":\"publish\",\"posts_per_page\":\"-1\",\"order\":\"asc\",\"orderby\":\"menu_order\"},\n            posts_category = '',\n            current_lang = 'fr',\n            team_columns = 4;\n    <\/script>\n    <\/div><\/div>\n\n\n\n<div class=\"wp-block-casasoft-blocks-container  spacer-bottom-large bg-white align-items-lg-center\"><div class=\"container\">\n<div class=\"wp-block-casasoft-blocks-video\"><video class=\"cs-video landscape\" src=\"https:\/\/www.assofide.ch\/wp-content\/uploads\/sites\/5\/2025\/05\/2020.11.23-video-corr.-Immobiliare-Assofide.mp4\" poster=\"https:\/\/www.assofide.ch\/wp-content\/themes\/cs_onyx\/assets\/img\/example.jpg\" controls><img decoding=\"async\" src=\"https:\/\/www.assofide.ch\/wp-content\/themes\/cs_onyx\/assets\/img\/example.jpg\" alt=\"Fallback Image\"\/><\/video><\/div>\n<\/div><\/div>\n","protected":false},"excerpt":{"rendered":"","protected":false},"author":1,"featured_media":0,"parent":0,"menu_order":0,"comment_status":"closed","ping_status":"closed","template":"","meta":{"_acf_changed":false,"inline_featured_image":false,"footnotes":""},"class_list":["post-7081","page","type-page","status-publish","hentry"],"acf":[],"yoast_head":"<!-- This site is optimized with the Yoast SEO plugin v27.5 - https:\/\/yoast.com\/product\/yoast-seo-wordpress\/ -->\n<title>\u00c0 propos de nous - Assofide SA<\/title>\n<meta name=\"robots\" content=\"index, follow, max-snippet:-1, max-image-preview:large, max-video-preview:-1\" \/>\n<link rel=\"canonical\" href=\"https:\/\/www.assofide.ch\/fr\/a-propos-de-nous\/\" \/>\n<meta property=\"og:locale\" content=\"fr_FR\" \/>\n<meta property=\"og:type\" content=\"article\" \/>\n<meta property=\"og:title\" content=\"\u00c0 propos de nous - Assofide SA\" \/>\n<meta property=\"og:url\" content=\"https:\/\/www.assofide.ch\/fr\/a-propos-de-nous\/\" \/>\n<meta property=\"og:site_name\" content=\"Assofide SA\" \/>\n<meta property=\"article:modified_time\" content=\"2026-03-17T07:46:36+00:00\" \/>\n<meta property=\"og:image\" content=\"https:\/\/www.assofide.ch\/wp-content\/uploads\/sites\/5\/2025\/10\/MAR_5884.webp\" \/>\n<meta name=\"twitter:card\" content=\"summary_large_image\" \/>\n<meta name=\"twitter:label1\" content=\"Dur\u00e9e de lecture estim\u00e9e\" \/>\n\t<meta name=\"twitter:data1\" content=\"2 minutes\" \/>\n<script type=\"application\/ld+json\" class=\"yoast-schema-graph\">{\"@context\":\"https:\\\/\\\/schema.org\",\"@graph\":[{\"@type\":\"WebPage\",\"@id\":\"https:\\\/\\\/www.assofide.ch\\\/fr\\\/a-propos-de-nous\\\/\",\"url\":\"https:\\\/\\\/www.assofide.ch\\\/fr\\\/a-propos-de-nous\\\/\",\"name\":\"\u00c0 propos de nous - Assofide SA\",\"isPartOf\":{\"@id\":\"https:\\\/\\\/www.assofide.ch\\\/fr\\\/#website\"},\"primaryImageOfPage\":{\"@id\":\"https:\\\/\\\/www.assofide.ch\\\/fr\\\/a-propos-de-nous\\\/#primaryimage\"},\"image\":{\"@id\":\"https:\\\/\\\/www.assofide.ch\\\/fr\\\/a-propos-de-nous\\\/#primaryimage\"},\"thumbnailUrl\":\"https:\\\/\\\/www.assofide.ch\\\/wp-content\\\/uploads\\\/sites\\\/5\\\/2025\\\/10\\\/MAR_5884.webp\",\"datePublished\":\"2025-01-27T09:21:08+00:00\",\"dateModified\":\"2026-03-17T07:46:36+00:00\",\"breadcrumb\":{\"@id\":\"https:\\\/\\\/www.assofide.ch\\\/fr\\\/a-propos-de-nous\\\/#breadcrumb\"},\"inLanguage\":\"fr-FR\",\"potentialAction\":[{\"@type\":\"ReadAction\",\"target\":[\"https:\\\/\\\/www.assofide.ch\\\/fr\\\/a-propos-de-nous\\\/\"]}]},{\"@type\":\"ImageObject\",\"inLanguage\":\"fr-FR\",\"@id\":\"https:\\\/\\\/www.assofide.ch\\\/fr\\\/a-propos-de-nous\\\/#primaryimage\",\"url\":\"https:\\\/\\\/www.assofide.ch\\\/wp-content\\\/uploads\\\/sites\\\/5\\\/2025\\\/10\\\/MAR_5884.webp\",\"contentUrl\":\"https:\\\/\\\/www.assofide.ch\\\/wp-content\\\/uploads\\\/sites\\\/5\\\/2025\\\/10\\\/MAR_5884.webp\"},{\"@type\":\"BreadcrumbList\",\"@id\":\"https:\\\/\\\/www.assofide.ch\\\/fr\\\/a-propos-de-nous\\\/#breadcrumb\",\"itemListElement\":[{\"@type\":\"ListItem\",\"position\":1,\"name\":\"Home\",\"item\":\"https:\\\/\\\/www.assofide.ch\\\/fr\\\/\"},{\"@type\":\"ListItem\",\"position\":2,\"name\":\"\u00c0 propos de nous\"}]},{\"@type\":\"WebSite\",\"@id\":\"https:\\\/\\\/www.assofide.ch\\\/fr\\\/#website\",\"url\":\"https:\\\/\\\/www.assofide.ch\\\/fr\\\/\",\"name\":\"Assofide SA\",\"description\":\"\",\"publisher\":{\"@id\":\"https:\\\/\\\/www.assofide.ch\\\/fr\\\/#organization\"},\"potentialAction\":[{\"@type\":\"SearchAction\",\"target\":{\"@type\":\"EntryPoint\",\"urlTemplate\":\"https:\\\/\\\/www.assofide.ch\\\/fr\\\/?s={search_term_string}\"},\"query-input\":{\"@type\":\"PropertyValueSpecification\",\"valueRequired\":true,\"valueName\":\"search_term_string\"}}],\"inLanguage\":\"fr-FR\"},{\"@type\":\"Organization\",\"@id\":\"https:\\\/\\\/www.assofide.ch\\\/fr\\\/#organization\",\"name\":\"Assofide SA\",\"url\":\"https:\\\/\\\/www.assofide.ch\\\/fr\\\/\",\"logo\":{\"@type\":\"ImageObject\",\"inLanguage\":\"fr-FR\",\"@id\":\"https:\\\/\\\/www.assofide.ch\\\/fr\\\/#\\\/schema\\\/logo\\\/image\\\/\",\"url\":\"https:\\\/\\\/www.assofide.ch\\\/wp-content\\\/uploads\\\/sites\\\/5\\\/2025\\\/12\\\/assofide_logo.svg\",\"contentUrl\":\"https:\\\/\\\/www.assofide.ch\\\/wp-content\\\/uploads\\\/sites\\\/5\\\/2025\\\/12\\\/assofide_logo.svg\",\"width\":600,\"height\":666,\"caption\":\"Assofide SA\"},\"image\":{\"@id\":\"https:\\\/\\\/www.assofide.ch\\\/fr\\\/#\\\/schema\\\/logo\\\/image\\\/\"}}]}<\/script>\n<!-- \/ Yoast SEO plugin. -->","yoast_head_json":{"title":"\u00c0 propos de nous - Assofide SA","robots":{"index":"index","follow":"follow","max-snippet":"max-snippet:-1","max-image-preview":"max-image-preview:large","max-video-preview":"max-video-preview:-1"},"canonical":"https:\/\/www.assofide.ch\/fr\/a-propos-de-nous\/","og_locale":"fr_FR","og_type":"article","og_title":"\u00c0 propos de nous - Assofide SA","og_url":"https:\/\/www.assofide.ch\/fr\/a-propos-de-nous\/","og_site_name":"Assofide SA","article_modified_time":"2026-03-17T07:46:36+00:00","og_image":[{"url":"https:\/\/www.assofide.ch\/wp-content\/uploads\/sites\/5\/2025\/10\/MAR_5884.webp","type":"","width":"","height":""}],"twitter_card":"summary_large_image","twitter_misc":{"Dur\u00e9e de lecture estim\u00e9e":"2 minutes"},"schema":{"@context":"https:\/\/schema.org","@graph":[{"@type":"WebPage","@id":"https:\/\/www.assofide.ch\/fr\/a-propos-de-nous\/","url":"https:\/\/www.assofide.ch\/fr\/a-propos-de-nous\/","name":"\u00c0 propos de nous - Assofide SA","isPartOf":{"@id":"https:\/\/www.assofide.ch\/fr\/#website"},"primaryImageOfPage":{"@id":"https:\/\/www.assofide.ch\/fr\/a-propos-de-nous\/#primaryimage"},"image":{"@id":"https:\/\/www.assofide.ch\/fr\/a-propos-de-nous\/#primaryimage"},"thumbnailUrl":"https:\/\/www.assofide.ch\/wp-content\/uploads\/sites\/5\/2025\/10\/MAR_5884.webp","datePublished":"2025-01-27T09:21:08+00:00","dateModified":"2026-03-17T07:46:36+00:00","breadcrumb":{"@id":"https:\/\/www.assofide.ch\/fr\/a-propos-de-nous\/#breadcrumb"},"inLanguage":"fr-FR","potentialAction":[{"@type":"ReadAction","target":["https:\/\/www.assofide.ch\/fr\/a-propos-de-nous\/"]}]},{"@type":"ImageObject","inLanguage":"fr-FR","@id":"https:\/\/www.assofide.ch\/fr\/a-propos-de-nous\/#primaryimage","url":"https:\/\/www.assofide.ch\/wp-content\/uploads\/sites\/5\/2025\/10\/MAR_5884.webp","contentUrl":"https:\/\/www.assofide.ch\/wp-content\/uploads\/sites\/5\/2025\/10\/MAR_5884.webp"},{"@type":"BreadcrumbList","@id":"https:\/\/www.assofide.ch\/fr\/a-propos-de-nous\/#breadcrumb","itemListElement":[{"@type":"ListItem","position":1,"name":"Home","item":"https:\/\/www.assofide.ch\/fr\/"},{"@type":"ListItem","position":2,"name":"\u00c0 propos de nous"}]},{"@type":"WebSite","@id":"https:\/\/www.assofide.ch\/fr\/#website","url":"https:\/\/www.assofide.ch\/fr\/","name":"Assofide SA","description":"","publisher":{"@id":"https:\/\/www.assofide.ch\/fr\/#organization"},"potentialAction":[{"@type":"SearchAction","target":{"@type":"EntryPoint","urlTemplate":"https:\/\/www.assofide.ch\/fr\/?s={search_term_string}"},"query-input":{"@type":"PropertyValueSpecification","valueRequired":true,"valueName":"search_term_string"}}],"inLanguage":"fr-FR"},{"@type":"Organization","@id":"https:\/\/www.assofide.ch\/fr\/#organization","name":"Assofide SA","url":"https:\/\/www.assofide.ch\/fr\/","logo":{"@type":"ImageObject","inLanguage":"fr-FR","@id":"https:\/\/www.assofide.ch\/fr\/#\/schema\/logo\/image\/","url":"https:\/\/www.assofide.ch\/wp-content\/uploads\/sites\/5\/2025\/12\/assofide_logo.svg","contentUrl":"https:\/\/www.assofide.ch\/wp-content\/uploads\/sites\/5\/2025\/12\/assofide_logo.svg","width":600,"height":666,"caption":"Assofide SA"},"image":{"@id":"https:\/\/www.assofide.ch\/fr\/#\/schema\/logo\/image\/"}}]}},"_links":{"self":[{"href":"https:\/\/www.assofide.ch\/fr\/wp-json\/wp\/v2\/pages\/7081","targetHints":{"allow":["GET"]}}],"collection":[{"href":"https:\/\/www.assofide.ch\/fr\/wp-json\/wp\/v2\/pages"}],"about":[{"href":"https:\/\/www.assofide.ch\/fr\/wp-json\/wp\/v2\/types\/page"}],"author":[{"embeddable":true,"href":"https:\/\/www.assofide.ch\/fr\/wp-json\/wp\/v2\/users\/1"}],"replies":[{"embeddable":true,"href":"https:\/\/www.assofide.ch\/fr\/wp-json\/wp\/v2\/comments?post=7081"}],"version-history":[{"count":0,"href":"https:\/\/www.assofide.ch\/fr\/wp-json\/wp\/v2\/pages\/7081\/revisions"}],"wp:attachment":[{"href":"https:\/\/www.assofide.ch\/fr\/wp-json\/wp\/v2\/media?parent=7081"}],"curies":[{"name":"wp","href":"https:\/\/api.w.org\/{rel}","templated":true}]}}