{"id":156550,"date":"2026-04-28T12:02:38","date_gmt":"2026-04-28T10:02:38","guid":{"rendered":"https:\/\/www.assofide.ch\/?page_id=156550"},"modified":"2026-04-28T12:02:38","modified_gmt":"2026-04-28T10:02:38","slug":"comptable-experimente-2","status":"publish","type":"page","link":"https:\/\/www.assofide.ch\/fr\/comptable-experimente-2\/","title":{"rendered":"Comptable exp\u00e9riment\u00e9"},"content":{"rendered":"\n<div class=\"wp-block-casasoft-blocks-container spacer-top-large spacer-bottom-large bg-white\"><div class=\"container\">\n<div class=\"wp-block-columns is-layout-flex wp-container-core-columns-is-layout-28f84493 wp-block-columns-is-layout-flex\">\n<div class=\"wp-block-column is-layout-flow wp-block-column-is-layout-flow\" style=\"flex-basis:66.66%\">\n<div class=\"wp-block-casasoft-blocks-heading cs-heading\"><h1 class=\"\">Comptable exp\u00e9riment\u00e9<\/h1><\/div>\n\n\n\n<p class=\"wp-block-casasoft-blocks-text text-small\">Agence immobili\u00e8re r\u00e9put\u00e9e de Locarno recherche d\u00e8s maintenant ou \u00e0 une date \u00e0 convenir :<br><br><strong>COMPTABLE EXP\u00c9RIMENT\u00c9(E)<\/strong><br><br>Travail autonome et stimulant, au sein d&rsquo;une entreprise solide et bien \u00e9tablie.<br><br><strong>COMPTABILIT\u00c9 :<\/strong><\/p>\n\n\n\n<ul class=\"wp-block-list\">\n<li>Tenue de la comptabilit\u00e9 ordinaire (cr\u00e9anciers et d\u00e9biteurs, banque et caisse)<\/li>\n\n\n\n<li>Traitement p\u00e9riodique des paiements des factures fournisseurs<\/li>\n\n\n\n<li>\u00c9tablissement des d\u00e9clarations de TVA<\/li>\n\n\n\n<li>Enregistrement des op\u00e9rations de cl\u00f4ture annuelle et interm\u00e9diaire<\/li>\n\n\n\n<li>\u00c9tablissement des comptes annuels des PME selon le code des obligations<\/li>\n\n\n\n<li>Traitement de diverses d\u00e9marches administratives demand\u00e9es par le client<\/li>\n\n\n\n<li>Pr\u00e9paration des documents pour l&rsquo;organe de r\u00e9vision<\/li>\n\n\n\n<li>Connaissances dans le domaine de la gestion salariale<\/li>\n<\/ul>\n\n\n\n<p class=\"wp-block-casasoft-blocks-text text-small\"><strong>FISCALIT\u00c9<\/strong><\/p>\n\n\n\n<ul class=\"wp-block-list\">\n<li>\u00c9laboration des d\u00e9clarations de TVA<\/li>\n\n\n\n<li>\u00c9laboration des d\u00e9clarations fiscales des personnes physiques\/morales<\/li>\n\n\n\n<li>\u00c9laboration des d\u00e9clarations de correction des imp\u00f4ts \u00e0 la source<\/li>\n\n\n\n<li>Recours contre les d\u00e9cisions fiscales<\/li>\n<\/ul>\n\n\n\n<p class=\"wp-block-casasoft-blocks-text text-small\"><strong>EXIGENCES :<\/strong><\/p>\n\n\n\n<ul class=\"wp-block-list\">\n<li>Exp\u00e9rience professionnelle d&rsquo;au moins 3 ans avec dipl\u00f4me<\/li>\n\n\n\n<li>Exp\u00e9rience en comptabilit\u00e9 et connaissance des principaux syst\u00e8mes informatiques<\/li>\n\n\n\n<li>Capacit\u00e9 \u00e0 \u00e9tablir les comptes annuels de PME<\/li>\n\n\n\n<li>Discr\u00e9tion, adaptabilit\u00e9 et bonne r\u00e9sistance au stress<\/li>\n\n\n\n<li>Pr\u00e9cision et fiabilit\u00e9<\/li>\n\n\n\n<li>Capacit\u00e9 \u00e0 travailler en \u00e9quipe<\/li>\n\n\n\n<li>Tr\u00e8s bonne connaissance de l&rsquo;italien, connaissance de l&rsquo;allemand (B1) et de l&rsquo;anglais<\/li>\n<\/ul>\n\n\n\n<p class=\"wp-block-casasoft-blocks-text text-small\"><strong>NOUS OFFRONS :<\/strong><\/p>\n\n\n\n<ul class=\"wp-block-list\">\n<li>Excellente caisse de pension<\/li>\n\n\n\n<li>Activit\u00e9 int\u00e9ressante, vari\u00e9e et \u00e0 responsabilit\u00e9<\/li>\n\n\n\n<li>\u00c9panouissement personnel et professionnel gr\u00e2ce \u00e0 une formation continue<\/li>\n\n\n\n<li>Moyens informatiques de pointe<\/li>\n\n\n\n<li>Environnement de travail agr\u00e9able<\/li>\n<\/ul>\n\n\n\n<p class=\"wp-block-casasoft-blocks-text text-small\">Pourcentage de travail : \u00e0 d\u00e9finir<br>Date de d\u00e9but : imm\u00e9diatement<br><br><strong>Nous avons \u00e9veill\u00e9 votre int\u00e9r\u00eat ?<\/strong><br>Alors envoyez-nous votre candidature accompagn\u00e9e d&rsquo;une br\u00e8ve lettre de motivation, d&rsquo;une<br>PHOTO, d&rsquo;un curriculum vitae et de vos dipl\u00f4mes.<br><br><strong>\u00ab Expert-comptable \u00bb<\/strong><br><br><strong>ASSOFIDE SA,<\/strong><br>Direction, Case postale 144, 6601 Locarno.<br><br><strong>Seules les candidatures compl\u00e8tes et r\u00e9pondant aux exigences requises seront prises en consid\u00e9ration.<br>Pour toute information compl\u00e9mentaire, veuillez contacter<\/strong><\/p>\n<\/div>\n<\/div>\n<\/div><\/div>\n","protected":false},"excerpt":{"rendered":"","protected":false},"author":17,"featured_media":0,"parent":0,"menu_order":0,"comment_status":"closed","ping_status":"closed","template":"","meta":{"_acf_changed":false,"inline_featured_image":false,"footnotes":""},"class_list":["post-156550","page","type-page","status-publish","hentry"],"acf":[],"yoast_head":"<!-- This site is optimized with the Yoast SEO plugin v27.5 - https:\/\/yoast.com\/product\/yoast-seo-wordpress\/ -->\n<title>Comptable exp\u00e9riment\u00e9 - Assofide SA<\/title>\n<meta name=\"robots\" content=\"index, follow, max-snippet:-1, max-image-preview:large, max-video-preview:-1\" \/>\n<link rel=\"canonical\" href=\"https:\/\/www.assofide.ch\/fr\/comptable-experimente-2\/\" \/>\n<meta property=\"og:locale\" content=\"fr_FR\" \/>\n<meta property=\"og:type\" content=\"article\" \/>\n<meta property=\"og:title\" content=\"Comptable exp\u00e9riment\u00e9 - Assofide SA\" \/>\n<meta property=\"og:url\" content=\"https:\/\/www.assofide.ch\/fr\/comptable-experimente-2\/\" \/>\n<meta property=\"og:site_name\" content=\"Assofide SA\" \/>\n<meta property=\"og:image\" content=\"https:\/\/www.assofide.ch\/wp-content\/uploads\/sites\/5\/2025\/12\/assofide_logo.svg\" \/>\n<meta name=\"twitter:card\" content=\"summary_large_image\" \/>\n<meta name=\"twitter:label1\" content=\"Dur\u00e9e de lecture estim\u00e9e\" \/>\n\t<meta name=\"twitter:data1\" content=\"2 minutes\" \/>\n<script type=\"application\/ld+json\" class=\"yoast-schema-graph\">{\"@context\":\"https:\\\/\\\/schema.org\",\"@graph\":[{\"@type\":\"WebPage\",\"@id\":\"https:\\\/\\\/www.assofide.ch\\\/fr\\\/comptable-experimente-2\\\/\",\"url\":\"https:\\\/\\\/www.assofide.ch\\\/fr\\\/comptable-experimente-2\\\/\",\"name\":\"Comptable exp\u00e9riment\u00e9 - Assofide SA\",\"isPartOf\":{\"@id\":\"https:\\\/\\\/www.assofide.ch\\\/fr\\\/#website\"},\"datePublished\":\"2026-04-28T10:02:38+00:00\",\"breadcrumb\":{\"@id\":\"https:\\\/\\\/www.assofide.ch\\\/fr\\\/comptable-experimente-2\\\/#breadcrumb\"},\"inLanguage\":\"fr-FR\",\"potentialAction\":[{\"@type\":\"ReadAction\",\"target\":[\"https:\\\/\\\/www.assofide.ch\\\/fr\\\/comptable-experimente-2\\\/\"]}]},{\"@type\":\"BreadcrumbList\",\"@id\":\"https:\\\/\\\/www.assofide.ch\\\/fr\\\/comptable-experimente-2\\\/#breadcrumb\",\"itemListElement\":[{\"@type\":\"ListItem\",\"position\":1,\"name\":\"Home\",\"item\":\"https:\\\/\\\/www.assofide.ch\\\/fr\\\/\"},{\"@type\":\"ListItem\",\"position\":2,\"name\":\"Comptable exp\u00e9riment\u00e9\"}]},{\"@type\":\"WebSite\",\"@id\":\"https:\\\/\\\/www.assofide.ch\\\/fr\\\/#website\",\"url\":\"https:\\\/\\\/www.assofide.ch\\\/fr\\\/\",\"name\":\"Assofide SA\",\"description\":\"\",\"publisher\":{\"@id\":\"https:\\\/\\\/www.assofide.ch\\\/fr\\\/#organization\"},\"potentialAction\":[{\"@type\":\"SearchAction\",\"target\":{\"@type\":\"EntryPoint\",\"urlTemplate\":\"https:\\\/\\\/www.assofide.ch\\\/fr\\\/?s={search_term_string}\"},\"query-input\":{\"@type\":\"PropertyValueSpecification\",\"valueRequired\":true,\"valueName\":\"search_term_string\"}}],\"inLanguage\":\"fr-FR\"},{\"@type\":\"Organization\",\"@id\":\"https:\\\/\\\/www.assofide.ch\\\/fr\\\/#organization\",\"name\":\"Assofide SA\",\"url\":\"https:\\\/\\\/www.assofide.ch\\\/fr\\\/\",\"logo\":{\"@type\":\"ImageObject\",\"inLanguage\":\"fr-FR\",\"@id\":\"https:\\\/\\\/www.assofide.ch\\\/fr\\\/#\\\/schema\\\/logo\\\/image\\\/\",\"url\":\"https:\\\/\\\/www.assofide.ch\\\/wp-content\\\/uploads\\\/sites\\\/5\\\/2025\\\/12\\\/assofide_logo.svg\",\"contentUrl\":\"https:\\\/\\\/www.assofide.ch\\\/wp-content\\\/uploads\\\/sites\\\/5\\\/2025\\\/12\\\/assofide_logo.svg\",\"width\":600,\"height\":666,\"caption\":\"Assofide SA\"},\"image\":{\"@id\":\"https:\\\/\\\/www.assofide.ch\\\/fr\\\/#\\\/schema\\\/logo\\\/image\\\/\"}}]}<\/script>\n<!-- \/ Yoast SEO plugin. -->","yoast_head_json":{"title":"Comptable exp\u00e9riment\u00e9 - Assofide SA","robots":{"index":"index","follow":"follow","max-snippet":"max-snippet:-1","max-image-preview":"max-image-preview:large","max-video-preview":"max-video-preview:-1"},"canonical":"https:\/\/www.assofide.ch\/fr\/comptable-experimente-2\/","og_locale":"fr_FR","og_type":"article","og_title":"Comptable exp\u00e9riment\u00e9 - Assofide SA","og_url":"https:\/\/www.assofide.ch\/fr\/comptable-experimente-2\/","og_site_name":"Assofide SA","og_image":[{"url":"https:\/\/www.assofide.ch\/wp-content\/uploads\/sites\/5\/2025\/12\/assofide_logo.svg","type":"","width":"","height":""}],"twitter_card":"summary_large_image","twitter_misc":{"Dur\u00e9e de lecture estim\u00e9e":"2 minutes"},"schema":{"@context":"https:\/\/schema.org","@graph":[{"@type":"WebPage","@id":"https:\/\/www.assofide.ch\/fr\/comptable-experimente-2\/","url":"https:\/\/www.assofide.ch\/fr\/comptable-experimente-2\/","name":"Comptable exp\u00e9riment\u00e9 - Assofide SA","isPartOf":{"@id":"https:\/\/www.assofide.ch\/fr\/#website"},"datePublished":"2026-04-28T10:02:38+00:00","breadcrumb":{"@id":"https:\/\/www.assofide.ch\/fr\/comptable-experimente-2\/#breadcrumb"},"inLanguage":"fr-FR","potentialAction":[{"@type":"ReadAction","target":["https:\/\/www.assofide.ch\/fr\/comptable-experimente-2\/"]}]},{"@type":"BreadcrumbList","@id":"https:\/\/www.assofide.ch\/fr\/comptable-experimente-2\/#breadcrumb","itemListElement":[{"@type":"ListItem","position":1,"name":"Home","item":"https:\/\/www.assofide.ch\/fr\/"},{"@type":"ListItem","position":2,"name":"Comptable exp\u00e9riment\u00e9"}]},{"@type":"WebSite","@id":"https:\/\/www.assofide.ch\/fr\/#website","url":"https:\/\/www.assofide.ch\/fr\/","name":"Assofide SA","description":"","publisher":{"@id":"https:\/\/www.assofide.ch\/fr\/#organization"},"potentialAction":[{"@type":"SearchAction","target":{"@type":"EntryPoint","urlTemplate":"https:\/\/www.assofide.ch\/fr\/?s={search_term_string}"},"query-input":{"@type":"PropertyValueSpecification","valueRequired":true,"valueName":"search_term_string"}}],"inLanguage":"fr-FR"},{"@type":"Organization","@id":"https:\/\/www.assofide.ch\/fr\/#organization","name":"Assofide SA","url":"https:\/\/www.assofide.ch\/fr\/","logo":{"@type":"ImageObject","inLanguage":"fr-FR","@id":"https:\/\/www.assofide.ch\/fr\/#\/schema\/logo\/image\/","url":"https:\/\/www.assofide.ch\/wp-content\/uploads\/sites\/5\/2025\/12\/assofide_logo.svg","contentUrl":"https:\/\/www.assofide.ch\/wp-content\/uploads\/sites\/5\/2025\/12\/assofide_logo.svg","width":600,"height":666,"caption":"Assofide SA"},"image":{"@id":"https:\/\/www.assofide.ch\/fr\/#\/schema\/logo\/image\/"}}]}},"_links":{"self":[{"href":"https:\/\/www.assofide.ch\/fr\/wp-json\/wp\/v2\/pages\/156550","targetHints":{"allow":["GET"]}}],"collection":[{"href":"https:\/\/www.assofide.ch\/fr\/wp-json\/wp\/v2\/pages"}],"about":[{"href":"https:\/\/www.assofide.ch\/fr\/wp-json\/wp\/v2\/types\/page"}],"author":[{"embeddable":true,"href":"https:\/\/www.assofide.ch\/fr\/wp-json\/wp\/v2\/users\/17"}],"replies":[{"embeddable":true,"href":"https:\/\/www.assofide.ch\/fr\/wp-json\/wp\/v2\/comments?post=156550"}],"version-history":[{"count":0,"href":"https:\/\/www.assofide.ch\/fr\/wp-json\/wp\/v2\/pages\/156550\/revisions"}],"wp:attachment":[{"href":"https:\/\/www.assofide.ch\/fr\/wp-json\/wp\/v2\/media?parent=156550"}],"curies":[{"name":"wp","href":"https:\/\/api.w.org\/{rel}","templated":true}]}}