{"id":98675,"date":"2025-09-11T14:28:33","date_gmt":"2025-09-11T12:28:33","guid":{"rendered":"https:\/\/assofide.onyx.casasoft.ch\/assistente-per-il-settore-stabili\/"},"modified":"2025-09-23T15:46:35","modified_gmt":"2025-09-23T13:46:35","slug":"assistent-in-fur-den-bereich-immobilien-w-m","status":"publish","type":"page","link":"https:\/\/www.assofide.ch\/de\/assistent-in-fur-den-bereich-immobilien-w-m\/","title":{"rendered":"Assistent\/in f\u00fcr den Bereich Immobilien (w\/m)"},"content":{"rendered":"\n<div class=\"wp-block-casasoft-blocks-container spacer-top-large spacer-bottom-large bg-white\"><div class=\"container\">\n<div class=\"wp-block-columns is-layout-flex wp-container-core-columns-is-layout-28f84493 wp-block-columns-is-layout-flex\">\n<div class=\"wp-block-column is-layout-flow wp-block-column-is-layout-flow\" style=\"flex-basis:66.66%\">\n<div class=\"wp-block-casasoft-blocks-heading cs-heading\"><h1 class=\"\">Assistent\/in f\u00fcr den Bereich Immobilien (w\/m)<\/h1><\/div>\n\n\n\n<p class=\"wp-block-casasoft-blocks-text text-small\">Eine selbstst\u00e4ndige und spannende T\u00e4tigkeit in einem soliden und etablierten Unternehmen.<br><br><strong>ANFORDERUNGEN<\/strong><\/p>\n\n\n\n<ul class=\"wp-block-list\">\n<li>Deutsch (flie\u00dfend), Italienisch (flie\u00dfend) und Franz\u00f6sisch sowie Englischkenntnisse<\/li>\n\n\n\n<li>kaufm\u00e4nnische Ausbildung und\/oder Hochschulabschluss, vorzugsweise mit direkter Erfahrung im Immobilienbereich<\/li>\n\n\n\n<li>Kenntnisse der wichtigsten IT-Systeme<\/li>\n<\/ul>\n\n\n\n<p class=\"wp-block-casasoft-blocks-text text-small\"><strong>AUSSERDEM SOLLTE DIE PERSON<\/strong><\/p>\n\n\n\n<ul class=\"wp-block-list\">\n<li>kommunikativ und umg\u00e4nglich sein<\/li>\n\n\n\n<li>teamf\u00e4hig und selbst\u00e4ndig arbeiten k\u00f6nnen<\/li>\n\n\n\n<li>an eine pr\u00e4zise und zuverl\u00e4ssige Arbeitsweise gew\u00f6hnt sein<\/li>\n\n\n\n<li>ausgepr\u00e4gte F\u00e4higkeiten in der Verhandlungsf\u00fchrung mit Architekten, Miteigent\u00fcmern und Handwerkern besitzen<\/li>\n\n\n\n<li>\u00fcber ein eigenes Auto verf\u00fcgen<\/li>\n\n\n\n<li>idealerweise zwischen 25 und 45 Jahre alt sein<\/li>\n<\/ul>\n\n\n\n<p class=\"wp-block-casasoft-blocks-text text-small\"><strong>WIR BIETEN<\/strong><\/p>\n\n\n\n<ul class=\"wp-block-list\">\n<li>interessante und abwechslungsreiche T\u00e4tgkeit<\/li>\n\n\n\n<li>modernste IT-Tools<\/li>\n\n\n\n<li>angenehmes Arbeitsumfeld<\/li>\n<\/ul>\n\n\n\n<p class=\"wp-block-casasoft-blocks-text text-small\"><strong>VERG\u00dcNSTIGUNGEN<\/strong><\/p>\n\n\n\n<ul class=\"wp-block-list\">\n<li>Garage 7 Tage die Woche im Zentrum von Locarno<\/li>\n\n\n\n<li>ausgezeichnete Pensionskasse<\/li>\n<\/ul>\n\n\n\n<p class=\"wp-block-casasoft-blocks-text text-small\"><strong><em>Haben wir Ihr Interesse geweckt?<\/em><\/strong><br>Dann senden Sie uns Ihre Bewerbung mit einem kurzen Anschreiben mit dem Betreff \u201eAssistent\/in f\u00fcr den Bereich<br>Immobilien\u201d, <strong>Foto, Lebenslauf und Zeugnissen<\/strong> an:<br><br><strong>ASSOFIDE SA,<\/strong><br>Gesch\u00e4ftsleitung, Casella Postale 144, 6601 Locarno.<\/p>\n<\/div>\n<\/div>\n<\/div><\/div>\n","protected":false},"excerpt":{"rendered":"","protected":false},"author":1,"featured_media":0,"parent":0,"menu_order":0,"comment_status":"closed","ping_status":"closed","template":"","meta":{"_acf_changed":false,"inline_featured_image":false,"footnotes":""},"class_list":["post-98675","page","type-page","status-publish","hentry"],"acf":[],"yoast_head":"<!-- This site is optimized with the Yoast SEO plugin v27.5 - https:\/\/yoast.com\/product\/yoast-seo-wordpress\/ -->\n<title>Assistent\/in f\u00fcr den Bereich Immobilien (w\/m) - Assofide SA<\/title>\n<meta name=\"robots\" content=\"index, follow, max-snippet:-1, max-image-preview:large, max-video-preview:-1\" \/>\n<link rel=\"canonical\" href=\"https:\/\/www.assofide.ch\/de\/assistent-in-fur-den-bereich-immobilien-w-m\/\" \/>\n<meta property=\"og:locale\" content=\"de_DE\" \/>\n<meta property=\"og:type\" content=\"article\" \/>\n<meta property=\"og:title\" content=\"Assistent\/in f\u00fcr den Bereich Immobilien (w\/m) - Assofide SA\" \/>\n<meta property=\"og:url\" content=\"https:\/\/www.assofide.ch\/de\/assistent-in-fur-den-bereich-immobilien-w-m\/\" \/>\n<meta property=\"og:site_name\" content=\"Assofide SA\" \/>\n<meta property=\"article:modified_time\" content=\"2025-09-23T13:46:35+00:00\" \/>\n<meta property=\"og:image\" content=\"https:\/\/www.assofide.ch\/wp-content\/uploads\/sites\/5\/2025\/12\/assofide_logo.svg\" \/>\n<meta name=\"twitter:card\" content=\"summary_large_image\" \/>\n<meta name=\"twitter:label1\" content=\"Gesch\u00e4tzte Lesezeit\" \/>\n\t<meta name=\"twitter:data1\" content=\"1\u00a0Minute\" \/>\n<script type=\"application\/ld+json\" class=\"yoast-schema-graph\">{\"@context\":\"https:\\\/\\\/schema.org\",\"@graph\":[{\"@type\":\"WebPage\",\"@id\":\"https:\\\/\\\/www.assofide.ch\\\/de\\\/assistent-in-fur-den-bereich-immobilien-w-m\\\/\",\"url\":\"https:\\\/\\\/www.assofide.ch\\\/de\\\/assistent-in-fur-den-bereich-immobilien-w-m\\\/\",\"name\":\"Assistent\\\/in f\u00fcr den Bereich Immobilien (w\\\/m) - Assofide SA\",\"isPartOf\":{\"@id\":\"https:\\\/\\\/www.assofide.ch\\\/de\\\/#website\"},\"datePublished\":\"2025-09-11T12:28:33+00:00\",\"dateModified\":\"2025-09-23T13:46:35+00:00\",\"breadcrumb\":{\"@id\":\"https:\\\/\\\/www.assofide.ch\\\/de\\\/assistent-in-fur-den-bereich-immobilien-w-m\\\/#breadcrumb\"},\"inLanguage\":\"de\",\"potentialAction\":[{\"@type\":\"ReadAction\",\"target\":[\"https:\\\/\\\/www.assofide.ch\\\/de\\\/assistent-in-fur-den-bereich-immobilien-w-m\\\/\"]}]},{\"@type\":\"BreadcrumbList\",\"@id\":\"https:\\\/\\\/www.assofide.ch\\\/de\\\/assistent-in-fur-den-bereich-immobilien-w-m\\\/#breadcrumb\",\"itemListElement\":[{\"@type\":\"ListItem\",\"position\":1,\"name\":\"Home\",\"item\":\"https:\\\/\\\/www.assofide.ch\\\/de\\\/\"},{\"@type\":\"ListItem\",\"position\":2,\"name\":\"Assistent\\\/in f\u00fcr den Bereich Immobilien (w\\\/m)\"}]},{\"@type\":\"WebSite\",\"@id\":\"https:\\\/\\\/www.assofide.ch\\\/de\\\/#website\",\"url\":\"https:\\\/\\\/www.assofide.ch\\\/de\\\/\",\"name\":\"Assofide SA\",\"description\":\"\",\"publisher\":{\"@id\":\"https:\\\/\\\/www.assofide.ch\\\/de\\\/#organization\"},\"potentialAction\":[{\"@type\":\"SearchAction\",\"target\":{\"@type\":\"EntryPoint\",\"urlTemplate\":\"https:\\\/\\\/www.assofide.ch\\\/de\\\/?s={search_term_string}\"},\"query-input\":{\"@type\":\"PropertyValueSpecification\",\"valueRequired\":true,\"valueName\":\"search_term_string\"}}],\"inLanguage\":\"de\"},{\"@type\":\"Organization\",\"@id\":\"https:\\\/\\\/www.assofide.ch\\\/de\\\/#organization\",\"name\":\"Assofide SA\",\"url\":\"https:\\\/\\\/www.assofide.ch\\\/de\\\/\",\"logo\":{\"@type\":\"ImageObject\",\"inLanguage\":\"de\",\"@id\":\"https:\\\/\\\/www.assofide.ch\\\/de\\\/#\\\/schema\\\/logo\\\/image\\\/\",\"url\":\"https:\\\/\\\/www.assofide.ch\\\/wp-content\\\/uploads\\\/sites\\\/5\\\/2025\\\/12\\\/assofide_logo.svg\",\"contentUrl\":\"https:\\\/\\\/www.assofide.ch\\\/wp-content\\\/uploads\\\/sites\\\/5\\\/2025\\\/12\\\/assofide_logo.svg\",\"width\":600,\"height\":666,\"caption\":\"Assofide SA\"},\"image\":{\"@id\":\"https:\\\/\\\/www.assofide.ch\\\/de\\\/#\\\/schema\\\/logo\\\/image\\\/\"}}]}<\/script>\n<!-- \/ Yoast SEO plugin. -->","yoast_head_json":{"title":"Assistent\/in f\u00fcr den Bereich Immobilien (w\/m) - Assofide SA","robots":{"index":"index","follow":"follow","max-snippet":"max-snippet:-1","max-image-preview":"max-image-preview:large","max-video-preview":"max-video-preview:-1"},"canonical":"https:\/\/www.assofide.ch\/de\/assistent-in-fur-den-bereich-immobilien-w-m\/","og_locale":"de_DE","og_type":"article","og_title":"Assistent\/in f\u00fcr den Bereich Immobilien (w\/m) - Assofide SA","og_url":"https:\/\/www.assofide.ch\/de\/assistent-in-fur-den-bereich-immobilien-w-m\/","og_site_name":"Assofide SA","article_modified_time":"2025-09-23T13:46:35+00:00","og_image":[{"url":"https:\/\/www.assofide.ch\/wp-content\/uploads\/sites\/5\/2025\/12\/assofide_logo.svg","type":"","width":"","height":""}],"twitter_card":"summary_large_image","twitter_misc":{"Gesch\u00e4tzte Lesezeit":"1\u00a0Minute"},"schema":{"@context":"https:\/\/schema.org","@graph":[{"@type":"WebPage","@id":"https:\/\/www.assofide.ch\/de\/assistent-in-fur-den-bereich-immobilien-w-m\/","url":"https:\/\/www.assofide.ch\/de\/assistent-in-fur-den-bereich-immobilien-w-m\/","name":"Assistent\/in f\u00fcr den Bereich Immobilien (w\/m) - Assofide SA","isPartOf":{"@id":"https:\/\/www.assofide.ch\/de\/#website"},"datePublished":"2025-09-11T12:28:33+00:00","dateModified":"2025-09-23T13:46:35+00:00","breadcrumb":{"@id":"https:\/\/www.assofide.ch\/de\/assistent-in-fur-den-bereich-immobilien-w-m\/#breadcrumb"},"inLanguage":"de","potentialAction":[{"@type":"ReadAction","target":["https:\/\/www.assofide.ch\/de\/assistent-in-fur-den-bereich-immobilien-w-m\/"]}]},{"@type":"BreadcrumbList","@id":"https:\/\/www.assofide.ch\/de\/assistent-in-fur-den-bereich-immobilien-w-m\/#breadcrumb","itemListElement":[{"@type":"ListItem","position":1,"name":"Home","item":"https:\/\/www.assofide.ch\/de\/"},{"@type":"ListItem","position":2,"name":"Assistent\/in f\u00fcr den Bereich Immobilien (w\/m)"}]},{"@type":"WebSite","@id":"https:\/\/www.assofide.ch\/de\/#website","url":"https:\/\/www.assofide.ch\/de\/","name":"Assofide SA","description":"","publisher":{"@id":"https:\/\/www.assofide.ch\/de\/#organization"},"potentialAction":[{"@type":"SearchAction","target":{"@type":"EntryPoint","urlTemplate":"https:\/\/www.assofide.ch\/de\/?s={search_term_string}"},"query-input":{"@type":"PropertyValueSpecification","valueRequired":true,"valueName":"search_term_string"}}],"inLanguage":"de"},{"@type":"Organization","@id":"https:\/\/www.assofide.ch\/de\/#organization","name":"Assofide SA","url":"https:\/\/www.assofide.ch\/de\/","logo":{"@type":"ImageObject","inLanguage":"de","@id":"https:\/\/www.assofide.ch\/de\/#\/schema\/logo\/image\/","url":"https:\/\/www.assofide.ch\/wp-content\/uploads\/sites\/5\/2025\/12\/assofide_logo.svg","contentUrl":"https:\/\/www.assofide.ch\/wp-content\/uploads\/sites\/5\/2025\/12\/assofide_logo.svg","width":600,"height":666,"caption":"Assofide SA"},"image":{"@id":"https:\/\/www.assofide.ch\/de\/#\/schema\/logo\/image\/"}}]}},"_links":{"self":[{"href":"https:\/\/www.assofide.ch\/de\/wp-json\/wp\/v2\/pages\/98675","targetHints":{"allow":["GET"]}}],"collection":[{"href":"https:\/\/www.assofide.ch\/de\/wp-json\/wp\/v2\/pages"}],"about":[{"href":"https:\/\/www.assofide.ch\/de\/wp-json\/wp\/v2\/types\/page"}],"author":[{"embeddable":true,"href":"https:\/\/www.assofide.ch\/de\/wp-json\/wp\/v2\/users\/1"}],"replies":[{"embeddable":true,"href":"https:\/\/www.assofide.ch\/de\/wp-json\/wp\/v2\/comments?post=98675"}],"version-history":[{"count":0,"href":"https:\/\/www.assofide.ch\/de\/wp-json\/wp\/v2\/pages\/98675\/revisions"}],"wp:attachment":[{"href":"https:\/\/www.assofide.ch\/de\/wp-json\/wp\/v2\/media?parent=98675"}],"curies":[{"name":"wp","href":"https:\/\/api.w.org\/{rel}","templated":true}]}}