{"id":74429,"date":"2025-04-29T13:59:52","date_gmt":"2025-04-29T11:59:52","guid":{"rendered":"https:\/\/assofide.onyx.casasoft.ch\/?page_id=74429"},"modified":"2025-07-10T13:07:01","modified_gmt":"2025-07-10T11:07:01","slug":"unternehmensberatung-und-steuerberatung","status":"publish","type":"page","link":"https:\/\/www.assofide.ch\/de\/unternehmensberatung-und-steuerberatung\/","title":{"rendered":"Unternehmensberatung und Steuerberatung"},"content":{"rendered":"\n<div class=\"wp-block-casasoft-blocks-container  bg-white align-items-lg-center cs-hero\"><div class=\"container\">\n<div class=\"wp-block-columns is-layout-flex wp-container-core-columns-is-layout-28f84493 wp-block-columns-is-layout-flex\">\n<div class=\"wp-block-column is-layout-flow wp-block-column-is-layout-flow\">\n<div class=\"wp-block-casasoft-blocks-card cs-card border-radius  large bg-white\"><div class=\"cs-card-content\">\n<div class=\"wp-block-casasoft-blocks-heading cs-heading\"><div class=\"cs-supertitle\">Dienstleistungen<\/div><h1 class=\"\">Unternehmens- und Steuerberatung<\/h1><\/div>\n<\/div><\/div>\n<\/div>\n\n\n\n<div class=\"wp-block-column is-layout-flow wp-block-column-is-layout-flow\">\n<div class=\"wp-block-casasoft-blocks-image border-radius hero-image\"><img decoding=\"async\" src=\"https:\/\/www.assofide.ch\/wp-content\/uploads\/sites\/5\/2025\/04\/opt-header.webp\" alt=\"\" class=\"cs-image img-fluid semi-portrait hd\"\/><\/div>\n<\/div>\n<\/div>\n<\/div><\/div>\n\n\n\n<div class=\"wp-block-casasoft-blocks-container spacer-top-large spacer-bottom-small bg-light\"><div class=\"container\">\n<div class=\"wp-block-columns is-layout-flex wp-container-core-columns-is-layout-28f84493 wp-block-columns-is-layout-flex\">\n<div class=\"wp-block-column is-layout-flow wp-block-column-is-layout-flow\" style=\"flex-basis:66.66%\">\n<div class=\"wp-block-casasoft-blocks-heading cs-heading\"><h2 class=\"\">Mit unserer Beratung \u00fcberlassen Sie nichts dem Zufall!<\/h2><\/div>\n\n\n\n<p class=\"wp-block-casasoft-blocks-text text-small\">Unser Team bietet u.&nbsp;a. Firmen und Handwerksbetrieben umfassende Unternehmens- und Steuerberatung: Neben Buchhaltung und Beratung in Steuerfragen sind wir Ihre Schnittstelle zu Banken und Versicherungen.<\/p>\n<\/div>\n<\/div>\n<\/div><\/div>\n\n\n\n<div class=\"wp-block-casasoft-blocks-container  bg-light cs-cards-container\"><div class=\"container\">\n<div class=\"wp-block-casasoft-blocks-heading cs-heading spacer-bottom-small\"><h3 class=\"\">Unsere Dienstleistungen im \u00dcberblick.<\/h3><\/div>\n\n\n\n<div class=\"wp-block-columns is-layout-flex wp-container-core-columns-is-layout-28f84493 wp-block-columns-is-layout-flex\">\n<div class=\"wp-block-column is-layout-flow wp-block-column-is-layout-flow\">\n<div class=\"wp-block-casasoft-blocks-card cs-card border-radius  medium bg-white image-icon\"><div class=\"cs-card-content\">\n<div class=\"wp-block-casasoft-blocks-heading cs-heading\"><h3 class=\"\">Unternehmensberatung:<\/h3><\/div>\n\n\n\n<ul class=\"wp-block-list\">\n<li>Businessplan-Erstellung f\u00fcr Start-ups und bestehende Unternehmen<\/li>\n\n\n\n<li>Finanzplanung und -analyse<\/li>\n\n\n\n<li>Unternehmensorganisation<\/li>\n\n\n\n<li>Organisation und Planung von Buchhaltung, Management und Logistik<\/li>\n\n\n\n<li>Buchhalterische, wirtschaftliche und Verm\u00f6gensanalysen<\/li>\n<\/ul>\n<\/div><\/div>\n<\/div>\n\n\n\n<div class=\"wp-block-column is-layout-flow wp-block-column-is-layout-flow\">\n<div class=\"wp-block-casasoft-blocks-card cs-card border-radius  medium bg-white image-icon\"><div class=\"cs-card-content\">\n<div class=\"wp-block-casasoft-blocks-heading cs-heading\"><h3 class=\"\">Buchhalterische, wirtschaftliche und Verm\u00f6gensanalysen<\/h3><\/div>\n\n\n\n<ul class=\"wp-block-list\">\n<li>Umfassende individuelle Beratung in Management- und Verwaltungsfragen<\/li>\n\n\n\n<li>Domizilierungsservice<\/li>\n<\/ul>\n<\/div><\/div>\n<\/div>\n\n\n\n<div class=\"wp-block-column is-layout-flow wp-block-column-is-layout-flow\">\n<div class=\"wp-block-casasoft-blocks-card cs-card border-radius  medium bg-white image-icon\"><div class=\"cs-card-content\">\n<div class=\"wp-block-casasoft-blocks-heading cs-heading\"><h3 class=\"\">Beratung und Buchhaltung:<\/h3><\/div>\n\n\n\n<ul class=\"wp-block-list\">\n<li>Allgemeine Buchhaltung<\/li>\n\n\n\n<li>Betreuung und Beratung bei der laufenden Verwaltung<\/li>\n\n\n\n<li>Jahresabschlusserstellung, Steuererkl\u00e4rungen<\/li>\n\n\n\n<li>Mehrwertsteuerabrechnungen, Quellensteuer und VST<\/li>\n<\/ul>\n<\/div><\/div>\n<\/div>\n<\/div>\n<\/div><\/div>\n\n\n\n<div class=\"wp-block-casasoft-blocks-container spacer-top-small spacer-bottom-small bg-light  cs-cards-container\"><div class=\"container\">\n<div class=\"wp-block-columns is-layout-flex wp-container-core-columns-is-layout-28f84493 wp-block-columns-is-layout-flex\">\n<div class=\"wp-block-column is-layout-flow wp-block-column-is-layout-flow\">\n<div class=\"wp-block-casasoft-blocks-card cs-card border-radius  medium bg-white image-icon\"><div class=\"cs-card-content\">\n<div class=\"wp-block-casasoft-blocks-heading cs-heading\"><h3 class=\"\">Personalmanagement:<\/h3><\/div>\n\n\n\n<ul class=\"wp-block-list\">\n<li>Beratung und Abwicklung Personaleinstellungen<\/li>\n\n\n\n<li>Aufsetzen von Arbeitsvertr\u00e4gen<\/li>\n\n\n\n<li>Gehaltsmanagement<\/li>\n\n\n\n<li>Erstellung der Monatsabrechnungen, Bezahlung und Reporting<\/li>\n\n\n\n<li>Verwaltung Sozialversicherungen, Abwicklung von Versicherungsf\u00e4llen<\/li>\n<\/ul>\n<\/div><\/div>\n<\/div>\n\n\n\n<div class=\"wp-block-column is-layout-flow wp-block-column-is-layout-flow\">\n<div class=\"wp-block-casasoft-blocks-card cs-card border-radius  medium bg-white image-icon\"><div class=\"cs-card-content\">\n<div class=\"wp-block-casasoft-blocks-heading cs-heading\"><h3 class=\"\">Steuerberatung:<\/h3><\/div>\n\n\n\n<ul class=\"wp-block-list\">\n<li>Steuererkl\u00e4rungen und Pr\u00fcfung von Steuerbescheiden (nat\u00fcrliche und juristische Personen)<\/li>\n\n\n\n<li>Beratung rund um Kantons- und Bundessteuern, Nachlass-\/Erbschafts- und Schenkungssteuer, Verrechnungssteuer<\/li>\n\n\n\n<li>Vertretung gegen\u00fcber eidgen\u00f6ssischen und kantonalen Steuerbeh\u00f6rden<\/li>\n<\/ul>\n<\/div><\/div>\n<\/div>\n\n\n\n<div class=\"wp-block-column is-layout-flow wp-block-column-is-layout-flow\"><\/div>\n<\/div>\n<\/div><\/div>\n\n\n\n<div class=\"wp-block-casasoft-blocks-container  spacer-bottom-large bg-light\"><div class=\"container\">\n<div class=\"wp-block-columns is-layout-flex wp-container-core-columns-is-layout-28f84493 wp-block-columns-is-layout-flex\">\n<div class=\"wp-block-column is-layout-flow wp-block-column-is-layout-flow\"><\/div>\n\n\n\n<div class=\"wp-block-column is-layout-flow wp-block-column-is-layout-flow\">\n<div class=\"wp-block-casasoft-blocks-flexwrapper d-flex flex-wrap gap-default  flex-lg-row justify-content-end\">\n<div><a class=\"btn btn-primary \" href=\"\/de\/kontakt\">Kontakt<\/a><\/div>\n<\/div>\n<\/div>\n<\/div>\n<\/div><\/div>\n","protected":false},"excerpt":{"rendered":"","protected":false},"author":1,"featured_media":0,"parent":0,"menu_order":0,"comment_status":"closed","ping_status":"closed","template":"","meta":{"_acf_changed":false,"inline_featured_image":false,"footnotes":""},"class_list":["post-74429","page","type-page","status-publish","hentry"],"acf":[],"yoast_head":"<!-- This site is optimized with the Yoast SEO plugin v27.5 - https:\/\/yoast.com\/product\/yoast-seo-wordpress\/ -->\n<title>Unternehmensberatung und Steuerberatung - Assofide SA<\/title>\n<meta name=\"robots\" content=\"index, follow, max-snippet:-1, max-image-preview:large, max-video-preview:-1\" \/>\n<link rel=\"canonical\" href=\"https:\/\/www.assofide.ch\/de\/unternehmensberatung-und-steuerberatung\/\" \/>\n<meta property=\"og:locale\" content=\"de_DE\" \/>\n<meta property=\"og:type\" content=\"article\" \/>\n<meta property=\"og:title\" content=\"Unternehmensberatung und Steuerberatung - Assofide SA\" \/>\n<meta property=\"og:url\" content=\"https:\/\/www.assofide.ch\/de\/unternehmensberatung-und-steuerberatung\/\" \/>\n<meta property=\"og:site_name\" content=\"Assofide SA\" \/>\n<meta property=\"article:modified_time\" content=\"2025-07-10T11:07:01+00:00\" \/>\n<meta property=\"og:image\" content=\"https:\/\/www.assofide.ch\/wp-content\/uploads\/sites\/5\/2025\/04\/opt-header.webp\" \/>\n<meta name=\"twitter:card\" content=\"summary_large_image\" \/>\n<meta name=\"twitter:label1\" content=\"Gesch\u00e4tzte Lesezeit\" \/>\n\t<meta name=\"twitter:data1\" content=\"1\u00a0Minute\" \/>\n<script type=\"application\/ld+json\" class=\"yoast-schema-graph\">{\"@context\":\"https:\\\/\\\/schema.org\",\"@graph\":[{\"@type\":\"WebPage\",\"@id\":\"https:\\\/\\\/www.assofide.ch\\\/de\\\/unternehmensberatung-und-steuerberatung\\\/\",\"url\":\"https:\\\/\\\/www.assofide.ch\\\/de\\\/unternehmensberatung-und-steuerberatung\\\/\",\"name\":\"Unternehmensberatung und Steuerberatung - Assofide SA\",\"isPartOf\":{\"@id\":\"https:\\\/\\\/www.assofide.ch\\\/de\\\/#website\"},\"primaryImageOfPage\":{\"@id\":\"https:\\\/\\\/www.assofide.ch\\\/de\\\/unternehmensberatung-und-steuerberatung\\\/#primaryimage\"},\"image\":{\"@id\":\"https:\\\/\\\/www.assofide.ch\\\/de\\\/unternehmensberatung-und-steuerberatung\\\/#primaryimage\"},\"thumbnailUrl\":\"https:\\\/\\\/www.assofide.ch\\\/wp-content\\\/uploads\\\/sites\\\/5\\\/2025\\\/04\\\/opt-header.webp\",\"datePublished\":\"2025-04-29T11:59:52+00:00\",\"dateModified\":\"2025-07-10T11:07:01+00:00\",\"breadcrumb\":{\"@id\":\"https:\\\/\\\/www.assofide.ch\\\/de\\\/unternehmensberatung-und-steuerberatung\\\/#breadcrumb\"},\"inLanguage\":\"de\",\"potentialAction\":[{\"@type\":\"ReadAction\",\"target\":[\"https:\\\/\\\/www.assofide.ch\\\/de\\\/unternehmensberatung-und-steuerberatung\\\/\"]}]},{\"@type\":\"ImageObject\",\"inLanguage\":\"de\",\"@id\":\"https:\\\/\\\/www.assofide.ch\\\/de\\\/unternehmensberatung-und-steuerberatung\\\/#primaryimage\",\"url\":\"https:\\\/\\\/www.assofide.ch\\\/wp-content\\\/uploads\\\/sites\\\/5\\\/2025\\\/04\\\/opt-header.webp\",\"contentUrl\":\"https:\\\/\\\/www.assofide.ch\\\/wp-content\\\/uploads\\\/sites\\\/5\\\/2025\\\/04\\\/opt-header.webp\"},{\"@type\":\"BreadcrumbList\",\"@id\":\"https:\\\/\\\/www.assofide.ch\\\/de\\\/unternehmensberatung-und-steuerberatung\\\/#breadcrumb\",\"itemListElement\":[{\"@type\":\"ListItem\",\"position\":1,\"name\":\"Home\",\"item\":\"https:\\\/\\\/www.assofide.ch\\\/de\\\/\"},{\"@type\":\"ListItem\",\"position\":2,\"name\":\"Unternehmensberatung und Steuerberatung\"}]},{\"@type\":\"WebSite\",\"@id\":\"https:\\\/\\\/www.assofide.ch\\\/de\\\/#website\",\"url\":\"https:\\\/\\\/www.assofide.ch\\\/de\\\/\",\"name\":\"Assofide SA\",\"description\":\"\",\"publisher\":{\"@id\":\"https:\\\/\\\/www.assofide.ch\\\/de\\\/#organization\"},\"potentialAction\":[{\"@type\":\"SearchAction\",\"target\":{\"@type\":\"EntryPoint\",\"urlTemplate\":\"https:\\\/\\\/www.assofide.ch\\\/de\\\/?s={search_term_string}\"},\"query-input\":{\"@type\":\"PropertyValueSpecification\",\"valueRequired\":true,\"valueName\":\"search_term_string\"}}],\"inLanguage\":\"de\"},{\"@type\":\"Organization\",\"@id\":\"https:\\\/\\\/www.assofide.ch\\\/de\\\/#organization\",\"name\":\"Assofide SA\",\"url\":\"https:\\\/\\\/www.assofide.ch\\\/de\\\/\",\"logo\":{\"@type\":\"ImageObject\",\"inLanguage\":\"de\",\"@id\":\"https:\\\/\\\/www.assofide.ch\\\/de\\\/#\\\/schema\\\/logo\\\/image\\\/\",\"url\":\"https:\\\/\\\/www.assofide.ch\\\/wp-content\\\/uploads\\\/sites\\\/5\\\/2025\\\/12\\\/assofide_logo.svg\",\"contentUrl\":\"https:\\\/\\\/www.assofide.ch\\\/wp-content\\\/uploads\\\/sites\\\/5\\\/2025\\\/12\\\/assofide_logo.svg\",\"width\":600,\"height\":666,\"caption\":\"Assofide SA\"},\"image\":{\"@id\":\"https:\\\/\\\/www.assofide.ch\\\/de\\\/#\\\/schema\\\/logo\\\/image\\\/\"}}]}<\/script>\n<!-- \/ Yoast SEO plugin. -->","yoast_head_json":{"title":"Unternehmensberatung und Steuerberatung - Assofide SA","robots":{"index":"index","follow":"follow","max-snippet":"max-snippet:-1","max-image-preview":"max-image-preview:large","max-video-preview":"max-video-preview:-1"},"canonical":"https:\/\/www.assofide.ch\/de\/unternehmensberatung-und-steuerberatung\/","og_locale":"de_DE","og_type":"article","og_title":"Unternehmensberatung und Steuerberatung - Assofide SA","og_url":"https:\/\/www.assofide.ch\/de\/unternehmensberatung-und-steuerberatung\/","og_site_name":"Assofide SA","article_modified_time":"2025-07-10T11:07:01+00:00","og_image":[{"url":"https:\/\/www.assofide.ch\/wp-content\/uploads\/sites\/5\/2025\/04\/opt-header.webp","type":"","width":"","height":""}],"twitter_card":"summary_large_image","twitter_misc":{"Gesch\u00e4tzte Lesezeit":"1\u00a0Minute"},"schema":{"@context":"https:\/\/schema.org","@graph":[{"@type":"WebPage","@id":"https:\/\/www.assofide.ch\/de\/unternehmensberatung-und-steuerberatung\/","url":"https:\/\/www.assofide.ch\/de\/unternehmensberatung-und-steuerberatung\/","name":"Unternehmensberatung und Steuerberatung - Assofide SA","isPartOf":{"@id":"https:\/\/www.assofide.ch\/de\/#website"},"primaryImageOfPage":{"@id":"https:\/\/www.assofide.ch\/de\/unternehmensberatung-und-steuerberatung\/#primaryimage"},"image":{"@id":"https:\/\/www.assofide.ch\/de\/unternehmensberatung-und-steuerberatung\/#primaryimage"},"thumbnailUrl":"https:\/\/www.assofide.ch\/wp-content\/uploads\/sites\/5\/2025\/04\/opt-header.webp","datePublished":"2025-04-29T11:59:52+00:00","dateModified":"2025-07-10T11:07:01+00:00","breadcrumb":{"@id":"https:\/\/www.assofide.ch\/de\/unternehmensberatung-und-steuerberatung\/#breadcrumb"},"inLanguage":"de","potentialAction":[{"@type":"ReadAction","target":["https:\/\/www.assofide.ch\/de\/unternehmensberatung-und-steuerberatung\/"]}]},{"@type":"ImageObject","inLanguage":"de","@id":"https:\/\/www.assofide.ch\/de\/unternehmensberatung-und-steuerberatung\/#primaryimage","url":"https:\/\/www.assofide.ch\/wp-content\/uploads\/sites\/5\/2025\/04\/opt-header.webp","contentUrl":"https:\/\/www.assofide.ch\/wp-content\/uploads\/sites\/5\/2025\/04\/opt-header.webp"},{"@type":"BreadcrumbList","@id":"https:\/\/www.assofide.ch\/de\/unternehmensberatung-und-steuerberatung\/#breadcrumb","itemListElement":[{"@type":"ListItem","position":1,"name":"Home","item":"https:\/\/www.assofide.ch\/de\/"},{"@type":"ListItem","position":2,"name":"Unternehmensberatung und Steuerberatung"}]},{"@type":"WebSite","@id":"https:\/\/www.assofide.ch\/de\/#website","url":"https:\/\/www.assofide.ch\/de\/","name":"Assofide SA","description":"","publisher":{"@id":"https:\/\/www.assofide.ch\/de\/#organization"},"potentialAction":[{"@type":"SearchAction","target":{"@type":"EntryPoint","urlTemplate":"https:\/\/www.assofide.ch\/de\/?s={search_term_string}"},"query-input":{"@type":"PropertyValueSpecification","valueRequired":true,"valueName":"search_term_string"}}],"inLanguage":"de"},{"@type":"Organization","@id":"https:\/\/www.assofide.ch\/de\/#organization","name":"Assofide SA","url":"https:\/\/www.assofide.ch\/de\/","logo":{"@type":"ImageObject","inLanguage":"de","@id":"https:\/\/www.assofide.ch\/de\/#\/schema\/logo\/image\/","url":"https:\/\/www.assofide.ch\/wp-content\/uploads\/sites\/5\/2025\/12\/assofide_logo.svg","contentUrl":"https:\/\/www.assofide.ch\/wp-content\/uploads\/sites\/5\/2025\/12\/assofide_logo.svg","width":600,"height":666,"caption":"Assofide SA"},"image":{"@id":"https:\/\/www.assofide.ch\/de\/#\/schema\/logo\/image\/"}}]}},"_links":{"self":[{"href":"https:\/\/www.assofide.ch\/de\/wp-json\/wp\/v2\/pages\/74429","targetHints":{"allow":["GET"]}}],"collection":[{"href":"https:\/\/www.assofide.ch\/de\/wp-json\/wp\/v2\/pages"}],"about":[{"href":"https:\/\/www.assofide.ch\/de\/wp-json\/wp\/v2\/types\/page"}],"author":[{"embeddable":true,"href":"https:\/\/www.assofide.ch\/de\/wp-json\/wp\/v2\/users\/1"}],"replies":[{"embeddable":true,"href":"https:\/\/www.assofide.ch\/de\/wp-json\/wp\/v2\/comments?post=74429"}],"version-history":[{"count":0,"href":"https:\/\/www.assofide.ch\/de\/wp-json\/wp\/v2\/pages\/74429\/revisions"}],"wp:attachment":[{"href":"https:\/\/www.assofide.ch\/de\/wp-json\/wp\/v2\/media?parent=74429"}],"curies":[{"name":"wp","href":"https:\/\/api.w.org\/{rel}","templated":true}]}}