{"id":74428,"date":"2025-04-29T13:53:30","date_gmt":"2025-04-29T11:53:30","guid":{"rendered":"https:\/\/assofide.onyx.casasoft.ch\/?page_id=74428"},"modified":"2026-03-17T08:45:29","modified_gmt":"2026-03-17T07:45:29","slug":"immobilienvermittlung","status":"publish","type":"page","link":"https:\/\/www.assofide.ch\/de\/immobilienvermittlung\/","title":{"rendered":"Immobilienvermittlung"},"content":{"rendered":"\n<div class=\"wp-block-casasoft-blocks-container  bg-white align-items-lg-center cs-hero\"><div class=\"container\">\n<div class=\"wp-block-columns is-layout-flex wp-container-core-columns-is-layout-28f84493 wp-block-columns-is-layout-flex\">\n<div class=\"wp-block-column is-layout-flow wp-block-column-is-layout-flow\">\n<div class=\"wp-block-casasoft-blocks-card cs-card border-radius icon-normal large bg-white\"><div class=\"cs-card-content\">\n<div class=\"wp-block-casasoft-blocks-heading cs-heading hyphens\"><div class=\"cs-supertitle\">Dienstleistungen<\/div><h1 class=\"\">Immobilienvermittlung<\/h1><\/div>\n<\/div><\/div>\n<\/div>\n\n\n\n<div class=\"wp-block-column is-layout-flow wp-block-column-is-layout-flow\">\n<div class=\"wp-block-casasoft-blocks-image border-radius hero-image\"><img decoding=\"async\" src=\"https:\/\/www.assofide.ch\/wp-content\/uploads\/sites\/5\/2025\/04\/opt-header.webp\" alt=\"\" class=\"cs-image img-fluid semi-portrait hd\"\/><\/div>\n<\/div>\n<\/div>\n<\/div><\/div>\n\n\n\n<div class=\"wp-block-casasoft-blocks-container spacer-top-large spacer-bottom-small bg-light\"><div class=\"container\">\n<div class=\"wp-block-columns is-layout-flex wp-container-core-columns-is-layout-28f84493 wp-block-columns-is-layout-flex\">\n<div class=\"wp-block-column is-layout-flow wp-block-column-is-layout-flow\" style=\"flex-basis:66.66%\">\n<div class=\"wp-block-casasoft-blocks-heading cs-heading\"><div class=\"cs-supertitle\">Wir vermitteln Ihre Immobilie<\/div><h2 class=\"\">Liegenschaftenvermittlung<\/h2><\/div>\n\n\n\n<p class=\"wp-block-casasoft-blocks-text text-small\">Das Team des Bereiches \u201cLiegenschaftenvermittlung\u201d gew\u00e4hrt s\u00e4mtlichen Kunden eine seri\u00f6se und effiziente Fachberatung w\u00e4hrend aller Phasen des Kaufs und Verkaufs von Liegenschaften oder Grundst\u00fccken wie H\u00e4user, Villen, Wohnungen, Geb\u00e4ude, Land, L\u00e4den, Rusticos etc.<br><br>Dank langj\u00e4hriger Erfahrung sind wir in der Lage, eine umfassende und genaue Dienstleistung quer durch alle Etappen des Kaufs und Verkaufs anzubieten und zwar f\u00fcr s\u00e4mtliche mit technischen, juristischen, kaufm\u00e4nnischen und finanziellen Fragen verbundenen Belange.<br><br>Gest\u00fctzt auf unsere grosses Kunden- und Objekteportfolio sowie das breite Beziehungsnetz, das wir im Rahmen unserer jahrelangen T\u00e4tigkeit auf dem regionalen Markt aufgebaut haben, k\u00f6nnen wir jedes Bed\u00fcrfnis optimal abdecken und schnelle, pr\u00e4zise Ergebnisse garantieren.<\/p>\n<\/div>\n<\/div>\n<\/div><\/div>\n\n\n\n<div class=\"wp-block-casasoft-blocks-container  spacer-bottom-large bg-light\"><div class=\"container\">\n<div class=\"wp-block-casasoft-blocks-heading cs-heading\"><h4 class=\"\">Die haupts\u00e4chlichen Aufgaben der Verkaufsabteilung sind:<br><\/h4><\/div>\n\n\n\n<div class=\"wp-block-columns is-layout-flex wp-container-core-columns-is-layout-28f84493 wp-block-columns-is-layout-flex\">\n<div class=\"wp-block-column is-layout-flow wp-block-column-is-layout-flow\">\n<ul class=\"wp-block-list\">\n<li>Suche nach neuen Objekten und Portefeuillebereinigung<\/li>\n\n\n\n<li>Besichtigungen, Fotoaufnahmen, Gutachten<\/li>\n\n\n\n<li>Kontakte mit verschiedenen Beh\u00f6rden zur Erledigung b\u00fcrokratischer Angelegenheiten (Grundbuchausz\u00fcge, Erwerbsbewilligung f\u00fcr Ausl\u00e4nder usw.)<\/li>\n\n\n\n<li>Erstellung der Verkaufsdokumentation, Vorbereitung von Anzeigen, Annoncen und Mailing in Papierform oder elektronisch<\/li>\n<\/ul>\n<\/div>\n\n\n\n<div class=\"wp-block-column is-layout-flow wp-block-column-is-layout-flow\">\n<ul class=\"wp-block-list\">\n<li>Telefondienst und Erledigung der Korrespondenz in mehreren Sprachen mit Eigent\u00fcmern und K\u00e4ufern<\/li>\n\n\n\n<li>Aktualisierung der Website der Assofide<\/li>\n\n\n\n<li>Objektbesichtigung mit potenziellen Kunden<\/li>\n\n\n\n<li>Regelm\u00e4ssige Berichterstattung an die Verk\u00e4ufer \u00fcber die Entwicklungen betreffend das \u00fcber die Assofide den Kunden angebotene Objekt<\/li>\n<\/ul>\n\n\n\n<div class=\"wp-block-casasoft-blocks-flexwrapper d-flex flex-wrap gap-default spacer-top-small  flex-lg-row justify-content-end\">\n<div><a class=\"btn btn-primary \" href=\"\/de\/kontakt\">Kontakt<\/a><\/div>\n<\/div>\n<\/div>\n<\/div>\n<\/div><\/div>\n","protected":false},"excerpt":{"rendered":"","protected":false},"author":1,"featured_media":0,"parent":0,"menu_order":0,"comment_status":"closed","ping_status":"closed","template":"","meta":{"_acf_changed":false,"inline_featured_image":false,"footnotes":""},"class_list":["post-74428","page","type-page","status-publish","hentry"],"acf":[],"yoast_head":"<!-- This site is optimized with the Yoast SEO plugin v27.4 - https:\/\/yoast.com\/product\/yoast-seo-wordpress\/ -->\n<title>Immobilienvermittlung - Assofide SA<\/title>\n<meta name=\"robots\" content=\"index, follow, max-snippet:-1, max-image-preview:large, max-video-preview:-1\" \/>\n<link rel=\"canonical\" href=\"https:\/\/www.assofide.ch\/de\/immobilienvermittlung\/\" \/>\n<meta property=\"og:locale\" content=\"de_DE\" \/>\n<meta property=\"og:type\" content=\"article\" \/>\n<meta property=\"og:title\" content=\"Immobilienvermittlung - Assofide SA\" \/>\n<meta property=\"og:url\" content=\"https:\/\/www.assofide.ch\/de\/immobilienvermittlung\/\" \/>\n<meta property=\"og:site_name\" content=\"Assofide SA\" \/>\n<meta property=\"article:modified_time\" content=\"2026-03-17T07:45:29+00:00\" \/>\n<meta property=\"og:image\" content=\"https:\/\/www.assofide.ch\/wp-content\/uploads\/sites\/5\/2025\/04\/opt-header.webp\" \/>\n<meta name=\"twitter:card\" content=\"summary_large_image\" \/>\n<meta name=\"twitter:label1\" content=\"Gesch\u00e4tzte Lesezeit\" \/>\n\t<meta name=\"twitter:data1\" content=\"2\u00a0Minuten\" \/>\n<script type=\"application\/ld+json\" class=\"yoast-schema-graph\">{\"@context\":\"https:\\\/\\\/schema.org\",\"@graph\":[{\"@type\":\"WebPage\",\"@id\":\"https:\\\/\\\/www.assofide.ch\\\/de\\\/immobilienvermittlung\\\/\",\"url\":\"https:\\\/\\\/www.assofide.ch\\\/de\\\/immobilienvermittlung\\\/\",\"name\":\"Immobilienvermittlung - Assofide SA\",\"isPartOf\":{\"@id\":\"https:\\\/\\\/www.assofide.ch\\\/de\\\/#website\"},\"primaryImageOfPage\":{\"@id\":\"https:\\\/\\\/www.assofide.ch\\\/de\\\/immobilienvermittlung\\\/#primaryimage\"},\"image\":{\"@id\":\"https:\\\/\\\/www.assofide.ch\\\/de\\\/immobilienvermittlung\\\/#primaryimage\"},\"thumbnailUrl\":\"https:\\\/\\\/www.assofide.ch\\\/wp-content\\\/uploads\\\/sites\\\/5\\\/2025\\\/04\\\/opt-header.webp\",\"datePublished\":\"2025-04-29T11:53:30+00:00\",\"dateModified\":\"2026-03-17T07:45:29+00:00\",\"breadcrumb\":{\"@id\":\"https:\\\/\\\/www.assofide.ch\\\/de\\\/immobilienvermittlung\\\/#breadcrumb\"},\"inLanguage\":\"de\",\"potentialAction\":[{\"@type\":\"ReadAction\",\"target\":[\"https:\\\/\\\/www.assofide.ch\\\/de\\\/immobilienvermittlung\\\/\"]}]},{\"@type\":\"ImageObject\",\"inLanguage\":\"de\",\"@id\":\"https:\\\/\\\/www.assofide.ch\\\/de\\\/immobilienvermittlung\\\/#primaryimage\",\"url\":\"https:\\\/\\\/www.assofide.ch\\\/wp-content\\\/uploads\\\/sites\\\/5\\\/2025\\\/04\\\/opt-header.webp\",\"contentUrl\":\"https:\\\/\\\/www.assofide.ch\\\/wp-content\\\/uploads\\\/sites\\\/5\\\/2025\\\/04\\\/opt-header.webp\"},{\"@type\":\"BreadcrumbList\",\"@id\":\"https:\\\/\\\/www.assofide.ch\\\/de\\\/immobilienvermittlung\\\/#breadcrumb\",\"itemListElement\":[{\"@type\":\"ListItem\",\"position\":1,\"name\":\"Home\",\"item\":\"https:\\\/\\\/www.assofide.ch\\\/de\\\/\"},{\"@type\":\"ListItem\",\"position\":2,\"name\":\"Immobilienvermittlung\"}]},{\"@type\":\"WebSite\",\"@id\":\"https:\\\/\\\/www.assofide.ch\\\/de\\\/#website\",\"url\":\"https:\\\/\\\/www.assofide.ch\\\/de\\\/\",\"name\":\"Assofide SA\",\"description\":\"\",\"publisher\":{\"@id\":\"https:\\\/\\\/www.assofide.ch\\\/de\\\/#organization\"},\"potentialAction\":[{\"@type\":\"SearchAction\",\"target\":{\"@type\":\"EntryPoint\",\"urlTemplate\":\"https:\\\/\\\/www.assofide.ch\\\/de\\\/?s={search_term_string}\"},\"query-input\":{\"@type\":\"PropertyValueSpecification\",\"valueRequired\":true,\"valueName\":\"search_term_string\"}}],\"inLanguage\":\"de\"},{\"@type\":\"Organization\",\"@id\":\"https:\\\/\\\/www.assofide.ch\\\/de\\\/#organization\",\"name\":\"Assofide SA\",\"url\":\"https:\\\/\\\/www.assofide.ch\\\/de\\\/\",\"logo\":{\"@type\":\"ImageObject\",\"inLanguage\":\"de\",\"@id\":\"https:\\\/\\\/www.assofide.ch\\\/de\\\/#\\\/schema\\\/logo\\\/image\\\/\",\"url\":\"https:\\\/\\\/www.assofide.ch\\\/wp-content\\\/uploads\\\/sites\\\/5\\\/2025\\\/12\\\/assofide_logo.svg\",\"contentUrl\":\"https:\\\/\\\/www.assofide.ch\\\/wp-content\\\/uploads\\\/sites\\\/5\\\/2025\\\/12\\\/assofide_logo.svg\",\"width\":600,\"height\":666,\"caption\":\"Assofide SA\"},\"image\":{\"@id\":\"https:\\\/\\\/www.assofide.ch\\\/de\\\/#\\\/schema\\\/logo\\\/image\\\/\"}}]}<\/script>\n<!-- \/ Yoast SEO plugin. -->","yoast_head_json":{"title":"Immobilienvermittlung - Assofide SA","robots":{"index":"index","follow":"follow","max-snippet":"max-snippet:-1","max-image-preview":"max-image-preview:large","max-video-preview":"max-video-preview:-1"},"canonical":"https:\/\/www.assofide.ch\/de\/immobilienvermittlung\/","og_locale":"de_DE","og_type":"article","og_title":"Immobilienvermittlung - Assofide SA","og_url":"https:\/\/www.assofide.ch\/de\/immobilienvermittlung\/","og_site_name":"Assofide SA","article_modified_time":"2026-03-17T07:45:29+00:00","og_image":[{"url":"https:\/\/www.assofide.ch\/wp-content\/uploads\/sites\/5\/2025\/04\/opt-header.webp","type":"","width":"","height":""}],"twitter_card":"summary_large_image","twitter_misc":{"Gesch\u00e4tzte Lesezeit":"2\u00a0Minuten"},"schema":{"@context":"https:\/\/schema.org","@graph":[{"@type":"WebPage","@id":"https:\/\/www.assofide.ch\/de\/immobilienvermittlung\/","url":"https:\/\/www.assofide.ch\/de\/immobilienvermittlung\/","name":"Immobilienvermittlung - Assofide SA","isPartOf":{"@id":"https:\/\/www.assofide.ch\/de\/#website"},"primaryImageOfPage":{"@id":"https:\/\/www.assofide.ch\/de\/immobilienvermittlung\/#primaryimage"},"image":{"@id":"https:\/\/www.assofide.ch\/de\/immobilienvermittlung\/#primaryimage"},"thumbnailUrl":"https:\/\/www.assofide.ch\/wp-content\/uploads\/sites\/5\/2025\/04\/opt-header.webp","datePublished":"2025-04-29T11:53:30+00:00","dateModified":"2026-03-17T07:45:29+00:00","breadcrumb":{"@id":"https:\/\/www.assofide.ch\/de\/immobilienvermittlung\/#breadcrumb"},"inLanguage":"de","potentialAction":[{"@type":"ReadAction","target":["https:\/\/www.assofide.ch\/de\/immobilienvermittlung\/"]}]},{"@type":"ImageObject","inLanguage":"de","@id":"https:\/\/www.assofide.ch\/de\/immobilienvermittlung\/#primaryimage","url":"https:\/\/www.assofide.ch\/wp-content\/uploads\/sites\/5\/2025\/04\/opt-header.webp","contentUrl":"https:\/\/www.assofide.ch\/wp-content\/uploads\/sites\/5\/2025\/04\/opt-header.webp"},{"@type":"BreadcrumbList","@id":"https:\/\/www.assofide.ch\/de\/immobilienvermittlung\/#breadcrumb","itemListElement":[{"@type":"ListItem","position":1,"name":"Home","item":"https:\/\/www.assofide.ch\/de\/"},{"@type":"ListItem","position":2,"name":"Immobilienvermittlung"}]},{"@type":"WebSite","@id":"https:\/\/www.assofide.ch\/de\/#website","url":"https:\/\/www.assofide.ch\/de\/","name":"Assofide SA","description":"","publisher":{"@id":"https:\/\/www.assofide.ch\/de\/#organization"},"potentialAction":[{"@type":"SearchAction","target":{"@type":"EntryPoint","urlTemplate":"https:\/\/www.assofide.ch\/de\/?s={search_term_string}"},"query-input":{"@type":"PropertyValueSpecification","valueRequired":true,"valueName":"search_term_string"}}],"inLanguage":"de"},{"@type":"Organization","@id":"https:\/\/www.assofide.ch\/de\/#organization","name":"Assofide SA","url":"https:\/\/www.assofide.ch\/de\/","logo":{"@type":"ImageObject","inLanguage":"de","@id":"https:\/\/www.assofide.ch\/de\/#\/schema\/logo\/image\/","url":"https:\/\/www.assofide.ch\/wp-content\/uploads\/sites\/5\/2025\/12\/assofide_logo.svg","contentUrl":"https:\/\/www.assofide.ch\/wp-content\/uploads\/sites\/5\/2025\/12\/assofide_logo.svg","width":600,"height":666,"caption":"Assofide SA"},"image":{"@id":"https:\/\/www.assofide.ch\/de\/#\/schema\/logo\/image\/"}}]}},"_links":{"self":[{"href":"https:\/\/www.assofide.ch\/de\/wp-json\/wp\/v2\/pages\/74428","targetHints":{"allow":["GET"]}}],"collection":[{"href":"https:\/\/www.assofide.ch\/de\/wp-json\/wp\/v2\/pages"}],"about":[{"href":"https:\/\/www.assofide.ch\/de\/wp-json\/wp\/v2\/types\/page"}],"author":[{"embeddable":true,"href":"https:\/\/www.assofide.ch\/de\/wp-json\/wp\/v2\/users\/1"}],"replies":[{"embeddable":true,"href":"https:\/\/www.assofide.ch\/de\/wp-json\/wp\/v2\/comments?post=74428"}],"version-history":[{"count":0,"href":"https:\/\/www.assofide.ch\/de\/wp-json\/wp\/v2\/pages\/74428\/revisions"}],"wp:attachment":[{"href":"https:\/\/www.assofide.ch\/de\/wp-json\/wp\/v2\/media?parent=74428"}],"curies":[{"name":"wp","href":"https:\/\/api.w.org\/{rel}","templated":true}]}}