{"id":74420,"date":"2025-04-29T13:34:55","date_gmt":"2025-04-29T11:34:55","guid":{"rendered":"https:\/\/assofide.onyx.casasoft.ch\/?page_id=74420"},"modified":"2025-07-10T13:06:17","modified_gmt":"2025-07-10T11:06:17","slug":"verwaltungen-von-immobilien","status":"publish","type":"page","link":"https:\/\/www.assofide.ch\/de\/verwaltungen-von-immobilien\/","title":{"rendered":"Verwaltungen von Immobilien"},"content":{"rendered":"\n<div class=\"wp-block-casasoft-blocks-container  bg-white align-items-lg-center cs-hero\"><div class=\"container\">\n<div class=\"wp-block-columns is-layout-flex wp-container-core-columns-is-layout-28f84493 wp-block-columns-is-layout-flex\">\n<div class=\"wp-block-column is-layout-flow wp-block-column-is-layout-flow\">\n<div class=\"wp-block-casasoft-blocks-card cs-card border-radius  large bg-white\"><div class=\"cs-card-content\">\n<div class=\"wp-block-casasoft-blocks-heading cs-heading\"><div class=\"cs-supertitle\">Dienstleistungen<\/div><h1 class=\"\">Verwaltungen von Immobilien<\/h1><\/div>\n<\/div><\/div>\n<\/div>\n\n\n\n<div class=\"wp-block-column is-layout-flow wp-block-column-is-layout-flow\">\n<div class=\"wp-block-casasoft-blocks-image border-radius hero-image\"><img decoding=\"async\" src=\"https:\/\/www.assofide.ch\/wp-content\/uploads\/sites\/5\/2025\/04\/opt-header.webp\" alt=\"\" class=\"cs-image img-fluid semi-portrait hd\"\/><\/div>\n<\/div>\n<\/div>\n<\/div><\/div>\n\n\n\n<div class=\"wp-block-casasoft-blocks-container spacer-top-large spacer-bottom-small bg-light\"><div class=\"container\">\n<div class=\"wp-block-columns is-layout-flex wp-container-core-columns-is-layout-28f84493 wp-block-columns-is-layout-flex\">\n<div class=\"wp-block-column is-layout-flow wp-block-column-is-layout-flow\" style=\"flex-basis:66.66%\">\n<div class=\"wp-block-casasoft-blocks-heading cs-heading\"><div class=\"cs-supertitle\">Assofide SA verwaltet Ihre Immobilien<\/div><h2 class=\"\">Geb\u00e4udeverwaltung<\/h2><\/div>\n\n\n\n<p class=\"wp-block-casasoft-blocks-text text-small\">Das Team des Bereiches \u201eGeb\u00e4udeverwaltung\u201c befasst sich mit der Verrichtung aller Verwaltungst\u00e4tigkeiten, die mit dem Gesetz, dem Reglement und dem mit dem Geb\u00e4udeeigent\u00fcmer abgeschlossenen Verwaltungsvertrag in Einklang stehen: Namentlich handelt es sich um eine Verwaltungst\u00e4tigkeit bez\u00fcglich der Unterhaltsarbeiten innerhalb der Wohnungen oder anderer Angelegenheiten im Zusammenhang mit dem Mietvertrag.<\/p>\n<\/div>\n<\/div>\n<\/div><\/div>\n\n\n\n<div class=\"wp-block-casasoft-blocks-container  spacer-bottom-large bg-light\"><div class=\"container\">\n<div class=\"wp-block-casasoft-blocks-heading cs-heading\"><h4 class=\"\">Die Geb\u00e4udeverwaltung umfasst:<br><\/h4><\/div>\n\n\n\n<div class=\"wp-block-columns is-layout-flex wp-container-core-columns-is-layout-28f84493 wp-block-columns-is-layout-flex\">\n<div class=\"wp-block-column is-layout-flow wp-block-column-is-layout-flow\">\n<ul class=\"wp-block-list\">\n<li>Bewirtschaftung\/Wiedervermietung (Vertr\u00e4ge, K\u00fcndigungen, Beschaffung von Referenzen \u00fcber m\u00f6gliche Mieter etc.)<\/li>\n\n\n\n<li>Beziehung zum Eigent\u00fcmer \/ Auftraggeber<\/li>\n\n\n\n<li>Beziehung zu den Mietern, was auch Verwaltungst\u00e4tigkeiten bez\u00fcglich der Unterhaltsarbeiten einschliesst und Kontakt zu \u00f6ffentlichen Betrieben<\/li>\n\n\n\n<li>Vertretung des Eigent\u00fcmers\/Auftraggebers gegen\u00fcber \u00f6ffentlichen Dienststellen bez\u00fcglich amtlicher Meldungen, verbunden mit der M\u00f6glichkeit, sich f\u00fcr juristische Fragen, Vollstreckungsverfahren etc. an die \u00f6ffentliche Verwaltung und die zust\u00e4ndigen Gerichte zu wenden<\/li>\n<\/ul>\n<\/div>\n\n\n\n<div class=\"wp-block-column is-layout-flow wp-block-column-is-layout-flow\">\n<ul class=\"wp-block-list\">\n<li>Kontrolle \u00fcber die F\u00e4lligkeiten aller Vertr\u00e4ge bez\u00fcglich Mieten, Bankgarantien und -kautionen, Versicherungspolicen<\/li>\n\n\n\n<li>Kontrolle \u00fcber die korrekte Ausf\u00fchrung der den Hausmeistern zugewiesenen Aufgaben (technische Verwaltung)<\/li>\n\n\n\n<li>\u00dcbergabe und R\u00fcckgabe von Wohnungen, einschliesslich der entsprechenden Verhandlungen mit den Vermietern<\/li>\n\n\n\n<li>Laufende Instandhaltung und Reparaturen im Anschluss an die viertelj\u00e4hrliche Liegenschaftskontrolle oder die Erhebung der innerhalb einer bestimmten Zeitspanne auszuf\u00fchrenden Arbeiten<\/li>\n<\/ul>\n\n\n\n<div class=\"wp-block-casasoft-blocks-flexwrapper d-flex flex-wrap gap-default spacer-top-small  flex-lg-row justify-content-end\">\n<div><a class=\"btn btn-primary \" href=\"\/de\/kontakt\">Kontakt<\/a><\/div>\n<\/div>\n<\/div>\n<\/div>\n<\/div><\/div>\n","protected":false},"excerpt":{"rendered":"","protected":false},"author":1,"featured_media":0,"parent":0,"menu_order":0,"comment_status":"closed","ping_status":"closed","template":"","meta":{"_acf_changed":false,"inline_featured_image":false,"footnotes":""},"class_list":["post-74420","page","type-page","status-publish","hentry"],"acf":[],"yoast_head":"<!-- This site is optimized with the Yoast SEO plugin v27.5 - https:\/\/yoast.com\/product\/yoast-seo-wordpress\/ -->\n<title>Verwaltungen von Immobilien - Assofide SA<\/title>\n<meta name=\"robots\" content=\"index, follow, max-snippet:-1, max-image-preview:large, max-video-preview:-1\" \/>\n<link rel=\"canonical\" href=\"https:\/\/www.assofide.ch\/de\/verwaltungen-von-immobilien\/\" \/>\n<meta property=\"og:locale\" content=\"de_DE\" \/>\n<meta property=\"og:type\" content=\"article\" \/>\n<meta property=\"og:title\" content=\"Verwaltungen von Immobilien - Assofide SA\" \/>\n<meta property=\"og:url\" content=\"https:\/\/www.assofide.ch\/de\/verwaltungen-von-immobilien\/\" \/>\n<meta property=\"og:site_name\" content=\"Assofide SA\" \/>\n<meta property=\"article:modified_time\" content=\"2025-07-10T11:06:17+00:00\" \/>\n<meta property=\"og:image\" content=\"https:\/\/www.assofide.ch\/wp-content\/uploads\/sites\/5\/2025\/04\/opt-header.webp\" \/>\n<meta name=\"twitter:card\" content=\"summary_large_image\" \/>\n<meta name=\"twitter:label1\" content=\"Gesch\u00e4tzte Lesezeit\" \/>\n\t<meta name=\"twitter:data1\" content=\"2\u00a0Minuten\" \/>\n<script type=\"application\/ld+json\" class=\"yoast-schema-graph\">{\"@context\":\"https:\\\/\\\/schema.org\",\"@graph\":[{\"@type\":\"WebPage\",\"@id\":\"https:\\\/\\\/www.assofide.ch\\\/de\\\/verwaltungen-von-immobilien\\\/\",\"url\":\"https:\\\/\\\/www.assofide.ch\\\/de\\\/verwaltungen-von-immobilien\\\/\",\"name\":\"Verwaltungen von Immobilien - Assofide SA\",\"isPartOf\":{\"@id\":\"https:\\\/\\\/www.assofide.ch\\\/de\\\/#website\"},\"primaryImageOfPage\":{\"@id\":\"https:\\\/\\\/www.assofide.ch\\\/de\\\/verwaltungen-von-immobilien\\\/#primaryimage\"},\"image\":{\"@id\":\"https:\\\/\\\/www.assofide.ch\\\/de\\\/verwaltungen-von-immobilien\\\/#primaryimage\"},\"thumbnailUrl\":\"https:\\\/\\\/www.assofide.ch\\\/wp-content\\\/uploads\\\/sites\\\/5\\\/2025\\\/04\\\/opt-header.webp\",\"datePublished\":\"2025-04-29T11:34:55+00:00\",\"dateModified\":\"2025-07-10T11:06:17+00:00\",\"breadcrumb\":{\"@id\":\"https:\\\/\\\/www.assofide.ch\\\/de\\\/verwaltungen-von-immobilien\\\/#breadcrumb\"},\"inLanguage\":\"de\",\"potentialAction\":[{\"@type\":\"ReadAction\",\"target\":[\"https:\\\/\\\/www.assofide.ch\\\/de\\\/verwaltungen-von-immobilien\\\/\"]}]},{\"@type\":\"ImageObject\",\"inLanguage\":\"de\",\"@id\":\"https:\\\/\\\/www.assofide.ch\\\/de\\\/verwaltungen-von-immobilien\\\/#primaryimage\",\"url\":\"https:\\\/\\\/www.assofide.ch\\\/wp-content\\\/uploads\\\/sites\\\/5\\\/2025\\\/04\\\/opt-header.webp\",\"contentUrl\":\"https:\\\/\\\/www.assofide.ch\\\/wp-content\\\/uploads\\\/sites\\\/5\\\/2025\\\/04\\\/opt-header.webp\"},{\"@type\":\"BreadcrumbList\",\"@id\":\"https:\\\/\\\/www.assofide.ch\\\/de\\\/verwaltungen-von-immobilien\\\/#breadcrumb\",\"itemListElement\":[{\"@type\":\"ListItem\",\"position\":1,\"name\":\"Home\",\"item\":\"https:\\\/\\\/www.assofide.ch\\\/de\\\/\"},{\"@type\":\"ListItem\",\"position\":2,\"name\":\"Verwaltungen von Immobilien\"}]},{\"@type\":\"WebSite\",\"@id\":\"https:\\\/\\\/www.assofide.ch\\\/de\\\/#website\",\"url\":\"https:\\\/\\\/www.assofide.ch\\\/de\\\/\",\"name\":\"Assofide SA\",\"description\":\"\",\"publisher\":{\"@id\":\"https:\\\/\\\/www.assofide.ch\\\/de\\\/#organization\"},\"potentialAction\":[{\"@type\":\"SearchAction\",\"target\":{\"@type\":\"EntryPoint\",\"urlTemplate\":\"https:\\\/\\\/www.assofide.ch\\\/de\\\/?s={search_term_string}\"},\"query-input\":{\"@type\":\"PropertyValueSpecification\",\"valueRequired\":true,\"valueName\":\"search_term_string\"}}],\"inLanguage\":\"de\"},{\"@type\":\"Organization\",\"@id\":\"https:\\\/\\\/www.assofide.ch\\\/de\\\/#organization\",\"name\":\"Assofide SA\",\"url\":\"https:\\\/\\\/www.assofide.ch\\\/de\\\/\",\"logo\":{\"@type\":\"ImageObject\",\"inLanguage\":\"de\",\"@id\":\"https:\\\/\\\/www.assofide.ch\\\/de\\\/#\\\/schema\\\/logo\\\/image\\\/\",\"url\":\"https:\\\/\\\/www.assofide.ch\\\/wp-content\\\/uploads\\\/sites\\\/5\\\/2025\\\/12\\\/assofide_logo.svg\",\"contentUrl\":\"https:\\\/\\\/www.assofide.ch\\\/wp-content\\\/uploads\\\/sites\\\/5\\\/2025\\\/12\\\/assofide_logo.svg\",\"width\":600,\"height\":666,\"caption\":\"Assofide SA\"},\"image\":{\"@id\":\"https:\\\/\\\/www.assofide.ch\\\/de\\\/#\\\/schema\\\/logo\\\/image\\\/\"}}]}<\/script>\n<!-- \/ Yoast SEO plugin. -->","yoast_head_json":{"title":"Verwaltungen von Immobilien - Assofide SA","robots":{"index":"index","follow":"follow","max-snippet":"max-snippet:-1","max-image-preview":"max-image-preview:large","max-video-preview":"max-video-preview:-1"},"canonical":"https:\/\/www.assofide.ch\/de\/verwaltungen-von-immobilien\/","og_locale":"de_DE","og_type":"article","og_title":"Verwaltungen von Immobilien - Assofide SA","og_url":"https:\/\/www.assofide.ch\/de\/verwaltungen-von-immobilien\/","og_site_name":"Assofide SA","article_modified_time":"2025-07-10T11:06:17+00:00","og_image":[{"url":"https:\/\/www.assofide.ch\/wp-content\/uploads\/sites\/5\/2025\/04\/opt-header.webp","type":"","width":"","height":""}],"twitter_card":"summary_large_image","twitter_misc":{"Gesch\u00e4tzte Lesezeit":"2\u00a0Minuten"},"schema":{"@context":"https:\/\/schema.org","@graph":[{"@type":"WebPage","@id":"https:\/\/www.assofide.ch\/de\/verwaltungen-von-immobilien\/","url":"https:\/\/www.assofide.ch\/de\/verwaltungen-von-immobilien\/","name":"Verwaltungen von Immobilien - Assofide SA","isPartOf":{"@id":"https:\/\/www.assofide.ch\/de\/#website"},"primaryImageOfPage":{"@id":"https:\/\/www.assofide.ch\/de\/verwaltungen-von-immobilien\/#primaryimage"},"image":{"@id":"https:\/\/www.assofide.ch\/de\/verwaltungen-von-immobilien\/#primaryimage"},"thumbnailUrl":"https:\/\/www.assofide.ch\/wp-content\/uploads\/sites\/5\/2025\/04\/opt-header.webp","datePublished":"2025-04-29T11:34:55+00:00","dateModified":"2025-07-10T11:06:17+00:00","breadcrumb":{"@id":"https:\/\/www.assofide.ch\/de\/verwaltungen-von-immobilien\/#breadcrumb"},"inLanguage":"de","potentialAction":[{"@type":"ReadAction","target":["https:\/\/www.assofide.ch\/de\/verwaltungen-von-immobilien\/"]}]},{"@type":"ImageObject","inLanguage":"de","@id":"https:\/\/www.assofide.ch\/de\/verwaltungen-von-immobilien\/#primaryimage","url":"https:\/\/www.assofide.ch\/wp-content\/uploads\/sites\/5\/2025\/04\/opt-header.webp","contentUrl":"https:\/\/www.assofide.ch\/wp-content\/uploads\/sites\/5\/2025\/04\/opt-header.webp"},{"@type":"BreadcrumbList","@id":"https:\/\/www.assofide.ch\/de\/verwaltungen-von-immobilien\/#breadcrumb","itemListElement":[{"@type":"ListItem","position":1,"name":"Home","item":"https:\/\/www.assofide.ch\/de\/"},{"@type":"ListItem","position":2,"name":"Verwaltungen von Immobilien"}]},{"@type":"WebSite","@id":"https:\/\/www.assofide.ch\/de\/#website","url":"https:\/\/www.assofide.ch\/de\/","name":"Assofide SA","description":"","publisher":{"@id":"https:\/\/www.assofide.ch\/de\/#organization"},"potentialAction":[{"@type":"SearchAction","target":{"@type":"EntryPoint","urlTemplate":"https:\/\/www.assofide.ch\/de\/?s={search_term_string}"},"query-input":{"@type":"PropertyValueSpecification","valueRequired":true,"valueName":"search_term_string"}}],"inLanguage":"de"},{"@type":"Organization","@id":"https:\/\/www.assofide.ch\/de\/#organization","name":"Assofide SA","url":"https:\/\/www.assofide.ch\/de\/","logo":{"@type":"ImageObject","inLanguage":"de","@id":"https:\/\/www.assofide.ch\/de\/#\/schema\/logo\/image\/","url":"https:\/\/www.assofide.ch\/wp-content\/uploads\/sites\/5\/2025\/12\/assofide_logo.svg","contentUrl":"https:\/\/www.assofide.ch\/wp-content\/uploads\/sites\/5\/2025\/12\/assofide_logo.svg","width":600,"height":666,"caption":"Assofide SA"},"image":{"@id":"https:\/\/www.assofide.ch\/de\/#\/schema\/logo\/image\/"}}]}},"_links":{"self":[{"href":"https:\/\/www.assofide.ch\/de\/wp-json\/wp\/v2\/pages\/74420","targetHints":{"allow":["GET"]}}],"collection":[{"href":"https:\/\/www.assofide.ch\/de\/wp-json\/wp\/v2\/pages"}],"about":[{"href":"https:\/\/www.assofide.ch\/de\/wp-json\/wp\/v2\/types\/page"}],"author":[{"embeddable":true,"href":"https:\/\/www.assofide.ch\/de\/wp-json\/wp\/v2\/users\/1"}],"replies":[{"embeddable":true,"href":"https:\/\/www.assofide.ch\/de\/wp-json\/wp\/v2\/comments?post=74420"}],"version-history":[{"count":0,"href":"https:\/\/www.assofide.ch\/de\/wp-json\/wp\/v2\/pages\/74420\/revisions"}],"wp:attachment":[{"href":"https:\/\/www.assofide.ch\/de\/wp-json\/wp\/v2\/media?parent=74420"}],"curies":[{"name":"wp","href":"https:\/\/api.w.org\/{rel}","templated":true}]}}