{"id":1697,"date":"2025-01-27T10:21:17","date_gmt":"2025-01-27T09:21:17","guid":{"rendered":"https:\/\/assofide.onyx.casasoft.ch\/?page_id=1697"},"modified":"2025-09-23T16:06:06","modified_gmt":"2025-09-23T14:06:06","slug":"kundenstimmen","status":"publish","type":"page","link":"https:\/\/www.assofide.ch\/de\/kundenstimmen\/","title":{"rendered":"Unser Leitbild"},"content":{"rendered":"\n<div class=\"wp-block-casasoft-blocks-container  bg-white align-items-lg-center cs-hero\"><div class=\"container\">\n<div class=\"wp-block-columns is-layout-flex wp-container-core-columns-is-layout-28f84493 wp-block-columns-is-layout-flex\">\n<div class=\"wp-block-column is-layout-flow wp-block-column-is-layout-flow\">\n<div class=\"wp-block-casasoft-blocks-card cs-card border-radius  large bg-white\"><div class=\"cs-card-content\">\n<div class=\"wp-block-casasoft-blocks-heading cs-heading\"><h1 class=\"\">Unser Leitbild<\/h1><\/div>\n<\/div><\/div>\n<\/div>\n\n\n\n<div class=\"wp-block-column is-layout-flow wp-block-column-is-layout-flow\">\n<div class=\"wp-block-casasoft-blocks-image border-radius hero-image\"><img decoding=\"async\" src=\"https:\/\/www.assofide.ch\/wp-content\/themes\/cs_onyx\/assets\/img\/example.jpg\" alt=\"Hero\" class=\"cs-image img-fluid semi-portrait hd\"\/><\/div>\n<\/div>\n<\/div>\n<\/div><\/div>\n\n\n\n<div class=\"wp-block-casasoft-blocks-container spacer-top-large spacer-bottom-large bg-light  cs-cards-container\"><div class=\"container\">\n<div class=\"wp-block-columns is-layout-flex wp-container-core-columns-is-layout-28f84493 wp-block-columns-is-layout-flex\">\n<div class=\"wp-block-column is-layout-flow wp-block-column-is-layout-flow\">\n<div class=\"wp-block-casasoft-blocks-heading cs-heading\"><h3 class=\"\">Kundenorientiert zu sein bedeutet f\u00fcr uns:<\/h3><\/div>\n\n\n\n<ul class=\"wp-block-list\">\n<li>Unsere Kunden gr\u00fcndlich zu kennen;<\/li>\n\n\n\n<li>Unsere Kunden genau zuzuh\u00f6ren;<\/li>\n\n\n\n<li>Die Dienstleistungen den W\u00fcnschen und Bed\u00fcrfnissen unserer Kunden anzupassen;<\/li>\n\n\n\n<li>Die Gesch\u00e4ftsbeziehung zu unseren Kunden zu deren Zufriedenheit zu pflegen.<\/li>\n<\/ul>\n<\/div>\n\n\n\n<div class=\"wp-block-column is-layout-flow wp-block-column-is-layout-flow\">\n<div class=\"wp-block-casasoft-blocks-heading cs-heading\"><h3 class=\"\">Vertrauensw\u00fcrdig zu sein bedeutet f\u00fcr uns:<\/h3><\/div>\n\n\n\n<ul class=\"wp-block-list\">\n<li>Die Versprochene Dienstleistung zu erbringen:<\/li>\n\n\n\n<li>Die volle Verantwortung f\u00fcr unser Tun zu \u00fcbernehmen;<\/li>\n\n\n\n<li>Sowohl an den guten als auch an den schlechten Nachrichten Anteil zu nehmen;<\/li>\n\n\n\n<li>S\u00e4mtliche Entscheidungen unter Beachtung des Berufsethos zu f\u00e4llen.<\/li>\n<\/ul>\n<\/div>\n<\/div>\n\n\n\n<div class=\"wp-block-columns is-layout-flex wp-container-core-columns-is-layout-28f84493 wp-block-columns-is-layout-flex\">\n<div class=\"wp-block-column is-layout-flow wp-block-column-is-layout-flow\">\n<div class=\"wp-block-casasoft-blocks-heading cs-heading\"><h3 class=\"\">Erfolgreich zu sein bedeutet f\u00fcr uns:<\/h3><\/div>\n\n\n\n<ul class=\"wp-block-list\">\n<li>Unseren Kundenbestand intakt zu halten;<\/li>\n\n\n\n<li>Neue Kunden umfassend zu akquirieren;<\/li>\n\n\n\n<li>Die Besten in unserer Branche und in unserem Beruf zu sein;<\/li>\n\n\n\n<li>\u00dcber die gesetzten Ziele hinauszugehen und den Kapitaleinsatz innerhalb der Gesellschaft zu f\u00f6rdern.<\/li>\n<\/ul>\n<\/div>\n\n\n\n<div class=\"wp-block-column is-layout-flow wp-block-column-is-layout-flow\">\n<div class=\"wp-block-casasoft-blocks-heading cs-heading\"><h3 class=\"\">Gegenseitige Achtung bedeutet f\u00fcr uns;<\/h3><\/div>\n\n\n\n<ul class=\"wp-block-list\">\n<li>Einander zuzuh\u00f6ren und auf Unterschiede Wert zu legen;<\/li>\n\n\n\n<li>Einander gleich zu behandeln<\/li>\n\n\n\n<li>Einander zu unterst\u00fctzen;<\/li>\n\n\n\n<li>Einander zu gratulieren, unter Anerkennung der gegenseitigen Erfolge.<\/li>\n<\/ul>\n<\/div>\n<\/div>\n<\/div><\/div>\n\n\n\n<div class=\"wp-block-casasoft-blocks-container spacer-top-large spacer-bottom-large bg-white  testimonials-pattern\"><div class=\"container\">\n<div class=\"wp-block-casasoft-blocks-heading cs-heading spacer-bottom-small\"><div class=\"cs-supertitle\">Kundenstimmen<\/div><h2 class=\"\">Wir freuen uns auf Ihr Feedback<\/h2><\/div>\n\n\n     <script>\n        var post_posts = {\"post_type\":\"testimonial\",\"ignore_sticky_posts\":true,\"post_status\":\"publish\",\"posts_per_page\":4,\"orderby\":\"menu_order\",\"order\":\"asc\"},\n            posts_category = '',\n            post_current_page = 1,\n            post_posts_per_page = 4,\n            post_current_lang = 'de',\n            post_columns = 4,\n            post_hide_date = false,\n            post_max_page = 0;\n    <\/script>\n    <\/div><\/div>\n\n\n\n<div class=\"wp-block-casasoft-blocks-container spacer-top-large spacer-bottom-large bg-primary\"><div class=\"container\">\n<div class=\"wp-block-casasoft-blocks-heading cs-heading\"><div class=\"cs-supertitle\"><strong>Rezension schreiben<\/strong><\/div><h2 class=\"\">Teilen Sie uns Ihre Meinung mit<\/h2><\/div>\n\n\n        <div class=\"row\">\n            <div class=\"col-lg-4 offset-lg-4\">\n                <form id=\"testimonial-form\" action=\"\" method=\"post\" enctype=\"multipart\/form-data\">\n                    \n                    <input type=\"hidden\" id=\"testimonial_nonce\" name=\"testimonial_nonce\" value=\"dc42380ab6\" \/><input type=\"hidden\" name=\"_wp_http_referer\" value=\"\/de\/wp-json\/wp\/v2\/pages\/1697\" \/>\n                    <input type=\"hidden\" name=\"submit_testimonial\" value=\"1\" \/>\n\n                    <div class=\"form-group is-required\">\n                        <input \n                            type=\"text\" \n                            name=\"testimonial_name\" \n                            id=\"testimonial_name\" \n                            class=\"form-control casawp-form-control\" \n                            required \n                        \/>\n                        <label for=\"testimonial_name\" class=\"control-label\">\n                            Name                        <\/label>\n                    <\/div>\n\n                    <div class=\"form-group is-required\">\n                        <textarea \n                            name=\"testimonial_opinion\" \n                            id=\"testimonial_opinion\" \n                            class=\"form-control casawp-form-control\" \n                            rows=\"5\" \n                            required\n                        ><\/textarea>\n                        <label for=\"testimonial_opinion\" class=\"control-label\">\n                            Ihre Meinung                        <\/label>\n                    <\/div>\n\n                    <div class=\"testimonial-dropzone\" id=\"testimonial-dropzone\">\n                        <div id=\"testimonial-dropzone-text\">\n                            Ziehen Sie ein Foto per Drag &amp; Drop hierher oder klicken Sie auf, um es von Ihrem Computer auszuw\u00e4hlen                        <\/div>\n\n                        <input \n                            type=\"file\" \n                            name=\"testimonial_photo\" \n                            id=\"testimonial_photo\" \n                            accept=\"image\/jpeg,image\/png\" \n                            hidden \n                        \/>\n\n                        <div id=\"testimonial-dropzone-error\" style=\"display: none;\"><\/div>\n\n                        <div \n                            id=\"testimonial-photo-preview-container\" \n                            class=\"testimonial-photo-preview-container\" \n                            style=\"display:none;\"\n                        >\n                            <img id=\"testimonial-photo-preview\" alt=\"Preview\" \/>\n                            <button \n                                type=\"button\" \n                                id=\"testimonial-photo-remove\" \n                                class=\"testimonial-photo-remove\"\n                            >&times;<\/button>\n                            <div class=\"testimonial-photo-progress\">\n                                <div \n                                    class=\"testimonial-photo-progress-bar\" \n                                    id=\"testimonial-photo-progress-bar\"\n                                ><\/div>\n                            <\/div>\n                        <\/div>\n                    <\/div>\n\n                                            <div class=\"g-recaptcha-v3\" \n                             data-sitekey=\"6Ld8CyUsAAAAAEkky0gs8Bsi9Kcoqk1PyIl2gY8K\">\n                        <\/div>\n                        \n                        <script src=\"https:\/\/www.google.com\/recaptcha\/api.js?render=6Ld8CyUsAAAAAEkky0gs8Bsi9Kcoqk1PyIl2gY8K\"><\/script>\n\n                        <input type=\"hidden\" id=\"gRecaptchaResponse\" name=\"g-recaptcha-response\" \/>\n\n                        <script>\n                            window.captchaKey = '6Ld8CyUsAAAAAEkky0gs8Bsi9Kcoqk1PyIl2gY8K';\n\n                            document.addEventListener('DOMContentLoaded', function() {\n                                var formEl = document.getElementById('testimonial-form');\n                                if (!formEl) {\n                                    console.error(\"DEBUG: #testimonial-form not found in DOM.\");\n                                    return;\n                                }\n\n                                formEl.addEventListener('submit', function(event) {\n                                    console.log(\"DEBUG: Form submit event triggered.\");\n                                    event.preventDefault();\n\n                                    if (typeof grecaptcha === 'undefined') {\n                                        formEl.submit();\n                                        return;\n                                    }\n\n                                    grecaptcha.ready(function() {\n                                        grecaptcha.execute(window.captchaKey, { action: 'testimonialForm' })\n                                            .then(function(token) {\n                                                document.getElementById('gRecaptchaResponse').value = token;\n                                                formEl.submit();\n                                            })\n                                            .catch(function(err) {\n                                                formEl.submit();\n                                            });\n                                    });\n                                });\n                            });\n                        <\/script>\n                    \n                    <div class=\"d-flex justify-content-end\">\n                        <input \n                            type=\"submit\" \n                            class=\"btn btn-primary\" \n                            value=\"Referenz einreichen\" \n                        \/>\n                    <\/div>\n                <\/form>\n            <\/div>\n        <\/div>\n\n        <script>\n        document.addEventListener('DOMContentLoaded', function() {\n            var dropzone         = document.getElementById('testimonial-dropzone');\n            var dropzoneText     = document.getElementById('testimonial-dropzone-text');\n            var fileInput        = document.getElementById('testimonial_photo');\n            var previewContainer = document.getElementById('testimonial-photo-preview-container');\n            var previewImage     = document.getElementById('testimonial-photo-preview');\n            var removeButton     = document.getElementById('testimonial-photo-remove');\n            var progressBar      = document.getElementById('testimonial-photo-progress-bar');\n\n            var maxFileSize = 1 * 1024 * 1024; \/\/ 1 MB\n\n            dropzone.addEventListener('click', function() {\n                fileInput.click();\n            });\n\n            dropzone.addEventListener('dragover', function(e) {\n                e.preventDefault();\n                dropzone.classList.add('dragover');\n            });\n\n            dropzone.addEventListener('dragleave', function(e) {\n                e.preventDefault();\n                dropzone.classList.remove('dragover');\n            });\n\n            dropzone.addEventListener('drop', function(e) {\n                e.preventDefault();\n                dropzone.classList.remove('dragover');\n\n                if (e.dataTransfer.files && e.dataTransfer.files.length > 0) {\n                    var file = e.dataTransfer.files[0];\n                    handleFile(file);\n                }\n            });\n\n            fileInput.addEventListener('change', function(e) {\n                if (fileInput.files && fileInput.files.length > 0) {\n                    var file = fileInput.files[0];\n                    handleFile(file);\n                }\n            });\n\n            removeButton.addEventListener('click', function() {\n                fileInput.value = \"\";\n                previewContainer.style.display = 'none';\n                previewImage.src = \"\";\n                progressBar.style.width = '0';\n                dropzoneText.style.display = 'block';\n            });\n\n            function handleFile(file) {\n                const localeMap = {\n                  'en-US': 'en',\n                  'en': 'en',\n                  'de-DE': 'de',\n                  'de': 'de',\n                  'fr-FR': 'fr',\n                  'fr': 'fr',\n                  'it-IT': 'it',\n                  'it': 'it'\n                };\n\n                const htmlLang = document.documentElement.getAttribute('lang') || 'en-US';\n                const currentLang = localeMap[htmlLang] || 'en';\n\n                const errorMessages = {\n                    en: {\n                        allowedTypes: 'Only JPG or PNG images are allowed.',\n                        maxSize: 'File size exceeds 1 MB limit.'\n                    },\n                    de: {\n                        allowedTypes: 'Es sind nur JPG- oder PNG-Bilder erlaubt.',\n                        maxSize: 'Die Dateigr\u00f6\u00dfe \u00fcberschreitet das 1-MB-Limit.'\n                    },\n                    it: {\n                        allowedTypes: 'Sono consentite solo immagini JPG o PNG.',\n                        maxSize: 'La dimensione del file supera il limite di 1 MB.'\n                    },\n                    fr: {\n                        allowedTypes: 'Seules les images JPG ou PNG sont autoris\u00e9es.',\n                        maxSize: 'La taille du fichier d\u00e9passe la limite de 1 Mo.'\n                    }\n                };\n    \n                var dropzoneError = document.getElementById('testimonial-dropzone-error');\n                dropzoneError.innerHTML = '';\n                dropzoneError.style.display = 'none';\n\n                if (!(file.type === 'image\/jpeg' || file.type === 'image\/png' || file.type === 'image\/jpg')) {\n                    dropzoneError.innerHTML = \n                        '<strong style=\"color: red;\">' +\n                        errorMessages[currentLang].allowedTypes +\n                        '<\/strong>';\n                    dropzoneError.style.display = 'block';\n                    return;\n                }\n\n                if (file.size > maxFileSize) {\n                    dropzoneError.innerHTML =\n                        '<strong style=\"color: red;\">' +\n                        errorMessages[currentLang].maxSize +\n                        '<\/strong>';\n                    dropzoneError.style.display = 'block';\n                    return;\n                }\n\n                let dataTransfer = new DataTransfer();\n                dataTransfer.items.add(file);\n                fileInput.files = dataTransfer.files;\n\n                previewContainer.style.display = 'flex';\n                dropzoneText.style.display = 'none';\n                progressBar.style.width = '0';\n\n                var reader = new FileReader();\n\n                reader.addEventListener('progress', function(e) {\n                    if (e.lengthComputable) {\n                        var percentLoaded = Math.round((e.loaded \/ e.total) * 100);\n                        progressBar.style.width = percentLoaded + '%';\n                    }\n                });\n\n                reader.addEventListener('load', function(e) {\n                    previewImage.src = e.target.result;\n                });\n\n                reader.addEventListener('loadend', function() {\n                    progressBar.style.width = '100%';\n                });\n\n                reader.readAsDataURL(file);\n            }\n        });\n        <\/script>\n        <\/div><\/div>\n","protected":false},"excerpt":{"rendered":"","protected":false},"author":1,"featured_media":0,"parent":0,"menu_order":0,"comment_status":"closed","ping_status":"closed","template":"","meta":{"_acf_changed":false,"inline_featured_image":false,"footnotes":""},"class_list":["post-1697","page","type-page","status-publish","hentry"],"acf":[],"yoast_head":"<!-- This site is optimized with the Yoast SEO plugin v27.5 - https:\/\/yoast.com\/product\/yoast-seo-wordpress\/ -->\n<title>Unser Leitbild - Assofide SA<\/title>\n<meta name=\"robots\" content=\"index, follow, max-snippet:-1, max-image-preview:large, max-video-preview:-1\" \/>\n<link rel=\"canonical\" href=\"https:\/\/www.assofide.ch\/de\/kundenstimmen\/\" \/>\n<meta property=\"og:locale\" content=\"de_DE\" \/>\n<meta property=\"og:type\" content=\"article\" \/>\n<meta property=\"og:title\" content=\"Unser Leitbild - Assofide SA\" \/>\n<meta property=\"og:url\" content=\"https:\/\/www.assofide.ch\/de\/kundenstimmen\/\" \/>\n<meta property=\"og:site_name\" content=\"Assofide SA\" \/>\n<meta property=\"article:modified_time\" content=\"2025-09-23T14:06:06+00:00\" \/>\n<meta property=\"og:image\" content=\"https:\/\/www.assofide.ch\/wp-content\/themes\/cs_onyx\/assets\/img\/example.jpg\" \/>\n<meta name=\"twitter:card\" content=\"summary_large_image\" \/>\n<meta name=\"twitter:label1\" content=\"Gesch\u00e4tzte Lesezeit\" \/>\n\t<meta name=\"twitter:data1\" content=\"1\u00a0Minute\" \/>\n<script type=\"application\/ld+json\" class=\"yoast-schema-graph\">{\"@context\":\"https:\\\/\\\/schema.org\",\"@graph\":[{\"@type\":\"WebPage\",\"@id\":\"https:\\\/\\\/www.assofide.ch\\\/de\\\/kundenstimmen\\\/\",\"url\":\"https:\\\/\\\/www.assofide.ch\\\/de\\\/kundenstimmen\\\/\",\"name\":\"Unser Leitbild - Assofide SA\",\"isPartOf\":{\"@id\":\"https:\\\/\\\/www.assofide.ch\\\/de\\\/#website\"},\"primaryImageOfPage\":{\"@id\":\"https:\\\/\\\/www.assofide.ch\\\/de\\\/kundenstimmen\\\/#primaryimage\"},\"image\":{\"@id\":\"https:\\\/\\\/www.assofide.ch\\\/de\\\/kundenstimmen\\\/#primaryimage\"},\"thumbnailUrl\":\"https:\\\/\\\/www.assofide.ch\\\/wp-content\\\/themes\\\/cs_onyx\\\/assets\\\/img\\\/example.jpg\",\"datePublished\":\"2025-01-27T09:21:17+00:00\",\"dateModified\":\"2025-09-23T14:06:06+00:00\",\"breadcrumb\":{\"@id\":\"https:\\\/\\\/www.assofide.ch\\\/de\\\/kundenstimmen\\\/#breadcrumb\"},\"inLanguage\":\"de\",\"potentialAction\":[{\"@type\":\"ReadAction\",\"target\":[\"https:\\\/\\\/www.assofide.ch\\\/de\\\/kundenstimmen\\\/\"]}]},{\"@type\":\"ImageObject\",\"inLanguage\":\"de\",\"@id\":\"https:\\\/\\\/www.assofide.ch\\\/de\\\/kundenstimmen\\\/#primaryimage\",\"url\":\"https:\\\/\\\/www.assofide.ch\\\/wp-content\\\/themes\\\/cs_onyx\\\/assets\\\/img\\\/example.jpg\",\"contentUrl\":\"https:\\\/\\\/www.assofide.ch\\\/wp-content\\\/themes\\\/cs_onyx\\\/assets\\\/img\\\/example.jpg\"},{\"@type\":\"BreadcrumbList\",\"@id\":\"https:\\\/\\\/www.assofide.ch\\\/de\\\/kundenstimmen\\\/#breadcrumb\",\"itemListElement\":[{\"@type\":\"ListItem\",\"position\":1,\"name\":\"Home\",\"item\":\"https:\\\/\\\/www.assofide.ch\\\/de\\\/\"},{\"@type\":\"ListItem\",\"position\":2,\"name\":\"Unser Leitbild\"}]},{\"@type\":\"WebSite\",\"@id\":\"https:\\\/\\\/www.assofide.ch\\\/de\\\/#website\",\"url\":\"https:\\\/\\\/www.assofide.ch\\\/de\\\/\",\"name\":\"Assofide SA\",\"description\":\"\",\"publisher\":{\"@id\":\"https:\\\/\\\/www.assofide.ch\\\/de\\\/#organization\"},\"potentialAction\":[{\"@type\":\"SearchAction\",\"target\":{\"@type\":\"EntryPoint\",\"urlTemplate\":\"https:\\\/\\\/www.assofide.ch\\\/de\\\/?s={search_term_string}\"},\"query-input\":{\"@type\":\"PropertyValueSpecification\",\"valueRequired\":true,\"valueName\":\"search_term_string\"}}],\"inLanguage\":\"de\"},{\"@type\":\"Organization\",\"@id\":\"https:\\\/\\\/www.assofide.ch\\\/de\\\/#organization\",\"name\":\"Assofide SA\",\"url\":\"https:\\\/\\\/www.assofide.ch\\\/de\\\/\",\"logo\":{\"@type\":\"ImageObject\",\"inLanguage\":\"de\",\"@id\":\"https:\\\/\\\/www.assofide.ch\\\/de\\\/#\\\/schema\\\/logo\\\/image\\\/\",\"url\":\"https:\\\/\\\/www.assofide.ch\\\/wp-content\\\/uploads\\\/sites\\\/5\\\/2025\\\/12\\\/assofide_logo.svg\",\"contentUrl\":\"https:\\\/\\\/www.assofide.ch\\\/wp-content\\\/uploads\\\/sites\\\/5\\\/2025\\\/12\\\/assofide_logo.svg\",\"width\":600,\"height\":666,\"caption\":\"Assofide SA\"},\"image\":{\"@id\":\"https:\\\/\\\/www.assofide.ch\\\/de\\\/#\\\/schema\\\/logo\\\/image\\\/\"}}]}<\/script>\n<!-- \/ Yoast SEO plugin. -->","yoast_head_json":{"title":"Unser Leitbild - Assofide SA","robots":{"index":"index","follow":"follow","max-snippet":"max-snippet:-1","max-image-preview":"max-image-preview:large","max-video-preview":"max-video-preview:-1"},"canonical":"https:\/\/www.assofide.ch\/de\/kundenstimmen\/","og_locale":"de_DE","og_type":"article","og_title":"Unser Leitbild - Assofide SA","og_url":"https:\/\/www.assofide.ch\/de\/kundenstimmen\/","og_site_name":"Assofide SA","article_modified_time":"2025-09-23T14:06:06+00:00","og_image":[{"url":"https:\/\/www.assofide.ch\/wp-content\/themes\/cs_onyx\/assets\/img\/example.jpg","type":"","width":"","height":""}],"twitter_card":"summary_large_image","twitter_misc":{"Gesch\u00e4tzte Lesezeit":"1\u00a0Minute"},"schema":{"@context":"https:\/\/schema.org","@graph":[{"@type":"WebPage","@id":"https:\/\/www.assofide.ch\/de\/kundenstimmen\/","url":"https:\/\/www.assofide.ch\/de\/kundenstimmen\/","name":"Unser Leitbild - Assofide SA","isPartOf":{"@id":"https:\/\/www.assofide.ch\/de\/#website"},"primaryImageOfPage":{"@id":"https:\/\/www.assofide.ch\/de\/kundenstimmen\/#primaryimage"},"image":{"@id":"https:\/\/www.assofide.ch\/de\/kundenstimmen\/#primaryimage"},"thumbnailUrl":"https:\/\/www.assofide.ch\/wp-content\/themes\/cs_onyx\/assets\/img\/example.jpg","datePublished":"2025-01-27T09:21:17+00:00","dateModified":"2025-09-23T14:06:06+00:00","breadcrumb":{"@id":"https:\/\/www.assofide.ch\/de\/kundenstimmen\/#breadcrumb"},"inLanguage":"de","potentialAction":[{"@type":"ReadAction","target":["https:\/\/www.assofide.ch\/de\/kundenstimmen\/"]}]},{"@type":"ImageObject","inLanguage":"de","@id":"https:\/\/www.assofide.ch\/de\/kundenstimmen\/#primaryimage","url":"https:\/\/www.assofide.ch\/wp-content\/themes\/cs_onyx\/assets\/img\/example.jpg","contentUrl":"https:\/\/www.assofide.ch\/wp-content\/themes\/cs_onyx\/assets\/img\/example.jpg"},{"@type":"BreadcrumbList","@id":"https:\/\/www.assofide.ch\/de\/kundenstimmen\/#breadcrumb","itemListElement":[{"@type":"ListItem","position":1,"name":"Home","item":"https:\/\/www.assofide.ch\/de\/"},{"@type":"ListItem","position":2,"name":"Unser Leitbild"}]},{"@type":"WebSite","@id":"https:\/\/www.assofide.ch\/de\/#website","url":"https:\/\/www.assofide.ch\/de\/","name":"Assofide SA","description":"","publisher":{"@id":"https:\/\/www.assofide.ch\/de\/#organization"},"potentialAction":[{"@type":"SearchAction","target":{"@type":"EntryPoint","urlTemplate":"https:\/\/www.assofide.ch\/de\/?s={search_term_string}"},"query-input":{"@type":"PropertyValueSpecification","valueRequired":true,"valueName":"search_term_string"}}],"inLanguage":"de"},{"@type":"Organization","@id":"https:\/\/www.assofide.ch\/de\/#organization","name":"Assofide SA","url":"https:\/\/www.assofide.ch\/de\/","logo":{"@type":"ImageObject","inLanguage":"de","@id":"https:\/\/www.assofide.ch\/de\/#\/schema\/logo\/image\/","url":"https:\/\/www.assofide.ch\/wp-content\/uploads\/sites\/5\/2025\/12\/assofide_logo.svg","contentUrl":"https:\/\/www.assofide.ch\/wp-content\/uploads\/sites\/5\/2025\/12\/assofide_logo.svg","width":600,"height":666,"caption":"Assofide SA"},"image":{"@id":"https:\/\/www.assofide.ch\/de\/#\/schema\/logo\/image\/"}}]}},"_links":{"self":[{"href":"https:\/\/www.assofide.ch\/de\/wp-json\/wp\/v2\/pages\/1697","targetHints":{"allow":["GET"]}}],"collection":[{"href":"https:\/\/www.assofide.ch\/de\/wp-json\/wp\/v2\/pages"}],"about":[{"href":"https:\/\/www.assofide.ch\/de\/wp-json\/wp\/v2\/types\/page"}],"author":[{"embeddable":true,"href":"https:\/\/www.assofide.ch\/de\/wp-json\/wp\/v2\/users\/1"}],"replies":[{"embeddable":true,"href":"https:\/\/www.assofide.ch\/de\/wp-json\/wp\/v2\/comments?post=1697"}],"version-history":[{"count":0,"href":"https:\/\/www.assofide.ch\/de\/wp-json\/wp\/v2\/pages\/1697\/revisions"}],"wp:attachment":[{"href":"https:\/\/www.assofide.ch\/de\/wp-json\/wp\/v2\/media?parent=1697"}],"curies":[{"name":"wp","href":"https:\/\/api.w.org\/{rel}","templated":true}]}}