{"id":1696,"date":"2025-01-27T10:21:08","date_gmt":"2025-01-27T09:21:08","guid":{"rendered":"https:\/\/assofide.onyx.casasoft.ch\/?page_id=1696"},"modified":"2026-03-17T08:46:15","modified_gmt":"2026-03-17T07:46:15","slug":"ueber-uns","status":"publish","type":"page","link":"https:\/\/www.assofide.ch\/de\/ueber-uns\/","title":{"rendered":"\u00dcber uns"},"content":{"rendered":"\n<div class=\"wp-block-casasoft-blocks-container  bg-white align-items-lg-center cs-hero\"><div class=\"container\">\n<div class=\"wp-block-columns is-layout-flex wp-container-core-columns-is-layout-28f84493 wp-block-columns-is-layout-flex\">\n<div class=\"wp-block-column is-layout-flow wp-block-column-is-layout-flow\">\n<div class=\"wp-block-casasoft-blocks-card cs-card border-radius icon-normal large bg-white\"><div class=\"cs-card-content\">\n<div class=\"wp-block-casasoft-blocks-heading cs-heading\"><div class=\"cs-supertitle\">\u00dcber uns<\/div><h1 class=\"\">Assofide SA<br>1924 bis heute<\/h1><\/div>\n<\/div><\/div>\n<\/div>\n\n\n\n<div class=\"wp-block-column is-layout-flow wp-block-column-is-layout-flow\">\n<div class=\"wp-block-casasoft-blocks-image border-radius hero-image\"><img decoding=\"async\" src=\"https:\/\/www.assofide.ch\/wp-content\/uploads\/sites\/5\/2025\/10\/MAR_5884.webp\" alt=\"\" class=\"cs-image img-fluid semi-portrait full\"\/><\/div>\n<\/div>\n<\/div>\n<\/div><\/div>\n\n\n\n<div class=\"wp-block-casasoft-blocks-container spacer-top-large spacer-bottom-large bg-primary\"><div class=\"container\">\n<div class=\"wp-block-columns is-layout-flex wp-container-core-columns-is-layout-28f84493 wp-block-columns-is-layout-flex\">\n<div class=\"wp-block-column is-layout-flow wp-block-column-is-layout-flow\">\n<p class=\"wp-block-casasoft-blocks-text text-small\">Zu Beginn des vorigen Jahrhunderts war Locarnos Piazza Grande das pulsierende Zentrum der Region um die Stadt. Just am Rande jenes Platzes er\u00f6ffnete Oreste Borghi 1924 die gleichnamige Immobiliengesellschaft. Oreste Borghi nahm die neuen, von den Touristen erkl\u00e4rten Bed\u00fcrfnisse auf und wurde zum Pionier des modernen Konzepts des Stockwerkeigentums (auf Italienisch \u201eCondominio\u201c). Er war es auch, der das erste Condominio in Minusio anfangs der 60-er Jahre erbaute und ein Reglement dar\u00fcber verfasste, wie das Leben in der Gemeinschaft der eine oder mehrere Wohnungen besitzenden Stockwerkeigent\u00fcmer zu f\u00fchren sei.<br><br>Im Laufe der Jahre wurde die Stadt Locarno ein wichtiges Touristenzentrum und so begann man, mehr und mehr im Grossen zu bauen. Das Stockwerkeigentum und die Neubauten nahmen zu, der Markt bl\u00fchte und Wohnungen wurden \u201eab Plan\u201c verkauft. Es waren die Jahre des Immobilienbooms.<\/p>\n<\/div>\n\n\n\n<div class=\"wp-block-column is-layout-flow wp-block-column-is-layout-flow\">\n<p class=\"wp-block-casasoft-blocks-text text-small\">Als im Jahre 1972 der Begr\u00fcnder Oreste Borghi starb, \u00fcbernahm sein Sohn Silvio die Firmenleitung. Aber die Immobilienkrise war im Anzug, der Gesch\u00e4ftsbereich stagnierte und auch die Immobiliengesellschaft Borghi litt unter der Situation. Nach dem Hinschied von Silvio Borghi 1983 wechselte die Firma mehrmals den Eigent\u00fcmer und den Namen, der schliesslich auf Assofide SA lautete.<br><br>1993 folgte die \u00dcbernahme durch Giancarlo Cotti. Zu jener Zeit bestand die Assofide SA aus Giancarlo Cotti in der Stellung des Direktors, Erica Borghi, welche im Verkauf t\u00e4tig war, und drei weiteren Mitarbeitern. Unter der neuen Gesch\u00e4ftsf\u00fchrung wurde die Assofide SA wiederbelebt und restrukturiert sowie in die Bereiche Geb\u00e4udeverwaltung, Stockwerkeigentumsverwaltung und Verkauf neu eingeteilt, zu denen am Schluss noch der Bereich Technische \u00dcbersetzungen kam. Heute z\u00e4hlt die Assofide SA 40 Mitarbeiter.<\/p>\n<\/div>\n<\/div>\n<\/div><\/div>\n\n\n\n<div class=\"wp-block-casasoft-blocks-container spacer-top-large spacer-bottom-large bg-white  team-pattern\"><div class=\"container\">\n<div class=\"wp-block-casasoft-blocks-heading cs-heading spacer-bottom-small\"><h2 class=\"\">Das F\u00fchrungsteam<\/h2><\/div>\n\n\n        <div class=\"team-posts\">\n                        <div class=\"row\" id=\"teamResults\">\n                                            <div class=\"col-xl-3 col-lg-6 margin-bottom-md\">\n                                <div class=\"team-member\">\n\n    \n    <div class=\"team-member__image-outer margin-bottom-s\">\n                    <div class=\"team-member__image lazyload portrait\" data-bg=\"https:\/\/www.assofide.ch\/wp-content\/uploads\/sites\/5\/2025\/05\/Giancarlo-Cotti-683x1024.jpg\"><\/div>\n            <\/div>                        \n    <div class=\"team-member__inner\">\n        <h3>\n            Giancarlo Cotti        <\/h3>\n                    <div class=\"team-member__position color-silver margin-bottom-sm\">\n                <p>Beauftragter des Verwaltungsrats<\/p>\n            <\/div>\n                <div class=\"team-member__links d-flex flex-column gap-6 margin-bottom-s\">\n                                <\/div>  \n                  \n    <\/div>\n\n    <\/div>                            <\/div>\n                                                    <div class=\"col-xl-3 col-lg-6 margin-bottom-md\">\n                                <div class=\"team-member\">\n\n    \n    <div class=\"team-member__image-outer margin-bottom-s\">\n                    <div class=\"team-member__image lazyload portrait\" data-bg=\"https:\/\/www.assofide.ch\/wp-content\/uploads\/sites\/5\/2025\/05\/Loredana-Cotti-Marti-683x1024.jpg\"><\/div>\n            <\/div>                        \n    <div class=\"team-member__inner\">\n        <h3>\n            Loredana Cotti Marti        <\/h3>\n                    <div class=\"team-member__position color-silver margin-bottom-sm\">\n                <p>Mitglied des Verwaltungsrats<br \/>\nStellvertretende Direktorin<\/p>\n            <\/div>\n                <div class=\"team-member__links d-flex flex-column gap-6 margin-bottom-s\">\n                                <\/div>  \n                  \n    <\/div>\n\n    <\/div>                            <\/div>\n                                                    <div class=\"col-xl-3 col-lg-6 margin-bottom-md\">\n                                <div class=\"team-member\">\n\n    \n    <div class=\"team-member__image-outer margin-bottom-s\">\n                    <div class=\"team-member__image lazyload portrait\" data-bg=\"https:\/\/www.assofide.ch\/wp-content\/uploads\/sites\/5\/2025\/05\/Cornelia-Giamp\u2026-683x1024.jpg\"><\/div>\n            <\/div>                        \n    <div class=\"team-member__inner\">\n        <h3>\n            Cornelia Giamp\u00e0        <\/h3>\n                    <div class=\"team-member__position color-silver margin-bottom-sm\">\n                <p>Mitglied des Verwaltungsrats<br \/>\nStellvertretende Direktorin<br \/>\nAssistentin der Gesch\u00e4ftsleitung<\/p>\n            <\/div>\n                <div class=\"team-member__links d-flex flex-column gap-6 margin-bottom-s\">\n                                <\/div>  \n                  \n    <\/div>\n\n    <\/div>                            <\/div>\n                                                    <div class=\"col-xl-3 col-lg-6 margin-bottom-md\">\n                                <div class=\"team-member\">\n\n    \n    <div class=\"team-member__image-outer margin-bottom-s\">\n                    <div class=\"team-member__image lazyload portrait\" data-bg=\"https:\/\/www.assofide.ch\/wp-content\/uploads\/sites\/5\/2025\/05\/Simone-Nolli-1024x682.jpg\"><\/div>\n            <\/div>                        \n    <div class=\"team-member__inner\">\n        <h3>\n            Simone Nolli        <\/h3>\n                    <div class=\"team-member__position color-silver margin-bottom-sm\">\n                <p>Direktor<br \/>\nTreuh\u00e4nder Wirtschaftspr\u00fcfer<br \/>\nSpezialist f\u00fcr Finanzen und Rechnungswesen<\/p>\n            <\/div>\n                <div class=\"team-member__links d-flex flex-column gap-6 margin-bottom-s\">\n                                <\/div>  \n                  \n    <\/div>\n\n    <\/div>                            <\/div>\n                                                    <div class=\"col-xl-3 col-lg-6 margin-bottom-md\">\n                                <div class=\"team-member\">\n\n    \n    <div class=\"team-member__image-outer margin-bottom-s\">\n                    <div class=\"team-member__image lazyload portrait\" data-bg=\"https:\/\/www.assofide.ch\/wp-content\/uploads\/sites\/5\/2025\/05\/Fabiano-Mancini-683x1024.jpg\"><\/div>\n            <\/div>                        \n    <div class=\"team-member__inner\">\n        <h3>\n            Fabiano Mancini        <\/h3>\n                    <div class=\"team-member__position color-silver margin-bottom-sm\">\n                <p>Direktor<br \/>\nMitglied des Verwaltungsrats<br \/>\nImmobilienverwalter<br \/>\nVerantwortlicher f\u00fcr die Verwaltung von Wohnungseigentum<\/p>\n            <\/div>\n                <div class=\"team-member__links d-flex flex-column gap-6 margin-bottom-s\">\n                                <\/div>  \n                  \n    <\/div>\n\n    <\/div>                            <\/div>\n                                                    <div class=\"col-xl-3 col-lg-6 margin-bottom-md\">\n                                <div class=\"team-member\">\n\n    \n    <div class=\"team-member__image-outer margin-bottom-s\">\n                    <div class=\"team-member__image lazyload portrait\" data-bg=\"https:\/\/www.assofide.ch\/wp-content\/uploads\/sites\/5\/2025\/05\/Cornelia-Raineri_opt_opt.webp\"><\/div>\n            <\/div>                        \n    <div class=\"team-member__inner\">\n        <h3>\n            Cornelia Raineri        <\/h3>\n                    <div class=\"team-member__position color-silver margin-bottom-sm\">\n                <p>Stellvertretende Direktorin<br \/>\nImmobilienverwalterin<br \/>\nLeiterin der Geb\u00e4udeverwaltung<\/p>\n            <\/div>\n                <div class=\"team-member__links d-flex flex-column gap-6 margin-bottom-s\">\n                                <\/div>  \n                  \n    <\/div>\n\n    <\/div>                            <\/div>\n                                                    <div class=\"col-xl-3 col-lg-6 margin-bottom-md\">\n                                <div class=\"team-member\">\n\n    \n    <div class=\"team-member__image-outer margin-bottom-s\">\n                    <div class=\"team-member__image lazyload portrait\" data-bg=\"https:\/\/www.assofide.ch\/wp-content\/uploads\/sites\/5\/2025\/05\/Claudia-Bollati.jpg\"><\/div>\n            <\/div>                        \n    <div class=\"team-member__inner\">\n        <h3>\n            Claudia Bollati        <\/h3>\n                    <div class=\"team-member__position color-silver margin-bottom-sm\">\n                <p>Prokuristin<br \/>\nEmpfangsleiterin<br \/>\nBeratung Vermietung<\/p>\n            <\/div>\n                <div class=\"team-member__links d-flex flex-column gap-6 margin-bottom-s\">\n                                <\/div>  \n                  \n    <\/div>\n\n    <\/div>                            <\/div>\n                                                    <div class=\"col-xl-3 col-lg-6 margin-bottom-md\">\n                                <div class=\"team-member\">\n\n    \n    <div class=\"team-member__image-outer margin-bottom-s\">\n                    <div class=\"team-member__image lazyload portrait\" data-bg=\"https:\/\/www.assofide.ch\/wp-content\/uploads\/sites\/5\/2025\/05\/Michel-Menotti-682x1024.jpg\"><\/div>\n            <\/div>                        \n    <div class=\"team-member__inner\">\n        <h3>\n            Michel Menotti        <\/h3>\n                    <div class=\"team-member__position color-silver margin-bottom-sm\">\n                <p>Stellvertretender Direktor<br \/>\nImmobilienvermittlung<\/p>\n            <\/div>\n                <div class=\"team-member__links d-flex flex-column gap-6 margin-bottom-s\">\n                                <\/div>  \n                  \n    <\/div>\n\n    <\/div>                            <\/div>\n                                                    <div class=\"col-xl-3 col-lg-6 margin-bottom-md\">\n                                <div class=\"team-member\">\n\n    \n    <div class=\"team-member__image-outer margin-bottom-s\">\n                    <div class=\"team-member__image lazyload portrait\" data-bg=\"https:\/\/www.assofide.ch\/wp-content\/uploads\/sites\/5\/2025\/05\/Markus-Gellert-844x1024.jpg\"><\/div>\n            <\/div>                        \n    <div class=\"team-member__inner\">\n        <h3>\n            Markus Ralf Gellert        <\/h3>\n                    <div class=\"team-member__position color-silver margin-bottom-sm\">\n                <p>Immobilienvermittlung<\/p>\n            <\/div>\n                <div class=\"team-member__links d-flex flex-column gap-6 margin-bottom-s\">\n                                <\/div>  \n                  \n    <\/div>\n\n    <\/div>                            <\/div>\n                                    <\/div>\n            <div id=\"spinnerResults\" class=\"spinner-outer d-none\">\n                <svg class=\"spinner\" viewBox=\"0 0 50 50\">\n                    <circle class=\"path\" cx=\"25\" cy=\"25\" r=\"20\" fill=\"none\" stroke-width=\"5\"><\/circle>\n                <\/svg>\n            <\/div>\n        <\/div>\n        <script>\n        var posts_team = {\"post_type\":\"team\",\"ignore_sticky_posts\":true,\"post_status\":\"publish\",\"posts_per_page\":\"-1\",\"order\":\"asc\",\"orderby\":\"menu_order\"},\n            posts_category = '',\n            current_lang = 'de',\n            team_columns = 4;\n    <\/script>\n    <\/div><\/div>\n\n\n\n<div class=\"wp-block-casasoft-blocks-container  spacer-bottom-large bg-white align-items-lg-center\"><div class=\"container\">\n<div class=\"wp-block-casasoft-blocks-video\"><video class=\"cs-video landscape\" src=\"https:\/\/www.assofide.ch\/wp-content\/uploads\/sites\/5\/2025\/05\/2020.11.23-video-corr.-Immobiliare-Assofide.mp4\" poster=\"https:\/\/www.assofide.ch\/wp-content\/themes\/cs_onyx\/assets\/img\/example.jpg\" controls><img decoding=\"async\" src=\"https:\/\/www.assofide.ch\/wp-content\/themes\/cs_onyx\/assets\/img\/example.jpg\" alt=\"Fallback Image\"\/><\/video><\/div>\n<\/div><\/div>\n","protected":false},"excerpt":{"rendered":"","protected":false},"author":1,"featured_media":0,"parent":0,"menu_order":0,"comment_status":"closed","ping_status":"closed","template":"","meta":{"_acf_changed":false,"inline_featured_image":false,"footnotes":""},"class_list":["post-1696","page","type-page","status-publish","hentry"],"acf":[],"yoast_head":"<!-- This site is optimized with the Yoast SEO plugin v27.5 - https:\/\/yoast.com\/product\/yoast-seo-wordpress\/ -->\n<title>\u00dcber uns - Assofide SA<\/title>\n<meta name=\"robots\" content=\"index, follow, max-snippet:-1, max-image-preview:large, max-video-preview:-1\" \/>\n<link rel=\"canonical\" href=\"https:\/\/www.assofide.ch\/de\/ueber-uns\/\" \/>\n<meta property=\"og:locale\" content=\"de_DE\" \/>\n<meta property=\"og:type\" content=\"article\" \/>\n<meta property=\"og:title\" content=\"\u00dcber uns - Assofide SA\" \/>\n<meta property=\"og:url\" content=\"https:\/\/www.assofide.ch\/de\/ueber-uns\/\" \/>\n<meta property=\"og:site_name\" content=\"Assofide SA\" \/>\n<meta property=\"article:modified_time\" content=\"2026-03-17T07:46:15+00:00\" \/>\n<meta property=\"og:image\" content=\"https:\/\/www.assofide.ch\/wp-content\/uploads\/sites\/5\/2025\/10\/MAR_5884.webp\" \/>\n<meta name=\"twitter:card\" content=\"summary_large_image\" \/>\n<meta name=\"twitter:label1\" content=\"Gesch\u00e4tzte Lesezeit\" \/>\n\t<meta name=\"twitter:data1\" content=\"2\u00a0Minuten\" \/>\n<script type=\"application\/ld+json\" class=\"yoast-schema-graph\">{\"@context\":\"https:\\\/\\\/schema.org\",\"@graph\":[{\"@type\":\"WebPage\",\"@id\":\"https:\\\/\\\/www.assofide.ch\\\/de\\\/ueber-uns\\\/\",\"url\":\"https:\\\/\\\/www.assofide.ch\\\/de\\\/ueber-uns\\\/\",\"name\":\"\u00dcber uns - Assofide SA\",\"isPartOf\":{\"@id\":\"https:\\\/\\\/www.assofide.ch\\\/de\\\/#website\"},\"primaryImageOfPage\":{\"@id\":\"https:\\\/\\\/www.assofide.ch\\\/de\\\/ueber-uns\\\/#primaryimage\"},\"image\":{\"@id\":\"https:\\\/\\\/www.assofide.ch\\\/de\\\/ueber-uns\\\/#primaryimage\"},\"thumbnailUrl\":\"https:\\\/\\\/www.assofide.ch\\\/wp-content\\\/uploads\\\/sites\\\/5\\\/2025\\\/10\\\/MAR_5884.webp\",\"datePublished\":\"2025-01-27T09:21:08+00:00\",\"dateModified\":\"2026-03-17T07:46:15+00:00\",\"breadcrumb\":{\"@id\":\"https:\\\/\\\/www.assofide.ch\\\/de\\\/ueber-uns\\\/#breadcrumb\"},\"inLanguage\":\"de\",\"potentialAction\":[{\"@type\":\"ReadAction\",\"target\":[\"https:\\\/\\\/www.assofide.ch\\\/de\\\/ueber-uns\\\/\"]}]},{\"@type\":\"ImageObject\",\"inLanguage\":\"de\",\"@id\":\"https:\\\/\\\/www.assofide.ch\\\/de\\\/ueber-uns\\\/#primaryimage\",\"url\":\"https:\\\/\\\/www.assofide.ch\\\/wp-content\\\/uploads\\\/sites\\\/5\\\/2025\\\/10\\\/MAR_5884.webp\",\"contentUrl\":\"https:\\\/\\\/www.assofide.ch\\\/wp-content\\\/uploads\\\/sites\\\/5\\\/2025\\\/10\\\/MAR_5884.webp\"},{\"@type\":\"BreadcrumbList\",\"@id\":\"https:\\\/\\\/www.assofide.ch\\\/de\\\/ueber-uns\\\/#breadcrumb\",\"itemListElement\":[{\"@type\":\"ListItem\",\"position\":1,\"name\":\"Home\",\"item\":\"https:\\\/\\\/www.assofide.ch\\\/de\\\/\"},{\"@type\":\"ListItem\",\"position\":2,\"name\":\"\u00dcber uns\"}]},{\"@type\":\"WebSite\",\"@id\":\"https:\\\/\\\/www.assofide.ch\\\/de\\\/#website\",\"url\":\"https:\\\/\\\/www.assofide.ch\\\/de\\\/\",\"name\":\"Assofide SA\",\"description\":\"\",\"publisher\":{\"@id\":\"https:\\\/\\\/www.assofide.ch\\\/de\\\/#organization\"},\"potentialAction\":[{\"@type\":\"SearchAction\",\"target\":{\"@type\":\"EntryPoint\",\"urlTemplate\":\"https:\\\/\\\/www.assofide.ch\\\/de\\\/?s={search_term_string}\"},\"query-input\":{\"@type\":\"PropertyValueSpecification\",\"valueRequired\":true,\"valueName\":\"search_term_string\"}}],\"inLanguage\":\"de\"},{\"@type\":\"Organization\",\"@id\":\"https:\\\/\\\/www.assofide.ch\\\/de\\\/#organization\",\"name\":\"Assofide SA\",\"url\":\"https:\\\/\\\/www.assofide.ch\\\/de\\\/\",\"logo\":{\"@type\":\"ImageObject\",\"inLanguage\":\"de\",\"@id\":\"https:\\\/\\\/www.assofide.ch\\\/de\\\/#\\\/schema\\\/logo\\\/image\\\/\",\"url\":\"https:\\\/\\\/www.assofide.ch\\\/wp-content\\\/uploads\\\/sites\\\/5\\\/2025\\\/12\\\/assofide_logo.svg\",\"contentUrl\":\"https:\\\/\\\/www.assofide.ch\\\/wp-content\\\/uploads\\\/sites\\\/5\\\/2025\\\/12\\\/assofide_logo.svg\",\"width\":600,\"height\":666,\"caption\":\"Assofide SA\"},\"image\":{\"@id\":\"https:\\\/\\\/www.assofide.ch\\\/de\\\/#\\\/schema\\\/logo\\\/image\\\/\"}}]}<\/script>\n<!-- \/ Yoast SEO plugin. -->","yoast_head_json":{"title":"\u00dcber uns - Assofide SA","robots":{"index":"index","follow":"follow","max-snippet":"max-snippet:-1","max-image-preview":"max-image-preview:large","max-video-preview":"max-video-preview:-1"},"canonical":"https:\/\/www.assofide.ch\/de\/ueber-uns\/","og_locale":"de_DE","og_type":"article","og_title":"\u00dcber uns - Assofide SA","og_url":"https:\/\/www.assofide.ch\/de\/ueber-uns\/","og_site_name":"Assofide SA","article_modified_time":"2026-03-17T07:46:15+00:00","og_image":[{"url":"https:\/\/www.assofide.ch\/wp-content\/uploads\/sites\/5\/2025\/10\/MAR_5884.webp","type":"","width":"","height":""}],"twitter_card":"summary_large_image","twitter_misc":{"Gesch\u00e4tzte Lesezeit":"2\u00a0Minuten"},"schema":{"@context":"https:\/\/schema.org","@graph":[{"@type":"WebPage","@id":"https:\/\/www.assofide.ch\/de\/ueber-uns\/","url":"https:\/\/www.assofide.ch\/de\/ueber-uns\/","name":"\u00dcber uns - Assofide SA","isPartOf":{"@id":"https:\/\/www.assofide.ch\/de\/#website"},"primaryImageOfPage":{"@id":"https:\/\/www.assofide.ch\/de\/ueber-uns\/#primaryimage"},"image":{"@id":"https:\/\/www.assofide.ch\/de\/ueber-uns\/#primaryimage"},"thumbnailUrl":"https:\/\/www.assofide.ch\/wp-content\/uploads\/sites\/5\/2025\/10\/MAR_5884.webp","datePublished":"2025-01-27T09:21:08+00:00","dateModified":"2026-03-17T07:46:15+00:00","breadcrumb":{"@id":"https:\/\/www.assofide.ch\/de\/ueber-uns\/#breadcrumb"},"inLanguage":"de","potentialAction":[{"@type":"ReadAction","target":["https:\/\/www.assofide.ch\/de\/ueber-uns\/"]}]},{"@type":"ImageObject","inLanguage":"de","@id":"https:\/\/www.assofide.ch\/de\/ueber-uns\/#primaryimage","url":"https:\/\/www.assofide.ch\/wp-content\/uploads\/sites\/5\/2025\/10\/MAR_5884.webp","contentUrl":"https:\/\/www.assofide.ch\/wp-content\/uploads\/sites\/5\/2025\/10\/MAR_5884.webp"},{"@type":"BreadcrumbList","@id":"https:\/\/www.assofide.ch\/de\/ueber-uns\/#breadcrumb","itemListElement":[{"@type":"ListItem","position":1,"name":"Home","item":"https:\/\/www.assofide.ch\/de\/"},{"@type":"ListItem","position":2,"name":"\u00dcber uns"}]},{"@type":"WebSite","@id":"https:\/\/www.assofide.ch\/de\/#website","url":"https:\/\/www.assofide.ch\/de\/","name":"Assofide SA","description":"","publisher":{"@id":"https:\/\/www.assofide.ch\/de\/#organization"},"potentialAction":[{"@type":"SearchAction","target":{"@type":"EntryPoint","urlTemplate":"https:\/\/www.assofide.ch\/de\/?s={search_term_string}"},"query-input":{"@type":"PropertyValueSpecification","valueRequired":true,"valueName":"search_term_string"}}],"inLanguage":"de"},{"@type":"Organization","@id":"https:\/\/www.assofide.ch\/de\/#organization","name":"Assofide SA","url":"https:\/\/www.assofide.ch\/de\/","logo":{"@type":"ImageObject","inLanguage":"de","@id":"https:\/\/www.assofide.ch\/de\/#\/schema\/logo\/image\/","url":"https:\/\/www.assofide.ch\/wp-content\/uploads\/sites\/5\/2025\/12\/assofide_logo.svg","contentUrl":"https:\/\/www.assofide.ch\/wp-content\/uploads\/sites\/5\/2025\/12\/assofide_logo.svg","width":600,"height":666,"caption":"Assofide SA"},"image":{"@id":"https:\/\/www.assofide.ch\/de\/#\/schema\/logo\/image\/"}}]}},"_links":{"self":[{"href":"https:\/\/www.assofide.ch\/de\/wp-json\/wp\/v2\/pages\/1696","targetHints":{"allow":["GET"]}}],"collection":[{"href":"https:\/\/www.assofide.ch\/de\/wp-json\/wp\/v2\/pages"}],"about":[{"href":"https:\/\/www.assofide.ch\/de\/wp-json\/wp\/v2\/types\/page"}],"author":[{"embeddable":true,"href":"https:\/\/www.assofide.ch\/de\/wp-json\/wp\/v2\/users\/1"}],"replies":[{"embeddable":true,"href":"https:\/\/www.assofide.ch\/de\/wp-json\/wp\/v2\/comments?post=1696"}],"version-history":[{"count":0,"href":"https:\/\/www.assofide.ch\/de\/wp-json\/wp\/v2\/pages\/1696\/revisions"}],"wp:attachment":[{"href":"https:\/\/www.assofide.ch\/de\/wp-json\/wp\/v2\/media?parent=1696"}],"curies":[{"name":"wp","href":"https:\/\/api.w.org\/{rel}","templated":true}]}}